{"id":4554,"date":"2026-01-12T13:39:25","date_gmt":"2026-01-12T05:39:25","guid":{"rendered":"https:\/\/minghanggroup.com\/?post_type=product&#038;p=4554"},"modified":"2026-01-12T16:44:53","modified_gmt":"2026-01-12T08:44:53","slug":"cylindrical-matte-cologne-black-bottles-bulk","status":"publish","type":"product","link":"https:\/\/minghanggroup.com\/es\/producto\/cylindrical-matte-cologne-black-bottles-bulk\/","title":{"rendered":"Botellas cil\u00edndricas de colonia negra mate de 30 ml, 50 ml y 100 ml a granel"},"content":{"rendered":"<p>Es una botella de colonia negra mate que tiene un cuerpo cil\u00edndrico liso (con una tapa cuadrada a juego), que forma una forma ic\u00f3nica pero moderna y elegante.<\/p>\n<h2>Caracter\u00edsticas del producto<\/h2>\n<ul>\n<li><strong>Acabado negro mate completo:<\/strong> Tanto la botella como el tap\u00f3n est\u00e1n tratados con el mismo acabado negro mate, dando como resultado un aspecto uniforme, elegante y contempor\u00e1neo.<\/li>\n<li><strong>Cil\u00edndrico liso:<\/strong> El dise\u00f1o cil\u00edndrico cl\u00e1sico es suave, robusto y duradero y es la mejor representaci\u00f3n de la imagen minimalista de la marca.<\/li>\n<li><strong>Varios tama\u00f1os:<\/strong> Viene en tama\u00f1os de 30 ml, 50 ml y 100 ml, que brindan a cualquier marca una l\u00ednea de productos que se puede escalar y armonizar.<\/li>\n<\/ul>\n<h2 style=\"text-align: left;\">Especificaciones clave<\/h2>\n<table class=\"aligncenter\" style=\"border-collapse: collapse; width: 475.52pt;\" border=\"0\" width=\"634\" cellspacing=\"0\" cellpadding=\"0\">\n<tbody>\n<tr style=\"height: 13.50pt;\">\n<td style=\"height: 13.50pt; width: 119.25pt;\" width=\"159\" height=\"18\">Especificaci\u00f3n<\/td>\n<td style=\"width: 356.25pt;\" width=\"475\">Detalles<\/td>\n<\/tr>\n<tr style=\"height: 13.50pt;\">\n<td style=\"height: 13.50pt;\" height=\"18\">Capacidad<\/td>\n<td>30 ml \/ 50 ml \/ 100 ml<\/td>\n<\/tr>\n<tr style=\"height: 13.50pt;\">\n<td style=\"height: 13.50pt;\" height=\"18\">Dimensiones<\/td>\n<td>45\u00d756 mm \/ 50\u00d772 mm \/ 58\u00d784 mm<\/td>\n<\/tr>\n<tr style=\"height: 13.50pt;\">\n<td style=\"height: 13.50pt;\" height=\"18\">Material<\/td>\n<td>Vidrio con revestimiento negro mate<\/td>\n<\/tr>\n<tr style=\"height: 13.50pt;\">\n<td style=\"height: 13.50pt;\" height=\"18\">Forma de la botella<\/td>\n<td>Cilindro<\/td>\n<\/tr>\n<tr style=\"height: 13.50pt;\">\n<td style=\"height: 13.50pt;\" height=\"18\">Alcance de personalizaci\u00f3n<\/td>\n<td>Forma de la botella, tama\u00f1o, textura del acabado, grabado l\u00e1ser<\/td>\n<\/tr>\n<tr style=\"height: 13.50pt;\">\n<td style=\"height: 13.50pt;\" height=\"18\">Artesan\u00eda<\/td>\n<td>Conformado de vidrio con cilindros de precisi\u00f3n, aplicaci\u00f3n de revestimiento mate<\/td>\n<\/tr>\n<tr style=\"height: 13.50pt;\">\n<td style=\"height: 13.50pt;\" height=\"18\">Prop\u00f3sito del producto<\/td>\n<td>Frascos de colonia negros, frascos de perfume de lujo<\/td>\n<\/tr>\n<tr style=\"height: 13.50pt;\">\n<td style=\"height: 13.50pt;\" height=\"18\">Industrias adecuadas<\/td>\n<td>Perfumer\u00eda contempor\u00e1nea, cuidado personal de alta gama<\/td>\n<\/tr>\n<\/tbody>\n<\/table>\n<h2>La historia de \u00e9xito: una startup tecnol\u00f3gica escandinava lanza un producto de fragancia<\/h2>\n<p>Una startup tecnol\u00f3gica escandinava eligi\u00f3 nuestro perfume masculino en frasco negro de 100 ml como su producto estrella y le aplic\u00f3 un acabado ultramate. Este dise\u00f1o \u00fanico es el m\u00e1s adecuado para la filosof\u00eda de la marca, basada en la tecnolog\u00eda invisible, lo que ha impulsado un crecimiento del 400 % en las reservas. Su calidad y su elevado coste (un 60 % superior al coste de producci\u00f3n) justifican su gran impacto. La startup qued\u00f3 encantada con la aceptaci\u00f3n del producto en el mercado y su \u00e9xito operativo, por lo que encarg\u00f3 otras 500\u00a0000 botellas para lanzar su servicio de suscripci\u00f3n internacional.<\/p>\n<h2>Opci\u00f3n de personalizaci\u00f3n de botellas negras de colonia<\/h2>\n<ul>\n<li>Variaci\u00f3n de textura de la superficie: proporciona varias texturas (tacto suave, arenado, aterciopelado) en la superficie para brindar un toque \u00fanico.<\/li>\n<li>Grabado de detalles microsc\u00f3picos: grabe patrones, n\u00fameros de serie o listas de ingredientes, etc., de modo que solo sean visibles en \u00e1ngulos particulares.<\/li>\n<li>Detalles de tapa personalizados Haga que la tapa cil\u00edndrica tenga ranuras sutiles, bordes moleteados o varias texturas.<\/li>\n<li>Base ponderada: un disco de metal en la base le dar\u00e1 una sensaci\u00f3n m\u00e1s estable y una sensaci\u00f3n s\u00f3lida y de mayor calidad.<\/li>\n<\/ul>","protected":false},"excerpt":{"rendered":"<p>Descubra la moderna colonia en frasco negro con tap\u00f3n a juego. Ideal para aromas exclusivos, esta colonia negra para hombre es sofisticada. Solicite una muestra gratuita.<\/p>","protected":false},"featured_media":4561,"template":"","meta":{"postBodyCss":"","postBodyMargin":[],"postBodyPadding":[],"postBodyBackground":{"backgroundType":"classic","gradient":""}},"product_brand":[],"product_cat":[15,16,62],"product_tag":[],"class_list":{"0":"post-4554","1":"product","2":"type-product","3":"status-publish","4":"has-post-thumbnail","6":"product_cat-glass-containers","7":"product_cat-glass-bottles","8":"product_cat-perfume-bottles","10":"first","11":"instock","12":"shipping-taxable","13":"product-type-simple"},"jetpack_sharing_enabled":true,"_links":{"self":[{"href":"https:\/\/minghanggroup.com\/es\/wp-json\/wp\/v2\/product\/4554","targetHints":{"allow":["GET"]}}],"collection":[{"href":"https:\/\/minghanggroup.com\/es\/wp-json\/wp\/v2\/product"}],"about":[{"href":"https:\/\/minghanggroup.com\/es\/wp-json\/wp\/v2\/types\/product"}],"wp:featuredmedia":[{"embeddable":true,"href":"https:\/\/minghanggroup.com\/es\/wp-json\/wp\/v2\/media\/4561"}],"wp:attachment":[{"href":"https:\/\/minghanggroup.com\/es\/wp-json\/wp\/v2\/media?parent=4554"}],"wp:term":[{"taxonomy":"product_brand","embeddable":true,"href":"https:\/\/minghanggroup.com\/es\/wp-json\/wp\/v2\/product_brand?post=4554"},{"taxonomy":"product_cat","embeddable":true,"href":"https:\/\/minghanggroup.com\/es\/wp-json\/wp\/v2\/product_cat?post=4554"},{"taxonomy":"product_tag","embeddable":true,"href":"https:\/\/minghanggroup.com\/es\/wp-json\/wp\/v2\/product_tag?post=4554"}],"curies":[{"name":"wp","href":"https:\/\/api.w.org\/{rel}","templated":true}]}}