{"id":4545,"date":"2026-01-12T11:49:44","date_gmt":"2026-01-12T03:49:44","guid":{"rendered":"https:\/\/minghanggroup.com\/?post_type=product&#038;p=4545"},"modified":"2026-01-12T13:34:30","modified_gmt":"2026-01-12T05:34:30","slug":"square-perfume-black-bottles-for-men-wholesale","status":"publish","type":"product","link":"https:\/\/minghanggroup.com\/es\/producto\/square-perfume-black-bottles-for-men-wholesale\/","title":{"rendered":"Perfume cuadrado negro de 50 ml para hombre al por mayor"},"content":{"rendered":"<p>Es un cl\u00e1sico frasco de perfume negro para hombre. El frasco cuadrado y negro cuenta con un tap\u00f3n esf\u00e9rico negro brillante y est\u00e1 decorado con un elegante anillo dorado que le da la apariencia de una persona de alta gama.<\/p>\n<h2>Caracter\u00edsticas del producto<\/h2>\n<ul>\n<li><strong>Botella cuadrada negra:<\/strong> La botella cuadrada negra mate rebosa de sofisticaci\u00f3n discreta. Su forma cuadrada transmite tranquilidad y facilita su almacenamiento.<\/li>\n<li><strong>Tapa esf\u00e9rica negra brillante:<\/strong> La tapa esf\u00e9rica negra brillante contrasta marcadamente con la botella mate y su textura redondeada hace que el agarre sea m\u00e1s c\u00f3modo y atractivo a la vista.<\/li>\n<li><strong>Anillo decorativo de oro:<\/strong> El anillo decorativo dorado ubicado debajo de la tapa le da un toque de lujo que respalda una apariencia sofisticada y de alta gama.<\/li>\n<\/ul>\n<h2 style=\"text-align: left;\">Especificaciones clave<\/h2>\n<table class=\"aligncenter\" style=\"border-collapse: collapse; width: 433.52pt;\" border=\"0\" width=\"578\" cellspacing=\"0\" cellpadding=\"0\">\n<tbody>\n<tr style=\"height: 13.50pt;\">\n<td style=\"height: 13.50pt; width: 119.25pt;\" width=\"159\" height=\"18\">Especificaci\u00f3n<\/td>\n<td style=\"width: 314.25pt;\" width=\"419\">Detalles<\/td>\n<\/tr>\n<tr style=\"height: 13.50pt;\">\n<td style=\"height: 13.50pt;\" height=\"18\">Capacidad<\/td>\n<td>50 ml<\/td>\n<\/tr>\n<tr style=\"height: 13.50pt;\">\n<td style=\"height: 13.50pt;\" height=\"18\">Dimensiones<\/td>\n<td>75\u00d733\u00d757 mm<\/td>\n<\/tr>\n<tr style=\"height: 13.50pt;\">\n<td style=\"height: 13.50pt;\" height=\"18\">Material<\/td>\n<td>Vidrio con revestimiento mate, tapa brillante y detalles met\u00e1licos.<\/td>\n<\/tr>\n<tr style=\"height: 13.50pt;\">\n<td style=\"height: 13.50pt;\" height=\"18\">Forma de la botella<\/td>\n<td>Cuadrado<\/td>\n<\/tr>\n<tr style=\"height: 13.50pt;\">\n<td style=\"height: 13.50pt;\" height=\"18\">Alcance de personalizaci\u00f3n<\/td>\n<td>Forma, tama\u00f1o, acabado y color de la botella<\/td>\n<\/tr>\n<tr style=\"height: 13.50pt;\">\n<td style=\"height: 13.50pt;\" height=\"18\">Artesan\u00eda<\/td>\n<td>Aplicaci\u00f3n de m\u00faltiples acabados, integraci\u00f3n de acentos met\u00e1licos<\/td>\n<\/tr>\n<tr style=\"height: 13.50pt;\">\n<td style=\"height: 13.50pt;\" height=\"18\">Prop\u00f3sito del producto<\/td>\n<td>Frascos de perfume negros para hombre, Frascos de perfume negros<\/td>\n<\/tr>\n<tr style=\"height: 13.50pt;\">\n<td style=\"height: 13.50pt;\" height=\"18\">Industrias adecuadas<\/td>\n<td>Perfumer\u00eda de dise\u00f1o y de nicho, art\u00edculos de lujo<\/td>\n<\/tr>\n<\/tbody>\n<\/table>\n<h2>Caso de \u00e9xito: El lanzamiento de una fragancia ic\u00f3nica de una casa de moda de Mil\u00e1n<\/h2>\n<p>Una de las casas de moda m\u00e1s emblem\u00e1ticas de Mil\u00e1n eligi\u00f3 nuestro frasco de perfume negro de 50 ml, con grabado l\u00e1ser del logotipo de la marca sobre una superficie de vidrio negro mate y un anillo decorativo especial ba\u00f1ado en oro. La preferencia por este lujoso dise\u00f1o retro entre los consumidores masculinos aument\u00f3 un 48 % y mejor\u00f3 su presentaci\u00f3n en los estantes de las tiendas en comparaci\u00f3n con los frascos de fragancias tradicionales para hombre, lo que increment\u00f3 las ventas en un 62 %. La mejora y la acogida del mercado fueron muy satisfactorias para la marca, que encarg\u00f3 la distribuci\u00f3n global de 500\u00a0000 frascos adicionales.<\/p>\n<h2>Personalizaci\u00f3n de Botellas Negras de Perfume<\/h2>\n<ul>\n<li>Tonos de acabado mate personalizados: la botella cuadrada viene en otros colores mate, incluido el negro carb\u00f3n, el azul marino o el verde oscuro.<\/li>\n<li>Combinaci\u00f3n de colores de tapas y accesorios: Se pueden ofrecer tapas y anillos de metal combinados en colores como bronce, plata y oro rosa.<\/li>\n<li>Grabado l\u00e1ser de superficie mate: Los paneles de superficie mate est\u00e1n grabados con dise\u00f1os geom\u00e9tricos, nombres de marcas o nombres de perfumes.<\/li>\n<li>Tapa esf\u00e9rica personalizada: la forma de la tapa esf\u00e9rica se modifica un poco (m\u00e1s ovalada, m\u00e1s plana) para darle m\u00e1s singularidad.<\/li>\n<\/ul>","protected":false},"excerpt":{"rendered":"<p>Frasco de perfume negro de lujo para hombre, con cristal cuadrado mate y tap\u00f3n esf\u00e9rico brillante. Disponible con marca y dise\u00f1o OEM.<\/p>","protected":false},"featured_media":4550,"template":"","meta":{"postBodyCss":"","postBodyMargin":[],"postBodyPadding":[],"postBodyBackground":{"backgroundType":"classic","gradient":""}},"product_brand":[],"product_cat":[15,16,62],"product_tag":[],"class_list":{"0":"post-4545","1":"product","2":"type-product","3":"status-publish","4":"has-post-thumbnail","6":"product_cat-glass-containers","7":"product_cat-glass-bottles","8":"product_cat-perfume-bottles","10":"first","11":"instock","12":"shipping-taxable","13":"product-type-simple"},"jetpack_sharing_enabled":true,"_links":{"self":[{"href":"https:\/\/minghanggroup.com\/es\/wp-json\/wp\/v2\/product\/4545","targetHints":{"allow":["GET"]}}],"collection":[{"href":"https:\/\/minghanggroup.com\/es\/wp-json\/wp\/v2\/product"}],"about":[{"href":"https:\/\/minghanggroup.com\/es\/wp-json\/wp\/v2\/types\/product"}],"wp:featuredmedia":[{"embeddable":true,"href":"https:\/\/minghanggroup.com\/es\/wp-json\/wp\/v2\/media\/4550"}],"wp:attachment":[{"href":"https:\/\/minghanggroup.com\/es\/wp-json\/wp\/v2\/media?parent=4545"}],"wp:term":[{"taxonomy":"product_brand","embeddable":true,"href":"https:\/\/minghanggroup.com\/es\/wp-json\/wp\/v2\/product_brand?post=4545"},{"taxonomy":"product_cat","embeddable":true,"href":"https:\/\/minghanggroup.com\/es\/wp-json\/wp\/v2\/product_cat?post=4545"},{"taxonomy":"product_tag","embeddable":true,"href":"https:\/\/minghanggroup.com\/es\/wp-json\/wp\/v2\/product_tag?post=4545"}],"curies":[{"name":"wp","href":"https:\/\/api.w.org\/{rel}","templated":true}]}}