{"id":4540,"date":"2026-01-12T11:08:58","date_gmt":"2026-01-12T03:08:58","guid":{"rendered":"https:\/\/minghanggroup.com\/?post_type=product&#038;p=4540"},"modified":"2026-01-12T11:48:17","modified_gmt":"2026-01-12T03:48:17","slug":"amber-glass-perfume-bottles-with-wooden-lids-bulk","status":"publish","type":"product","link":"https:\/\/minghanggroup.com\/es\/producto\/amber-glass-perfume-bottles-with-wooden-lids-bulk\/","title":{"rendered":"Frascos de perfume de vidrio \u00e1mbar de 30 ml, 50 ml y 100 ml con tapa de madera al por mayor"},"content":{"rendered":"<p>Estos frascos de perfume de vidrio \u00e1mbar est\u00e1n elaborados con vidrio transl\u00facido de color \u00e1mbar c\u00e1lido (no agresivo para fragancias con ingredientes fotosensibles). El cuerpo cil\u00edndrico de superficie lisa se combina con un tap\u00f3n de madera natural mate, que crea un ambiente natural y c\u00e1lido.<\/p>\n<h2>Caracter\u00edsticas del producto<\/h2>\n<ul>\n<li><strong>Botella transl\u00facida de color marr\u00f3n \u00e1mbar:<\/strong> El vidrio transl\u00facido de color marr\u00f3n \u00e1mbar es pr\u00e1ctico y sofisticado ya que brinda protecci\u00f3n a los ingredientes de la fragancia (no quedan expuestos) y al mismo tiempo hace visible el contenido, haci\u00e9ndolo f\u00e1cilmente reconocible.<\/li>\n<li><strong>Tapa de madera natural:<\/strong> La fina sensaci\u00f3n natural y la calidez de la cubierta de madera junto con la botella de color marr\u00f3n \u00e1mbar le dan un toque de bosque fresco y r\u00fastico.<\/li>\n<li><strong>Pulverizaci\u00f3n fina segura:<\/strong> Hay un atomizador eficaz en cada botella del producto que crea una fina niebla que garantiza una aplicaci\u00f3n de calidad en cada pulverizaci\u00f3n.<\/li>\n<\/ul>\n<h2 style=\"text-align: left;\">Especificaciones clave<\/h2>\n<table class=\"aligncenter\" style=\"border-collapse: collapse; width: 491.27pt;\" border=\"0\" width=\"655\" cellspacing=\"0\" cellpadding=\"0\">\n<tbody>\n<tr style=\"height: 13.50pt;\">\n<td style=\"height: 13.50pt; width: 119.25pt;\" width=\"159\" height=\"18\">Especificaci\u00f3n<\/td>\n<td style=\"width: 372.00pt;\" width=\"496\">Detalles<\/td>\n<\/tr>\n<tr style=\"height: 13.50pt;\">\n<td style=\"height: 13.50pt;\" height=\"18\">Capacidad<\/td>\n<td>30 ml \/ 50 ml \/ 100 ml<\/td>\n<\/tr>\n<tr style=\"height: 13.50pt;\">\n<td style=\"height: 13.50pt;\" height=\"18\">Dimensiones<\/td>\n<td>39\u00d773 mm \/ 44\u00d784 mm \/ 53\u00d7100 mm<\/td>\n<\/tr>\n<tr style=\"height: 13.50pt;\">\n<td style=\"height: 13.50pt;\" height=\"18\">Material<\/td>\n<td>Vidrio te\u00f1ido de \u00e1mbar, tapa de madera<\/td>\n<\/tr>\n<tr style=\"height: 13.50pt;\">\n<td style=\"height: 13.50pt;\" height=\"18\">Forma de la botella<\/td>\n<td>Cilindro redondeado<\/td>\n<\/tr>\n<tr style=\"height: 13.50pt;\">\n<td style=\"height: 13.50pt;\" height=\"18\">Alcance de personalizaci\u00f3n<\/td>\n<td>Forma de la botella, tama\u00f1o, color, tono, material\/acabado de la tapa<\/td>\n<\/tr>\n<tr style=\"height: 13.50pt;\">\n<td style=\"height: 13.50pt;\" height=\"18\">Artesan\u00eda<\/td>\n<td>Conformado de vidrio \u00e1mbar, torneado de madera o moldeado de compuestos de madera<\/td>\n<\/tr>\n<tr style=\"height: 13.50pt;\">\n<td style=\"height: 13.50pt;\" height=\"18\">Prop\u00f3sito del producto<\/td>\n<td>Frascos de perfume de vidrio \u00e1mbar, frascos de aceites esenciales<\/td>\n<\/tr>\n<tr style=\"height: 13.50pt;\">\n<td style=\"height: 13.50pt;\" height=\"18\">Industrias adecuadas<\/td>\n<td>Belleza natural, aromaterapia, productos org\u00e1nicos y marcas de bienestar<\/td>\n<\/tr>\n<\/tbody>\n<\/table>\n<h2>Caso de \u00e9xito<\/h2>\n<p>Una de las principales marcas de cuidado de la piel org\u00e1nico del Pac\u00edfico Noroeste seleccion\u00f3 nuestros frascos de perfume \u00e1mbar de 100 ml y los tapones de madera de cedro y los cuerpos de vidrio \u00e1mbar ligeramente esmerilados. Su vidrio \u00e1mbar ofrece una importante protecci\u00f3n UV y la vida \u00fatil de sus ingredientes naturales se prolonga aproximadamente un 30 %. Uno de los favoritos de los clientes fueron los tapones de madera, ya que se mencionaban en el 80 % de las rese\u00f1as positivas. Esto motiv\u00f3 a la marca hasta el punto de que los comentarios de los clientes y el rendimiento del producto la obligaron a pedir 200\u00a0000 frascos adicionales para facilitar la creaci\u00f3n de la nueva secci\u00f3n de fragancias.<\/p>\n<h2>Dise\u00f1os personalizables de frascos de perfume de color \u00e1mbar<\/h2>\n<ul>\n<li>Selecci\u00f3n de tonos de vidrio \u00e1mbar: Se puede elegir entre una amplia gama de tonos de vidrio \u00e1mbar. La gama abarca desde un tono miel claro hasta un co\u00f1ac intenso.<\/li>\n<li>Tapones de madera personalizados: Los clientes pueden encargar sus tapones eligiendo entre diferentes materiales de madera. Adem\u00e1s de ser ecol\u00f3gicos, se pueden utilizar maderas como bamb\u00fa, corcho y s\u00e1ndalo.<\/li>\n<li>Grabado de vidrio: Grabe un patr\u00f3n, marcas o dibujos bot\u00e1nicos sobre la superficie del vidrio.<\/li>\n<li>Vidrio esmerilado: Las botellas de vidrio esmerilado se logran aplicando una escarcha completa o una escarcha degradada en botellas de vidrio \u00e1mbar para producir un efecto mucho m\u00e1s suave y oscuro.<\/li>\n<\/ul>","protected":false},"excerpt":{"rendered":"<p>Descubre los frascos de perfume de vidrio \u00e1mbar con tapas de madera natural. Esta colecci\u00f3n minimalista de frascos de perfume \u00e1mbar es ideal para aromas exclusivos. \u00a1Env\u00edo r\u00e1pido!<\/p>","protected":false},"featured_media":4541,"template":"","meta":{"postBodyCss":"","postBodyMargin":[],"postBodyPadding":[],"postBodyBackground":{"backgroundType":"classic","gradient":""}},"product_brand":[],"product_cat":[15,16,62],"product_tag":[],"class_list":{"0":"post-4540","1":"product","2":"type-product","3":"status-publish","4":"has-post-thumbnail","6":"product_cat-glass-containers","7":"product_cat-glass-bottles","8":"product_cat-perfume-bottles","10":"first","11":"instock","12":"shipping-taxable","13":"product-type-simple"},"jetpack_sharing_enabled":true,"_links":{"self":[{"href":"https:\/\/minghanggroup.com\/es\/wp-json\/wp\/v2\/product\/4540","targetHints":{"allow":["GET"]}}],"collection":[{"href":"https:\/\/minghanggroup.com\/es\/wp-json\/wp\/v2\/product"}],"about":[{"href":"https:\/\/minghanggroup.com\/es\/wp-json\/wp\/v2\/types\/product"}],"wp:featuredmedia":[{"embeddable":true,"href":"https:\/\/minghanggroup.com\/es\/wp-json\/wp\/v2\/media\/4541"}],"wp:attachment":[{"href":"https:\/\/minghanggroup.com\/es\/wp-json\/wp\/v2\/media?parent=4540"}],"wp:term":[{"taxonomy":"product_brand","embeddable":true,"href":"https:\/\/minghanggroup.com\/es\/wp-json\/wp\/v2\/product_brand?post=4540"},{"taxonomy":"product_cat","embeddable":true,"href":"https:\/\/minghanggroup.com\/es\/wp-json\/wp\/v2\/product_cat?post=4540"},{"taxonomy":"product_tag","embeddable":true,"href":"https:\/\/minghanggroup.com\/es\/wp-json\/wp\/v2\/product_tag?post=4540"}],"curies":[{"name":"wp","href":"https:\/\/api.w.org\/{rel}","templated":true}]}}