{"id":4539,"date":"2026-01-12T12:31:24","date_gmt":"2026-01-12T04:31:24","guid":{"rendered":"https:\/\/minghanggroup.com\/?post_type=product&#038;p=4539"},"modified":"2026-01-12T16:52:04","modified_gmt":"2026-01-12T08:52:04","slug":"30ml-50ml-cologne-bottles-with-colorful-lids-wholesale","status":"publish","type":"product","link":"https:\/\/minghanggroup.com\/es\/producto\/30ml-50ml-cologne-bottles-with-colorful-lids-wholesale\/","title":{"rendered":"Botellas de colonia de 30 ml y 50 ml con tapas de colores al por mayor"},"content":{"rendered":"<p>Tu frasco de colonia de 50 ml no solo debe contener aroma, sino que tambi\u00e9n debe cautivar a quienes lo visitan. Creamos dise\u00f1os de frascos de fragancia que convierten tu perfume personalizado en un momento de lujo instant\u00e1neo.<\/p>\n<h2>Caracter\u00edsticas del producto<\/h2>\n<ul>\n<li><strong>Claridad cristalina:<\/strong> Una botella de vidrio te permite ver realmente el verdadero color de tu fragancia: sin filtros turbios, solo pura belleza de vidrio.<\/li>\n<li><strong>Base rectangular estabilizada:<\/strong> Fondo engrosado para evitar que se balancee en los estantes. Su frasco de perfume de vidrio ofrece una sensaci\u00f3n de solidez y calidad superior.<\/li>\n<li><strong>Contraste de gorras coloridas:<\/strong> \u00bfTapas moradas o amarillas en contraste con el cristal transparente? Un toque visual instant\u00e1neo para el envase de tu perfume.<\/li>\n<\/ul>\n<h2>Especificaciones clave<\/h2>\n<table style=\"border-collapse: collapse; width: 80%; margin-left: auto; margin-right: auto;\" border=\"0\" width=\"360\" cellspacing=\"0\" cellpadding=\"0\">\n<tbody>\n<tr style=\"height: 13.50pt;\">\n<td style=\"height: 13.5pt; width: 54pt; text-align: center;\" width=\"72\" height=\"18\">Tama\u00f1o (ml)<\/td>\n<td style=\"width: 54pt; text-align: center;\" width=\"72\">Dimensiones (mm)<\/td>\n<td style=\"width: 54pt; text-align: center;\" width=\"72\">Material<\/td>\n<td style=\"width: 54pt; text-align: center;\" width=\"72\">Color de la tapa<\/td>\n<td style=\"width: 54pt; text-align: center;\" width=\"72\">Tipo de sellado<\/td>\n<\/tr>\n<tr style=\"height: 13.50pt;\">\n<td style=\"height: 13.5pt; text-align: center;\" align=\"right\" height=\"18\">30<\/td>\n<td style=\"text-align: center;\">42\u00d730\u00d777<\/td>\n<td class=\"et2\" style=\"text-align: center;\" rowspan=\"2\">Cristal + Metal\/PE<\/td>\n<td class=\"et2\" style=\"text-align: center;\" rowspan=\"2\">Morado claro\/amarillo<\/td>\n<td class=\"et2\" style=\"text-align: center;\" rowspan=\"2\">Atomizador de niebla fina<\/td>\n<\/tr>\n<tr style=\"height: 13.50pt;\">\n<td style=\"height: 13.5pt; text-align: center;\" align=\"right\" height=\"18\">50<\/td>\n<td style=\"text-align: center;\">50\u00d728\u00d792<\/td>\n<\/tr>\n<\/tbody>\n<\/table>\n<h2>Caso de \u00e9xito<\/h2>\n<p>Una marca de perfumes especializada en fragancias personalizadas se asoci\u00f3 con nosotros para dise\u00f1ar a medida este frasco de perfume de vidrio transparente durante el desarrollo de su nueva l\u00ednea de fragancias ligeras. El cliente, adaptando el grosor y la altura del frasco rectangular est\u00e1ndar y eligiendo vidrio blanco de alta transparencia para reflejar la claridad general, se bas\u00f3 en el posicionamiento juvenil de la marca.<\/p>\n<p>Las tapas de las botellas est\u00e1n decoradas con colores suaves personalizados (amarillo claro y rosa claro) para indicar las diferentes series de fragancias. Se eligi\u00f3 un pulverizador adecuado para una atomizaci\u00f3n fina y uniforme, y se dejaron espacios para la serigraf\u00eda y el etiquetado, lo que permite futuras ampliaciones del dise\u00f1o.<\/p>\n<p>La serie de fragancias frescas logr\u00f3 aproximadamente un 20% m\u00e1s de ventas en tres meses gracias al dise\u00f1o de empaque consistente y refrescante luego del lanzamiento del producto, aumentando as\u00ed sustancialmente el reconocimiento de la marca entre el mercado juvenil.<\/p>\n<h2>Sus opciones de personalizaci\u00f3n<\/h2>\n<ol>\n<li><strong>Opciones de personalizaci\u00f3n del cuerpo de la botella:<\/strong> Mejore la profundidad visual de la botella eligiendo t\u00e9cnicas de escarchado parcial, pulverizaci\u00f3n en degradado o pulverizaci\u00f3n de color interno mientras mantiene la botella transparente, lo que la hace adecuada para las series de edici\u00f3n alta, de gama alta o limitada.<\/li>\n<li><strong>Opciones de color y material de la tapa de la botella: <\/strong>Adem\u00e1s de las tapas de pl\u00e1stico habituales, los colores galvanizados, los acabados mate o los dos colores, se pueden personalizar las tapas moldeadas por inyecci\u00f3n, lo que permite usar diferentes colores para una r\u00e1pida identificaci\u00f3n de aromas o l\u00edneas de productos.<\/li>\n<li><strong>Dise\u00f1o de base de botella e identificaci\u00f3n de marca: <\/strong>Mejore las caracter\u00edsticas anti-falsificaci\u00f3n y la exclusividad de su marca mediante los siguientes m\u00e9todos: Estampado de marca en la base de la botella, grabado codificado, estructuras empotradas personalizadas<\/li>\n<\/ol>","protected":false},"excerpt":{"rendered":"<p>Botella de colonia de 30 ml y 50 ml con un dise\u00f1o vers\u00e1til. Suministro directo de f\u00e1brica, personalizaci\u00f3n al por mayor y env\u00edo r\u00e1pido.<\/p>","protected":false},"featured_media":4549,"template":"","meta":{"postBodyCss":"","postBodyMargin":[],"postBodyPadding":[],"postBodyBackground":{"backgroundType":"classic","gradient":""}},"product_brand":[],"product_cat":[15,16,62],"product_tag":[],"class_list":{"0":"post-4539","1":"product","2":"type-product","3":"status-publish","4":"has-post-thumbnail","6":"product_cat-glass-containers","7":"product_cat-glass-bottles","8":"product_cat-perfume-bottles","10":"first","11":"instock","12":"shipping-taxable","13":"product-type-simple"},"jetpack_sharing_enabled":true,"_links":{"self":[{"href":"https:\/\/minghanggroup.com\/es\/wp-json\/wp\/v2\/product\/4539","targetHints":{"allow":["GET"]}}],"collection":[{"href":"https:\/\/minghanggroup.com\/es\/wp-json\/wp\/v2\/product"}],"about":[{"href":"https:\/\/minghanggroup.com\/es\/wp-json\/wp\/v2\/types\/product"}],"wp:featuredmedia":[{"embeddable":true,"href":"https:\/\/minghanggroup.com\/es\/wp-json\/wp\/v2\/media\/4549"}],"wp:attachment":[{"href":"https:\/\/minghanggroup.com\/es\/wp-json\/wp\/v2\/media?parent=4539"}],"wp:term":[{"taxonomy":"product_brand","embeddable":true,"href":"https:\/\/minghanggroup.com\/es\/wp-json\/wp\/v2\/product_brand?post=4539"},{"taxonomy":"product_cat","embeddable":true,"href":"https:\/\/minghanggroup.com\/es\/wp-json\/wp\/v2\/product_cat?post=4539"},{"taxonomy":"product_tag","embeddable":true,"href":"https:\/\/minghanggroup.com\/es\/wp-json\/wp\/v2\/product_tag?post=4539"}],"curies":[{"name":"wp","href":"https:\/\/api.w.org\/{rel}","templated":true}]}}