{"id":4530,"date":"2026-01-12T09:24:34","date_gmt":"2026-01-12T01:24:34","guid":{"rendered":"https:\/\/minghanggroup.com\/?post_type=product&#038;p=4530"},"modified":"2026-01-12T10:41:57","modified_gmt":"2026-01-12T02:41:57","slug":"glass-empty-spray-bottles-for-perfume-wholesale","status":"publish","type":"product","link":"https:\/\/minghanggroup.com\/es\/producto\/glass-empty-spray-bottles-for-perfume-wholesale\/","title":{"rendered":"Botellas de spray de vidrio vac\u00edas de 30 ml, 50 ml y 100 ml para perfumes al por mayor"},"content":{"rendered":"<p>Estas botellas vac\u00edas con atomizador para perfume tienen forma rectangular. La botella transparente exhibe el perfume de forma \u00f3ptima y viene con tapas cil\u00edndricas en blanco mate, plateado o negro, lo que permite personalizar el perfume seg\u00fan la marca.<\/p>\n<h2>Caracter\u00edsticas del producto<\/h2>\n<ul>\n<li><strong>Pulverizaci\u00f3n fina:<\/strong> El aerosol crea una experiencia lujosa de fragancia al proporcionar una pulverizaci\u00f3n fina y uniforme cada vez que se usa.<\/li>\n<li><strong>Vidrio de alta transparencia:<\/strong> Este es un perfume creado a partir de vidrio de alta transparencia, lo que hace que el color y la pureza de su perfume sean el ancla visual.<\/li>\n<li><strong>Gorra con estilo:<\/strong> Hay tres acabados disponibles en la tapa que agregar\u00e1n inmediatamente estilo y calidad al frasco de perfume.<\/li>\n<\/ul>\n<h2 style=\"text-align: left;\">Especificaciones clave<\/h2>\n<table class=\"aligncenter\" style=\"border-collapse: collapse; width: 491.27pt;\" border=\"0\" width=\"655\" cellspacing=\"0\" cellpadding=\"0\">\n<tbody>\n<tr style=\"height: 13.50pt;\">\n<td style=\"height: 13.50pt; width: 119.25pt;\" width=\"159\" height=\"18\">Especificaci\u00f3n<\/td>\n<td style=\"width: 372.00pt;\" width=\"496\">Detalles<\/td>\n<\/tr>\n<tr style=\"height: 13.50pt;\">\n<td style=\"height: 13.50pt;\" height=\"18\">Dimensiones<\/td>\n<td>51\u00d733\u00d768 mm (30 ml) \/ 56\u00d737\u00d782 mm (50 ml) \/ 56\u00d727\u00d7132 mm (100 ml)<\/td>\n<\/tr>\n<tr style=\"height: 13.50pt;\">\n<td style=\"height: 13.50pt;\" height=\"18\">Material<\/td>\n<td>Vidrio transparente de alta calidad<\/td>\n<\/tr>\n<tr style=\"height: 13.50pt;\">\n<td style=\"height: 13.50pt;\" height=\"18\">Forma de la botella<\/td>\n<td>Rect\u00e1ngulo<\/td>\n<\/tr>\n<tr style=\"height: 13.50pt;\">\n<td style=\"height: 13.50pt;\" height=\"18\">Alcance de personalizaci\u00f3n<\/td>\n<td>Color \/ Acabado \/ Material de la tapa \/ Grabado \/ Tama\u00f1o<\/td>\n<\/tr>\n<tr style=\"height: 13.50pt;\">\n<td style=\"height: 13.50pt;\" height=\"18\">Artesan\u00eda<\/td>\n<td>Moldeo de precisi\u00f3n de bordes redondeados, fabricaci\u00f3n de tapas texturizadas<\/td>\n<\/tr>\n<tr style=\"height: 13.50pt;\">\n<td style=\"height: 13.50pt;\" height=\"18\">Prop\u00f3sito del producto<\/td>\n<td>Botellas de spray vac\u00edas para perfume, botellas de spray de perfume de vidrio<\/td>\n<\/tr>\n<tr style=\"height: 13.50pt;\">\n<td style=\"height: 13.50pt;\" height=\"18\">Industrias objetivo<\/td>\n<td>Kits de aromas personalizados, sets de regalo de lujo, regalos corporativos premium<\/td>\n<\/tr>\n<\/tbody>\n<\/table>\n<h2>Historia de \u00e9xito: La colecci\u00f3n Resort de la marca Miami Lifestyle<\/h2>\n<p>Nuestro frasco de perfume con atomizador de 100 ml fue seleccionado por una marca de lujo con sede en Miami, y cada aroma se vendi\u00f3 con un tap\u00f3n texturizado (blanco, plateado y negro). La sensaci\u00f3n premium y la filosof\u00eda de lujo relajado se reflejan plenamente en su forma suave y cuadrada, que se mencion\u00f3 en el 70% de las rese\u00f1as positivas de los medios. Los tapones texturizados ofrecen un agarre distintivo, muy popular entre los clientes, y minimizan las ca\u00eddas accidentales en un 99%. Este excelente rendimiento del producto y la excelente acogida del mercado hicieron que la marca realizara otro pedido de 400.000 botellas de su colecci\u00f3n principal y otras l\u00edneas de productos de temporada.<\/p>\n<h2>Botellas de spray vac\u00edas personalizadas para perfume<\/h2>\n<ul>\n<li>Vidrio esmerilado o tintado: Para obtener una apariencia suave se realiza un acabado esmerilado, o se puede utilizar un vidrio tintado (gris ahumado, azul cobalto, \u00e1mbar) para enfatizar el car\u00e1cter de la marca.<\/li>\n<li>Vidrio grabado con l\u00e1ser: Marque un patr\u00f3n de olas a lo largo de la costa, coordenadas o un nombre de marca simple a trav\u00e9s de un patr\u00f3n de olas sobre una pieza plana de vidrio.<\/li>\n<li>Ornamentaci\u00f3n met\u00e1lica: Tiene una fina banda de metal (cobre, oro rosa) en la parte superior o inferior de la botella.<\/li>\n<li>Decoraci\u00f3n de boquilla de pulverizaci\u00f3n peque\u00f1a: roc\u00ede el bot\u00f3n de la boquilla de pulverizaci\u00f3n peque\u00f1a en la tapa para que se adapte al color de tapa preferido o al logotipo de la marca.<\/li>\n<\/ul>","protected":false},"excerpt":{"rendered":"<p>Frascos atomizadores vac\u00edos para perfume, fabricados con vidrio premium con dise\u00f1o cuadrado redondeado. Fabricados por OEM para personalizar tapas, tama\u00f1os y marcas.<\/p>","protected":false},"featured_media":4532,"template":"","meta":{"postBodyCss":"","postBodyMargin":[],"postBodyPadding":[],"postBodyBackground":{"backgroundType":"classic","gradient":""}},"product_brand":[],"product_cat":[15,16,62],"product_tag":[],"class_list":{"0":"post-4530","1":"product","2":"type-product","3":"status-publish","4":"has-post-thumbnail","6":"product_cat-glass-containers","7":"product_cat-glass-bottles","8":"product_cat-perfume-bottles","10":"first","11":"instock","12":"shipping-taxable","13":"product-type-simple"},"jetpack_sharing_enabled":true,"_links":{"self":[{"href":"https:\/\/minghanggroup.com\/es\/wp-json\/wp\/v2\/product\/4530","targetHints":{"allow":["GET"]}}],"collection":[{"href":"https:\/\/minghanggroup.com\/es\/wp-json\/wp\/v2\/product"}],"about":[{"href":"https:\/\/minghanggroup.com\/es\/wp-json\/wp\/v2\/types\/product"}],"wp:featuredmedia":[{"embeddable":true,"href":"https:\/\/minghanggroup.com\/es\/wp-json\/wp\/v2\/media\/4532"}],"wp:attachment":[{"href":"https:\/\/minghanggroup.com\/es\/wp-json\/wp\/v2\/media?parent=4530"}],"wp:term":[{"taxonomy":"product_brand","embeddable":true,"href":"https:\/\/minghanggroup.com\/es\/wp-json\/wp\/v2\/product_brand?post=4530"},{"taxonomy":"product_cat","embeddable":true,"href":"https:\/\/minghanggroup.com\/es\/wp-json\/wp\/v2\/product_cat?post=4530"},{"taxonomy":"product_tag","embeddable":true,"href":"https:\/\/minghanggroup.com\/es\/wp-json\/wp\/v2\/product_tag?post=4530"}],"curies":[{"name":"wp","href":"https:\/\/api.w.org\/{rel}","templated":true}]}}