{"id":4529,"date":"2026-01-12T10:39:55","date_gmt":"2026-01-12T02:39:55","guid":{"rendered":"https:\/\/minghanggroup.com\/?post_type=product&#038;p=4529"},"modified":"2026-01-12T16:51:39","modified_gmt":"2026-01-12T08:51:39","slug":"clear-glass-perfume-bottle-custom-design-for-packaging-bulk","status":"publish","type":"product","link":"https:\/\/minghanggroup.com\/es\/producto\/clear-glass-perfume-bottle-custom-design-for-packaging-bulk\/","title":{"rendered":"Botella de perfume de vidrio transparente de 50 ml y 100 ml, dise\u00f1o personalizado para embalaje a granel."},"content":{"rendered":"<p>Las opciones personalizadas para tus frascos de perfume no solo deben conservar el aroma, sino tambi\u00e9n hacer que los clientes dejen de mirar. Como fabricantes de frascos de perfume, creamos frascos de vidrio que convierten tu perfume personalizado en una pieza de lujo instant\u00e1nea.<\/p>\n<h2>Caracter\u00edsticas del producto<\/h2>\n<ul>\n<li><strong>Claridad cristalina:<\/strong> Revela el exquisito matiz de tu aroma con esta botella de vidrio. Sin filtros opacos, solo la belleza del vidrio puro.<\/li>\n<li><strong>Base rectangular estable:<\/strong> El fondo engrosado del frasco evita que se tambalee en los estantes. El peso del frasco de perfume le da una sensaci\u00f3n lujosa y de alta calidad.<\/li>\n<li><strong>Contraste de gorra negra:<\/strong> \u00bfTapones negros mate combinados con cristal transparente? Tu perfume adquiere un toque decorativo espectacular en segundos.<\/li>\n<\/ul>\n<h2>Especificaciones clave<\/h2>\n<table style=\"border-collapse: collapse; width: 80%; margin-left: auto; margin-right: auto;\" border=\"0\" width=\"360\" cellspacing=\"0\" cellpadding=\"0\">\n<tbody>\n<tr style=\"height: 13.50pt;\">\n<td style=\"height: 13.5pt; width: 54pt; text-align: center;\" width=\"72\" height=\"18\">Tama\u00f1o (ml)<\/td>\n<td style=\"width: 54pt; text-align: center;\" width=\"72\">Dimensiones (mm)<\/td>\n<td style=\"width: 54pt; text-align: center;\" width=\"72\">Material<\/td>\n<td style=\"width: 54pt; text-align: center;\" width=\"72\">Tipo de tapa<\/td>\n<td style=\"width: 54pt; text-align: center;\" width=\"72\">Tipo de sellado<\/td>\n<\/tr>\n<tr style=\"height: 13.50pt;\">\n<td style=\"height: 13.5pt; text-align: center;\" height=\"18\">50<\/td>\n<td style=\"text-align: center;\">82\u00d754\u00d729<\/td>\n<td class=\"et2\" style=\"text-align: center;\" rowspan=\"2\">Cristal<\/td>\n<td class=\"et2\" style=\"text-align: center;\" rowspan=\"2\">Negro mate<\/td>\n<td class=\"et2\" style=\"text-align: center;\" rowspan=\"2\">Parte superior en aerosol<\/td>\n<\/tr>\n<tr style=\"height: 13.50pt;\">\n<td style=\"height: 13.5pt; text-align: center;\" height=\"18\">100<\/td>\n<td style=\"text-align: center;\">107\u00d772\u00d731<\/td>\n<\/tr>\n<\/tbody>\n<\/table>\n<h2>Caso de \u00e9xito<\/h2>\n<p>Una empresa de perfumes y fragancias colabor\u00f3 \u200b\u200bcon nosotros para crear este frasco de perfume de vidrio transparente para el lanzamiento de su nueva fragancia. Considerando el posicionamiento de la marca, las proporciones del frasco fueron excelentes, optimizadas mediante el uso de vidrio ultratransparente. El frasco luce un logotipo en relieve e incluye un tap\u00f3n cil\u00edndrico negro personalizado. Tambi\u00e9n cuenta con espacio para serigraf\u00eda y etiquetado para cumplir con los requisitos de serializaci\u00f3n de la marca.<\/p>\n<p>Como resultado de la presentaci\u00f3n del producto, la calidad general del empaque ha mejorado mucho, las ventas del nuevo perfume se han duplicado hasta un incremento de aproximadamente el 25% a\u00f1o tras a\u00f1o y ha sido muy bien recibido por el mercado.<\/p>\n<h2>Sus opciones de personalizaci\u00f3n<\/h2>\n<ol>\n<li><strong>Tapa del f\u00f3sforo con notas de aroma: <\/strong>Tapones negros para aceites esenciales amaderados, plateados para c\u00edtricos: tu tap\u00f3n define el estado de \u00e1nimo.<\/li>\n<li><strong>Utilice vidrio transparente para destacar el producto: <\/strong>Deja que tu fragancia brille, perfecto para envases de fragancias premium.<\/li>\n<li><strong>Personal\u00edzalo por completo con el atomizador: <\/strong>Elija atomizadores de color rosa, azul o negro: su spray cuenta la historia del aroma.<\/li>\n<\/ol>","protected":false},"excerpt":{"rendered":"<p>Frasco de perfume personalizado por fabricantes con amplia experiencia. Suministro directo de f\u00e1brica. Personalizaci\u00f3n al por mayor disponible para diferentes marcas.<\/p>","protected":false},"featured_media":4538,"template":"","meta":{"postBodyCss":"","postBodyMargin":[],"postBodyPadding":[],"postBodyBackground":{"backgroundType":"classic","gradient":""}},"product_brand":[],"product_cat":[15,16,62],"product_tag":[],"class_list":{"0":"post-4529","1":"product","2":"type-product","3":"status-publish","4":"has-post-thumbnail","6":"product_cat-glass-containers","7":"product_cat-glass-bottles","8":"product_cat-perfume-bottles","10":"first","11":"instock","12":"shipping-taxable","13":"product-type-simple"},"jetpack_sharing_enabled":true,"_links":{"self":[{"href":"https:\/\/minghanggroup.com\/es\/wp-json\/wp\/v2\/product\/4529","targetHints":{"allow":["GET"]}}],"collection":[{"href":"https:\/\/minghanggroup.com\/es\/wp-json\/wp\/v2\/product"}],"about":[{"href":"https:\/\/minghanggroup.com\/es\/wp-json\/wp\/v2\/types\/product"}],"wp:featuredmedia":[{"embeddable":true,"href":"https:\/\/minghanggroup.com\/es\/wp-json\/wp\/v2\/media\/4538"}],"wp:attachment":[{"href":"https:\/\/minghanggroup.com\/es\/wp-json\/wp\/v2\/media?parent=4529"}],"wp:term":[{"taxonomy":"product_brand","embeddable":true,"href":"https:\/\/minghanggroup.com\/es\/wp-json\/wp\/v2\/product_brand?post=4529"},{"taxonomy":"product_cat","embeddable":true,"href":"https:\/\/minghanggroup.com\/es\/wp-json\/wp\/v2\/product_cat?post=4529"},{"taxonomy":"product_tag","embeddable":true,"href":"https:\/\/minghanggroup.com\/es\/wp-json\/wp\/v2\/product_tag?post=4529"}],"curies":[{"name":"wp","href":"https:\/\/api.w.org\/{rel}","templated":true}]}}