{"id":4518,"date":"2026-01-09T14:57:15","date_gmt":"2026-01-09T06:57:15","guid":{"rendered":"https:\/\/minghanggroup.com\/?post_type=product&#038;p=4518"},"modified":"2026-01-09T16:53:31","modified_gmt":"2026-01-09T08:53:31","slug":"empty-fancy-cologne-bottles-with-spray-bulk","status":"publish","type":"product","link":"https:\/\/minghanggroup.com\/es\/producto\/empty-fancy-cologne-bottles-with-spray-bulk\/","title":{"rendered":"Botellas vac\u00edas de colonia de lujo de 30 ml, 50 ml y 100 ml con pulverizador a granel"},"content":{"rendered":"<p>Estos elegantes frascos de colonia est\u00e1n hechos de vidrio transparente y sus formas cuadradas y redondeadas combinan belleza y un agarre c\u00f3modo. Su elegante belleza se ve realzada por tres tapones texturizados adicionales (blanco esmerilado, plateado y negro mate).<\/p>\n<h2>Caracter\u00edsticas del producto<\/h2>\n<ul>\n<li><strong>Dise\u00f1o de gorra con m\u00faltiples texturas:<\/strong> Tres tapas diferentes, incluidas la blanca esmerilada, la plateada y la negra, tienen diferentes cualidades visuales y t\u00e1ctiles, y esto puede atraer diferentes sentidos de la moda.<\/li>\n<li><strong>Cuerpo cuadrado redondeado:<\/strong> El cuerpo cuadrado redondeado tendr\u00e1 un dise\u00f1o elegante y atractivo adem\u00e1s de ofrecer un \u00e1rea de sujeci\u00f3n c\u00f3moda.<\/li>\n<li><strong>Material de vidrio transparente:<\/strong> El material de vidrio es de alta calidad y es transparente con un tacto agradable que muestra perfectamente el encanto de su perfume.<\/li>\n<\/ul>\n<h2 style=\"text-align: left;\">Especificaciones clave<\/h2>\n<table class=\"aligncenter\" style=\"border-collapse: collapse; width: 467.27pt;\" border=\"0\" width=\"623\" cellspacing=\"0\" cellpadding=\"0\">\n<tbody>\n<tr style=\"height: 13.50pt;\">\n<td style=\"height: 13.50pt; width: 119.25pt;\" width=\"159\" height=\"18\">Especificaci\u00f3n<\/td>\n<td style=\"width: 348.00pt;\" width=\"464\">Detalles<\/td>\n<\/tr>\n<tr style=\"height: 13.50pt;\">\n<td style=\"height: 13.50pt;\" height=\"18\">Dimensiones<\/td>\n<td>51\u00d733\u00d768 mm (30 ml) \/ 56\u00d737\u00d782 mm (50 ml) \/ 62\u00d740\u00d7117 mm (100 ml)<\/td>\n<\/tr>\n<tr style=\"height: 13.50pt;\">\n<td style=\"height: 13.50pt;\" height=\"18\">Material<\/td>\n<td>Vidrio transparente de alta calidad<\/td>\n<\/tr>\n<tr style=\"height: 13.50pt;\">\n<td style=\"height: 13.50pt;\" height=\"18\">Forma de la botella<\/td>\n<td>Prisma cuadrado redondeado<\/td>\n<\/tr>\n<tr style=\"height: 13.50pt;\">\n<td style=\"height: 13.50pt;\" height=\"18\">Alcance de personalizaci\u00f3n<\/td>\n<td>Forma de la botella, tama\u00f1o, color, acabado, acabado<\/td>\n<\/tr>\n<tr style=\"height: 13.50pt;\">\n<td style=\"height: 13.50pt;\" height=\"18\">Artesan\u00eda<\/td>\n<td>Moldeo de precisi\u00f3n de bordes redondeados, fabricaci\u00f3n de tapas texturizadas<\/td>\n<\/tr>\n<tr style=\"height: 13.50pt;\">\n<td style=\"height: 13.50pt;\" height=\"18\">Prop\u00f3sito del producto<\/td>\n<td>Frascos de colonia de lujo, frascos de fragancia a granel<\/td>\n<\/tr>\n<tr style=\"height: 13.50pt;\">\n<td style=\"height: 13.50pt;\" height=\"18\">Industrias adecuadas<\/td>\n<td>Cuidado personal de lujo, venta minorista boutique<\/td>\n<\/tr>\n<\/tbody>\n<\/table>\n<h2>Caso de \u00e9xito: Colecci\u00f3n Resort de la marca de estilo de vida de Miami<\/h2>\n<p>Una de nuestras marcas de estilo de vida de alta gama en Miami eligi\u00f3 nuestro frasco de perfume de 100 ml con atomizador y combin\u00f3 cada fragancia con un tipo de tap\u00f3n texturizado (blanco, plateado y negro). La sensaci\u00f3n premium y la suave forma cuadrada le valieron 70 rese\u00f1as positivas. Los tapones acanalados ofrecen una sujeci\u00f3n especial, algo que los clientes aprecian, y reducen en un 99,9 % las ca\u00eddas accidentales. La marca qued\u00f3 muy satisfecha con el rendimiento del producto y su excelente aceptaci\u00f3n en el mercado, por lo que realiz\u00f3 un nuevo pedido de 400.000 frascos de la colecci\u00f3n b\u00e1sica regular, as\u00ed como de la nueva l\u00ednea de productos de temporada.<\/p>\n<h2>Personalizaci\u00f3n de botellas Botellas de colonia de lujo<\/h2>\n<ul>\n<li>Dise\u00f1o de gorra totalmente personalizado: tienes la posibilidad de dise\u00f1ar tus propias texturas de gorra individuales (lino, veta de madera, geometr\u00eda) y tus propios colores que combinen con tu marca.<\/li>\n<li>Vidrio esmerilado o tintado: puede tener una apariencia suave con un acabado esmerilado o puede tener vidrio tintado (vidrio ahumado, azul cobalto, \u00e1mbar) para enfatizar su marca.<\/li>\n<li>Grabado l\u00e1ser sobre vidrio: el grabado l\u00e1ser sobre vidrio es otra excelente alternativa para colocar im\u00e1genes de olas del mar, coordenadas o un logotipo b\u00e1sico en un panel de vidrio est\u00e1ndar.<\/li>\n<li>Decoraci\u00f3n de pulverizador personalizada: pinte el peque\u00f1o bot\u00f3n de pulverizaci\u00f3n de la tapa en un color que coincida con el color de la tapa o la insignia de la marca que haya elegido.<\/li>\n<\/ul>","protected":false},"excerpt":{"rendered":"<p>Elegantes frascos de colonia de vidrio transparente cuadrado y redondeado con pulverizador. Frasco de perfume con pulverizador, disponible directamente de f\u00e1brica, para rellenar, viajar y con presentaci\u00f3n de marca.<\/p>","protected":false},"featured_media":4520,"template":"","meta":{"postBodyCss":"","postBodyMargin":[],"postBodyPadding":[],"postBodyBackground":{"backgroundType":"classic","gradient":""}},"product_brand":[],"product_cat":[15,16,62],"product_tag":[],"class_list":{"0":"post-4518","1":"product","2":"type-product","3":"status-publish","4":"has-post-thumbnail","6":"product_cat-glass-containers","7":"product_cat-glass-bottles","8":"product_cat-perfume-bottles","10":"first","11":"instock","12":"shipping-taxable","13":"product-type-simple"},"jetpack_sharing_enabled":true,"_links":{"self":[{"href":"https:\/\/minghanggroup.com\/es\/wp-json\/wp\/v2\/product\/4518","targetHints":{"allow":["GET"]}}],"collection":[{"href":"https:\/\/minghanggroup.com\/es\/wp-json\/wp\/v2\/product"}],"about":[{"href":"https:\/\/minghanggroup.com\/es\/wp-json\/wp\/v2\/types\/product"}],"wp:featuredmedia":[{"embeddable":true,"href":"https:\/\/minghanggroup.com\/es\/wp-json\/wp\/v2\/media\/4520"}],"wp:attachment":[{"href":"https:\/\/minghanggroup.com\/es\/wp-json\/wp\/v2\/media?parent=4518"}],"wp:term":[{"taxonomy":"product_brand","embeddable":true,"href":"https:\/\/minghanggroup.com\/es\/wp-json\/wp\/v2\/product_brand?post=4518"},{"taxonomy":"product_cat","embeddable":true,"href":"https:\/\/minghanggroup.com\/es\/wp-json\/wp\/v2\/product_cat?post=4518"},{"taxonomy":"product_tag","embeddable":true,"href":"https:\/\/minghanggroup.com\/es\/wp-json\/wp\/v2\/product_tag?post=4518"}],"curies":[{"name":"wp","href":"https:\/\/api.w.org\/{rel}","templated":true}]}}