{"id":4517,"date":"2026-01-09T16:57:52","date_gmt":"2026-01-09T08:57:52","guid":{"rendered":"https:\/\/minghanggroup.com\/?post_type=product&#038;p=4517"},"modified":"2026-01-09T16:57:53","modified_gmt":"2026-01-09T08:57:53","slug":"crystal-vintage-perfume-bottles-with-lids-wholesale","status":"publish","type":"product","link":"https:\/\/minghanggroup.com\/es\/producto\/crystal-vintage-perfume-bottles-with-lids-wholesale\/","title":{"rendered":"Botellas de perfume vintage de cristal con tapa (30 ml, 50 ml y 100 ml) al por mayor"},"content":{"rendered":"<p>Tus frascos de perfume vintage de cristal no solo deben contener aroma, sino tambi\u00e9n cautivar a quienes los visitan. Fabricamos frascos de perfume en aerosol que combinan la elegancia antigua con la funcionalidad moderna, convirtiendo tu perfume personalizado en una estrella instant\u00e1nea en tus estanter\u00edas.<\/p>\n<h2>Caracter\u00edsticas del producto<\/h2>\n<ul>\n<li><strong>Claridad cristalina: <\/strong>El vidrio transparente revela el color real de su fragancia sin la preocupaci\u00f3n de filtros turbios o te\u00f1idos, solo belleza de vidrio puro.<\/li>\n<li><strong>Bombas codificadas por color:<\/strong> \u00bfBombas atomizadoras rosas, azules o negras con anillos dorados? El envase del perfume dicta por completo la historia del aroma.<\/li>\n<li><strong>Simplicidad cuadrada: <\/strong>El dise\u00f1o minimalista limpia un estante; su botella de perfume de vidrio combina estilo moderno y vintage sin caos.<\/li>\n<\/ul>\n<h2>Especificaciones clave<\/h2>\n<table style=\"border-collapse: collapse; width: 80%; margin-left: auto; margin-right: auto;\" border=\"0\" width=\"288\" cellspacing=\"0\" cellpadding=\"0\">\n<tbody>\n<tr style=\"height: 13.50pt;\">\n<td style=\"height: 13.5pt; width: 54pt; text-align: center;\" width=\"72\" height=\"18\">Tama\u00f1o (ml)<\/td>\n<td style=\"width: 54pt; text-align: center;\" width=\"72\">Material<\/td>\n<td style=\"width: 54pt; text-align: center;\" width=\"72\">Tipo de tapa<\/td>\n<td style=\"width: 54pt; text-align: center;\" width=\"72\">Color y detalle de la bomba<\/td>\n<\/tr>\n<tr style=\"height: 13.50pt;\">\n<td style=\"height: 13.5pt; text-align: center;\" height=\"18\">60<\/td>\n<td class=\"et2\" style=\"text-align: center;\" rowspan=\"3\">Cristal<\/td>\n<td class=\"et2\" style=\"text-align: center;\" rowspan=\"3\">Negro mate<\/td>\n<td class=\"et2\" style=\"text-align: center;\" rowspan=\"3\">Anillo rosa\/azul\/negro + oro<\/td>\n<\/tr>\n<tr style=\"height: 13.50pt;\">\n<td style=\"height: 13.5pt; text-align: center;\" height=\"18\">80<\/td>\n<\/tr>\n<tr style=\"height: 13.50pt;\">\n<td style=\"height: 13.5pt; text-align: center;\" height=\"18\">100<\/td>\n<\/tr>\n<\/tbody>\n<\/table>\n<h2>Caso de \u00e9xito<\/h2>\n<p>Una exclusiva marca europea de perfumes independiente y especializada seleccion\u00f3 estos frascos de perfume vintage de cristal como el envase principal de su l\u00ednea de lujo. La marca busc\u00f3 conservar el estilo art\u00edstico vintage del vidrio, pero al mismo tiempo decidi\u00f3 engrosar el hombro del frasco para hacerlo m\u00e1s agradable al tacto y darle una sensaci\u00f3n de peso. La boquilla del pulverizador presenta un dise\u00f1o personalizado en tres colores: oro rosa galvanizado, negro brillante y azul hielo, combinado con un collar met\u00e1lico del mismo acabado para crear una identidad visual unificada. El tap\u00f3n es de acr\u00edlico transparente con un n\u00facleo met\u00e1lico incrustado, lo que lo hace resistente a los ara\u00f1azos y realza a\u00fan m\u00e1s su aspecto lujoso.<\/p>\n<p>El resultado final ha incrementado dr\u00e1sticamente el reconocimiento de la marca tanto en los grandes almacenes como en los canales online, consiguiendo as\u00ed un incremento de ventas del 35% tres meses despu\u00e9s del lanzamiento de la nueva l\u00ednea.<\/p>\n<h2>Sus opciones de personalizaci\u00f3n<\/h2>\n<ol>\n<li><strong>Selecci\u00f3n del material y proceso de la tapa de la botella:<\/strong> Hay muchas opciones, desde acr\u00edlico transparente, cristal de imitaci\u00f3n s\u00f3lido hasta revestimiento de metal, junto con la posibilidad de mejorar la resistencia a rayones y grietas.<\/li>\n<li><strong>Personalizaci\u00f3n de la decoraci\u00f3n de superficies:<\/strong> Equipado para estampaci\u00f3n en caliente (oro\/plata), pulverizaci\u00f3n mate, pulverizaci\u00f3n de color degradado, galvanoplastia, impresi\u00f3n UV y la combinaci\u00f3n de brillo parcial y mate general para estilos retro o lujosos.<\/li>\n<li><strong>Presentaci\u00f3n del logotipo de la marca:<\/strong> El logotipo de una marca se puede expresar de diferentes maneras, como mediante serigraf\u00eda en el cuerpo de una botella, grabado en la base, incrustaci\u00f3n de una placa de metal y estampado con papel de oro en un collar, lo que puede satisfacer la personalidad de diferentes marcas.<\/li>\n<\/ol>","protected":false},"excerpt":{"rendered":"<p>Frascos de perfume vintage de cristal de proveedor directo de f\u00e1brica; y estos frascos de perfume en aerosol brindan personalizaci\u00f3n a granel, muestras gratis y entrega para marcas.<\/p>","protected":false},"featured_media":4525,"template":"","meta":{"postBodyCss":"","postBodyMargin":[],"postBodyPadding":[],"postBodyBackground":{"backgroundType":"classic","gradient":""}},"product_brand":[],"product_cat":[15,16,62],"product_tag":[],"class_list":{"0":"post-4517","1":"product","2":"type-product","3":"status-publish","4":"has-post-thumbnail","6":"product_cat-glass-containers","7":"product_cat-glass-bottles","8":"product_cat-perfume-bottles","10":"first","11":"instock","12":"shipping-taxable","13":"product-type-simple"},"jetpack_sharing_enabled":true,"_links":{"self":[{"href":"https:\/\/minghanggroup.com\/es\/wp-json\/wp\/v2\/product\/4517","targetHints":{"allow":["GET"]}}],"collection":[{"href":"https:\/\/minghanggroup.com\/es\/wp-json\/wp\/v2\/product"}],"about":[{"href":"https:\/\/minghanggroup.com\/es\/wp-json\/wp\/v2\/types\/product"}],"wp:featuredmedia":[{"embeddable":true,"href":"https:\/\/minghanggroup.com\/es\/wp-json\/wp\/v2\/media\/4525"}],"wp:attachment":[{"href":"https:\/\/minghanggroup.com\/es\/wp-json\/wp\/v2\/media?parent=4517"}],"wp:term":[{"taxonomy":"product_brand","embeddable":true,"href":"https:\/\/minghanggroup.com\/es\/wp-json\/wp\/v2\/product_brand?post=4517"},{"taxonomy":"product_cat","embeddable":true,"href":"https:\/\/minghanggroup.com\/es\/wp-json\/wp\/v2\/product_cat?post=4517"},{"taxonomy":"product_tag","embeddable":true,"href":"https:\/\/minghanggroup.com\/es\/wp-json\/wp\/v2\/product_tag?post=4517"}],"curies":[{"name":"wp","href":"https:\/\/api.w.org\/{rel}","templated":true}]}}