{"id":4507,"date":"2026-01-09T13:36:30","date_gmt":"2026-01-09T05:36:30","guid":{"rendered":"https:\/\/minghanggroup.com\/?post_type=product&#038;p=4507"},"modified":"2026-01-09T14:39:52","modified_gmt":"2026-01-09T06:39:52","slug":"empty-square-fragrance-spray-bottles-wholesale","status":"publish","type":"product","link":"https:\/\/minghanggroup.com\/es\/producto\/empty-square-fragrance-spray-bottles-wholesale\/","title":{"rendered":"Botellas de spray de fragancia cuadradas vac\u00edas de 30 ml, 50 ml y 100 ml al por mayor"},"content":{"rendered":"<p>Las botellas rociadoras de fragancia est\u00e1n dise\u00f1adas con vidrio transparente, forma cuadrada, l\u00edneas suaves y fluidas y tres tipos de tapas que incluyen una tapa transparente multifac\u00e9tica, una tapa cil\u00edndrica negra mate y una boquilla rociadora plateada pulida.<\/p>\n<h2>Caracter\u00edsticas del producto<\/h2>\n<ul>\n<li><strong>Vidrio de alta claridad:<\/strong> El vidrio completamente transparente deja visible la fragancia en el interior, lo que hace que el producto tenga un tacto limpio y elegante.<\/li>\n<li><strong>Varias opciones de tapas:<\/strong> La variedad de tapas (diamante, talladas, cil\u00edndricas negras, spray plateado) satisface una amplia gama de necesidades de marca.<\/li>\n<li><strong>Forma del cuadrado de la botella:<\/strong> La botella es suave, con una sensaci\u00f3n moderna y c\u00f3moda y un aspecto elegante.<\/li>\n<\/ul>\n<h2 style=\"text-align: left;\">Especificaciones clave<\/h2>\n<table class=\"aligncenter\" style=\"border-collapse: collapse; width: 438.77pt;\" border=\"0\" width=\"585\" cellspacing=\"0\" cellpadding=\"0\">\n<tbody>\n<tr style=\"height: 13.50pt;\">\n<td style=\"height: 13.50pt; width: 119.25pt;\" width=\"159\" height=\"18\">Especificaci\u00f3n<\/td>\n<td style=\"width: 319.50pt;\" width=\"426\">Detalles<\/td>\n<\/tr>\n<tr style=\"height: 13.50pt;\">\n<td style=\"height: 13.50pt;\" height=\"18\">Dimensiones<\/td>\n<td>46\u00d725\u00d768 mm (30 ml) \/ 46\u00d730\u00d7100 mm (50 ml) \/ 63\u00d730\u00d7113 mm (100 ml)<\/td>\n<\/tr>\n<tr style=\"height: 13.50pt;\">\n<td style=\"height: 13.50pt;\" height=\"18\">Material<\/td>\n<td>Tapa de vidrio, pl\u00e1stico o metal de alta claridad<\/td>\n<\/tr>\n<tr style=\"height: 13.50pt;\">\n<td style=\"height: 13.50pt;\" height=\"18\">Forma de la botella<\/td>\n<td>Rect\u00e1ngulo<\/td>\n<\/tr>\n<tr style=\"height: 13.50pt;\">\n<td style=\"height: 13.50pt;\" height=\"18\">Alcance de personalizaci\u00f3n<\/td>\n<td>Forma de la botella, tama\u00f1o, color, glaseado y acabado<\/td>\n<\/tr>\n<tr style=\"height: 13.50pt;\">\n<td style=\"height: 13.50pt;\" height=\"18\">Artesan\u00eda<\/td>\n<td>Moldeo de vidrio, fabricaci\u00f3n de tapas de precisi\u00f3n (corte de diamante, metalister\u00eda)<\/td>\n<\/tr>\n<tr style=\"height: 13.50pt;\">\n<td style=\"height: 13.50pt;\" height=\"18\">Prop\u00f3sito del producto<\/td>\n<td>Frascos de fragancia en aerosol, frascos de perfume personalizados<\/td>\n<\/tr>\n<tr style=\"height: 13.50pt;\">\n<td style=\"height: 13.50pt;\" height=\"18\">Industrias adecuadas<\/td>\n<td>Perfumer\u00eda contempor\u00e1nea, nicho y venta minorista de lujo<\/td>\n<\/tr>\n<\/tbody>\n<\/table>\n<h2>Historia de \u00e9xito: Una colecci\u00f3n de regalos de \u00e9xito en ventas de una marca de estilo de vida de S\u00eddney<\/h2>\n<p>Un famoso estudio de dise\u00f1o n\u00f3rdico nos encarg\u00f3 la creaci\u00f3n de perfumes personalizados con tapones de corte de diamante hechos a medida. Su pedido inicial fue de 1800 botellas. El posicionamiento en el mercado fue muy positivo; la amplia gama de tapones y la distintiva forma de la botella contribuyeron a un aumento del 44 % en las ventas en los lineales. Esta armoniosa est\u00e9tica del frasco de perfume impuls\u00f3 un crecimiento del 250 % en las ventas durante el primer a\u00f1o, en comparaci\u00f3n con las previsiones. El estudio qued\u00f3 muy satisfecho y posteriormente encarg\u00f3 otras 500\u00a0000 botellas, listo para incursionar en el mercado internacional.<\/p>\n<h2>Personalizaci\u00f3n de botellas de spray de fragancia<\/h2>\n<ul>\n<li>Color y transparencia del vidrio: Puede ser en vidrio transparente, tintado o esmerilado.<\/li>\n<li>Tapas personalizadas: Tambi\u00e9n se ofrecen tapas con dise\u00f1os \u00fanicos, pudiendo considerarse colores, materiales (madera, cer\u00e1mica) o facetas de dise\u00f1o espec\u00edficos.<\/li>\n<li>Grabado l\u00e1ser: la superficie del vidrio puede estar decorada con algunos patrones simples o logotipos de marca grabados.<\/li>\n<li>Colores de boquilla personalizados: elija el color de la boquilla que combinar\u00e1 con la tapa o el color de la marca.<\/li>\n<\/ul>","protected":false},"excerpt":{"rendered":"<p>Frascos de fragancia en aerosol de vidrio transparente cuadrado con tapas variadas. Soluci\u00f3n de perfume personalizada directamente de f\u00e1brica para marcas, recargas y empaques minoristas.<\/p>","protected":false},"featured_media":4510,"template":"","meta":{"postBodyCss":"","postBodyMargin":[],"postBodyPadding":[],"postBodyBackground":{"backgroundType":"classic","gradient":""}},"product_brand":[],"product_cat":[15,16,62],"product_tag":[],"class_list":{"0":"post-4507","1":"product","2":"type-product","3":"status-publish","4":"has-post-thumbnail","6":"product_cat-glass-containers","7":"product_cat-glass-bottles","8":"product_cat-perfume-bottles","10":"first","11":"instock","12":"shipping-taxable","13":"product-type-simple"},"jetpack_sharing_enabled":true,"_links":{"self":[{"href":"https:\/\/minghanggroup.com\/es\/wp-json\/wp\/v2\/product\/4507","targetHints":{"allow":["GET"]}}],"collection":[{"href":"https:\/\/minghanggroup.com\/es\/wp-json\/wp\/v2\/product"}],"about":[{"href":"https:\/\/minghanggroup.com\/es\/wp-json\/wp\/v2\/types\/product"}],"wp:featuredmedia":[{"embeddable":true,"href":"https:\/\/minghanggroup.com\/es\/wp-json\/wp\/v2\/media\/4510"}],"wp:attachment":[{"href":"https:\/\/minghanggroup.com\/es\/wp-json\/wp\/v2\/media?parent=4507"}],"wp:term":[{"taxonomy":"product_brand","embeddable":true,"href":"https:\/\/minghanggroup.com\/es\/wp-json\/wp\/v2\/product_brand?post=4507"},{"taxonomy":"product_cat","embeddable":true,"href":"https:\/\/minghanggroup.com\/es\/wp-json\/wp\/v2\/product_cat?post=4507"},{"taxonomy":"product_tag","embeddable":true,"href":"https:\/\/minghanggroup.com\/es\/wp-json\/wp\/v2\/product_tag?post=4507"}],"curies":[{"name":"wp","href":"https:\/\/api.w.org\/{rel}","templated":true}]}}