{"id":4505,"date":"2026-01-09T14:41:47","date_gmt":"2026-01-09T06:41:47","guid":{"rendered":"https:\/\/minghanggroup.com\/?post_type=product&#038;p=4505"},"modified":"2026-01-09T16:57:24","modified_gmt":"2026-01-09T08:57:24","slug":"glass-fragrance-bottles-with-black-square-lids-bulk","status":"publish","type":"product","link":"https:\/\/minghanggroup.com\/es\/producto\/glass-fragrance-bottles-with-black-square-lids-bulk\/","title":{"rendered":"Botellas de vidrio para fragancias de 60 ml, 80 ml y 100 ml con tapas cuadradas negras al por mayor"},"content":{"rendered":"<p>Tus frascos de fragancia no solo deben contener aroma, sino tambi\u00e9n cautivar a quienes los visitan. Por eso, nuestra l\u00ednea de frascos de fragancia al por mayor combina una claridad cristalina con un contraste audaz, haciendo que tu perfume personalizado luzca de primera calidad incluso antes de la primera aplicaci\u00f3n.<\/p>\n<h2>Caracter\u00edsticas del producto<\/h2>\n<ul>\n<li><strong>Claridad cristalina: <\/strong>Es un hecho que el vidrio transparente revela el color real de su fragancia, sin reflejos enga\u00f1osos, sino simplemente el encanto puro del vidrio.<\/li>\n<li><strong>Contraste de gorra negra: <\/strong>\u00bfVidrio transparente con tapas negras mate? Un toque visual para el empaque de tu perfume, sin necesidad de un segundo.<\/li>\n<li><strong>Silueta moderna: <\/strong>Las l\u00edneas estrechas y altas se adaptan perfectamente a cualquier estante. Las botellas de fragancia de vidrio al por mayor son un lujo contempor\u00e1neo.<\/li>\n<\/ul>\n<h2>Especificaciones clave<\/h2>\n<table style=\"border-collapse: collapse; width: 80%; margin-left: auto; margin-right: auto;\" border=\"0\" width=\"288\" cellspacing=\"0\" cellpadding=\"0\">\n<tbody>\n<tr style=\"height: 13.50pt;\">\n<td style=\"height: 13.5pt; width: 54pt; text-align: center;\" width=\"72\" height=\"18\">Tama\u00f1o (ml)<\/td>\n<td style=\"width: 54pt; text-align: center;\" width=\"72\">Dimensiones<\/td>\n<td style=\"width: 54pt; text-align: center;\" width=\"72\">Material<\/td>\n<td style=\"width: 54pt; text-align: center;\" width=\"72\">Tipo de tapa<\/td>\n<td style=\"width: 54pt; text-align: center;\" width=\"72\">Tipo de sellado<\/td>\n<\/tr>\n<tr style=\"height: 13.50pt;\">\n<td style=\"height: 13.5pt; text-align: center;\" align=\"right\" height=\"18\">60<\/td>\n<td class=\"et2\" style=\"text-align: center;\" rowspan=\"3\">53 x 35 x 116 mil\u00edmetros<\/td>\n<td class=\"et2\" style=\"text-align: center;\" rowspan=\"3\">Cristal<\/td>\n<td class=\"et2\" style=\"text-align: center;\" rowspan=\"3\">Negro mate<\/td>\n<td class=\"et2\" style=\"text-align: center;\" rowspan=\"3\">Parte superior en aerosol<\/td>\n<\/tr>\n<tr style=\"height: 13.50pt;\">\n<td style=\"height: 13.5pt; text-align: center;\" align=\"right\" height=\"18\">80<\/td>\n<\/tr>\n<tr style=\"height: 13.50pt;\">\n<td style=\"height: 13.5pt; text-align: center;\" align=\"right\" height=\"18\">100<\/td>\n<\/tr>\n<\/tbody>\n<\/table>\n<h2>Caso de \u00e9xito<\/h2>\n<p>Una empresa especializada en fragancias buscaba una soluci\u00f3n de envasado que expresara los aspectos naturales y contempor\u00e1neos de su aroma caracter\u00edstico. Para transmitir el mensaje de su fragancia, la marca decidi\u00f3 no solo elegir nuestros frascos de vidrio rectangulares minimalistas al por mayor, sino tambi\u00e9n personalizarlos con un discreto logotipo grabado en relieve en el hombro, un acabado ligeramente esmerilado en el cuerpo del frasco y delicados estampados de seda que permit\u00edan que la mirada se dejara llevar a\u00fan m\u00e1s por la profundidad.<\/p>\n<p>En consecuencia, el nuevo embalaje mejor\u00f3 enormemente la capacidad del producto para atraer clientes en el estante, as\u00ed como la lealtad a la marca, que ha sido el factor principal que ha llevado a un aumento del 35% en los pedidos repetidos de los distribuidores.<\/p>\n<h2>Sus opciones de personalizaci\u00f3n<\/h2>\n<ol>\n<li><strong>Narraci\u00f3n de historias a color de gorra:<\/strong> Tapones negros para aromas amaderados, plateados para notas frescas: tu tap\u00f3n define el ambiente.<\/li>\n<li><strong>Acabado mate m\u00e1gico:<\/strong> Utilice tapas negras mate para l\u00edneas modernas y brillantes para l\u00edneas cl\u00e1sicas: combinen con el estilo de su marca.<\/li>\n<li><strong>Grabado minimalista, m\u00e1ximo impacto: <\/strong>Grabe con l\u00e1ser su logotipo en el lateral de la botella (no s\u00f3lo en la tapa).<\/li>\n<\/ol>","protected":false},"excerpt":{"rendered":"<p>Elegantes frascos de fragancia transparentes con perfil rectangular y acabado en spray. Suministro directo de f\u00e1brica. Frascos de fragancia al por mayor para personalizar.<\/p>","protected":false},"featured_media":4515,"template":"","meta":{"postBodyCss":"","postBodyMargin":[],"postBodyPadding":[],"postBodyBackground":{"backgroundType":"classic","gradient":""}},"product_brand":[],"product_cat":[15,16,62],"product_tag":[],"class_list":{"0":"post-4505","1":"product","2":"type-product","3":"status-publish","4":"has-post-thumbnail","6":"product_cat-glass-containers","7":"product_cat-glass-bottles","8":"product_cat-perfume-bottles","10":"first","11":"instock","12":"shipping-taxable","13":"product-type-simple"},"jetpack_sharing_enabled":true,"_links":{"self":[{"href":"https:\/\/minghanggroup.com\/es\/wp-json\/wp\/v2\/product\/4505","targetHints":{"allow":["GET"]}}],"collection":[{"href":"https:\/\/minghanggroup.com\/es\/wp-json\/wp\/v2\/product"}],"about":[{"href":"https:\/\/minghanggroup.com\/es\/wp-json\/wp\/v2\/types\/product"}],"wp:featuredmedia":[{"embeddable":true,"href":"https:\/\/minghanggroup.com\/es\/wp-json\/wp\/v2\/media\/4515"}],"wp:attachment":[{"href":"https:\/\/minghanggroup.com\/es\/wp-json\/wp\/v2\/media?parent=4505"}],"wp:term":[{"taxonomy":"product_brand","embeddable":true,"href":"https:\/\/minghanggroup.com\/es\/wp-json\/wp\/v2\/product_brand?post=4505"},{"taxonomy":"product_cat","embeddable":true,"href":"https:\/\/minghanggroup.com\/es\/wp-json\/wp\/v2\/product_cat?post=4505"},{"taxonomy":"product_tag","embeddable":true,"href":"https:\/\/minghanggroup.com\/es\/wp-json\/wp\/v2\/product_tag?post=4505"}],"curies":[{"name":"wp","href":"https:\/\/api.w.org\/{rel}","templated":true}]}}