{"id":4499,"date":"2026-01-09T11:51:56","date_gmt":"2026-01-09T03:51:56","guid":{"rendered":"https:\/\/minghanggroup.com\/?post_type=product&#038;p=4499"},"modified":"2026-01-09T13:30:52","modified_gmt":"2026-01-09T05:30:52","slug":"flat-empty-pretty-perfume-bottles-wholesale","status":"publish","type":"product","link":"https:\/\/minghanggroup.com\/es\/producto\/flat-empty-pretty-perfume-bottles-wholesale\/","title":{"rendered":"Botellas de perfume bonitas, vac\u00edas y planas, de 25 ml, 50 ml y 100 ml, al por mayor"},"content":{"rendered":"<p>Estos bonitos frascos de perfume son realmente hermosos, con su cristal transparente (forma ligeramente cuadrada) y sus tapas de colores brillantes. Su dise\u00f1o transparente es una excelente manera de mostrar el color de la fragancia.<\/p>\n<h2>Caracter\u00edsticas del producto<\/h2>\n<ul>\n<li><strong>Botella de vidrio de alta transparencia:<\/strong> El aroma es visualmente el principal atractivo de la botella debido a su cristal ultra transparente, que revela un dise\u00f1o limpio y minimalista.<\/li>\n<li><strong>Dise\u00f1o de gorra en contraste:<\/strong> Al tener tapas azules y negras, seguramente le dar\u00e1 a los productos un aire divertido, y depende totalmente de usted qu\u00e9 acentos de color elija para reflejar el car\u00e1cter de su marca.<\/li>\n<li><strong>Botella cuadrada redondeada:<\/strong> La botella cuadrada presenta esquinas redondeadas para mayor comodidad al sostener la botella y colocarla convenientemente.<\/li>\n<\/ul>\n<h2 style=\"text-align: left;\">Especificaciones clave<\/h2>\n<table class=\"aligncenter\" style=\"border-collapse: collapse; width: 438.77pt;\" border=\"0\" width=\"585\" cellspacing=\"0\" cellpadding=\"0\">\n<tbody>\n<tr style=\"height: 13.50pt;\">\n<td style=\"height: 13.50pt; width: 119.25pt;\" width=\"159\" height=\"18\">Especificaci\u00f3n<\/td>\n<td style=\"width: 319.50pt;\" width=\"426\">Detalles<\/td>\n<\/tr>\n<tr style=\"height: 13.50pt;\">\n<td style=\"height: 13.50pt;\" height=\"18\">Dimensiones<\/td>\n<td>52 x 21 x 68 mm \/ 70 x 27 x 84 mm (50 ml) \/ 95 x 30 x 109 mm (100 ml)<\/td>\n<\/tr>\n<tr style=\"height: 13.50pt;\">\n<td style=\"height: 13.50pt;\" height=\"18\">Material<\/td>\n<td>Vidrio de alta claridad<\/td>\n<\/tr>\n<tr style=\"height: 13.50pt;\">\n<td style=\"height: 13.50pt;\" height=\"18\">Forma de la botella<\/td>\n<td>Prisma cuadrado redondeado<\/td>\n<\/tr>\n<tr style=\"height: 13.50pt;\">\n<td style=\"height: 13.50pt;\" height=\"18\">Alcance de personalizaci\u00f3n<\/td>\n<td>Forma, tama\u00f1o, color, acabado e impresi\u00f3n de la botella<\/td>\n<\/tr>\n<tr style=\"height: 13.50pt;\">\n<td style=\"height: 13.50pt;\" height=\"18\">Artesan\u00eda<\/td>\n<td>Moldeo de vidrio de precisi\u00f3n con bordes redondeados<\/td>\n<\/tr>\n<tr style=\"height: 13.50pt;\">\n<td style=\"height: 13.50pt;\" height=\"18\">Prop\u00f3sito del producto<\/td>\n<td>Botellas de perfume bonitas al por mayor, botellas de perfume vac\u00edas<\/td>\n<\/tr>\n<tr style=\"height: 13.50pt;\">\n<td style=\"height: 13.50pt;\" height=\"18\">Industrias adecuadas<\/td>\n<td>Perfumer\u00eda convencional y de nicho, estilo de vida y venta minorista de regalos<\/td>\n<\/tr>\n<\/tbody>\n<\/table>\n<h2>Historia de \u00e9xito: Una colecci\u00f3n de regalos de \u00e9xito en ventas de una marca de estilo de vida de S\u00eddney<\/h2>\n<p>Una de las marcas de moda de S\u00eddney eligi\u00f3 nuestro frasco de perfume en spray vac\u00edo de 100 ml con un estampado floral en el vidrio mediante impresi\u00f3n UV y un tap\u00f3n personalizado. Inicialmente, con un stock de 2000 frascos, su forma ligeramente cuadrada fue tan popular que el 85 % de las rese\u00f1as de los clientes lo calificaron de bonito pero sofisticado. Esto convirti\u00f3 los coloridos tapones en un s\u00edmbolo de marca, lo que impuls\u00f3 un aumento del 300 % en la distribuci\u00f3n de los productos del portafolio en redes sociales. Las ventas y la interacci\u00f3n con los clientes fueron tan satisfactorias para la marca que la empresa encarg\u00f3 300\u00a0000 frascos m\u00e1s para lanzar una nueva l\u00ednea de oto\u00f1o.<\/p>\n<h2>Personalizaci\u00f3n de los bonitos frascos de perfume<\/h2>\n<ul>\n<li>Colores de tapa personalizados: cualquier tipo de tapa cil\u00edndrica se puede combinar con cualquier marca en particular o cualquier color Pantene.<\/li>\n<li>Paneles de vidrio esmerilado: los paneles frontal y posterior deben tener un acabado esmerilado para lograr una apariencia suave y difusa.<\/li>\n<li>Serigraf\u00eda sobre vidrio: es un m\u00e9todo de impresi\u00f3n utilizado para imprimir patrones simples, logotipos o incluso texto sobre una pieza plana de vidrio.<\/li>\n<li>Detalles de textura en relieve: Grabe en 3D una fina textura en relieve en 3D sobre la botella de vidrio para mejorar la experiencia t\u00e1ctil y la est\u00e9tica de la textura.<\/li>\n<\/ul>","protected":false},"excerpt":{"rendered":"<p>Elegantes y elegantes frascos de perfume con bordes cuadrados y tapas de colores. Frascos de perfume en aerosol vac\u00edos al por mayor para pedidos al por mayor y soluciones de empaquetado de marca.<\/p>","protected":false},"featured_media":4506,"template":"","meta":{"postBodyCss":"","postBodyMargin":[],"postBodyPadding":[],"postBodyBackground":{"backgroundType":"classic","gradient":""}},"product_brand":[],"product_cat":[15,16,62],"product_tag":[],"class_list":{"0":"post-4499","1":"product","2":"type-product","3":"status-publish","4":"has-post-thumbnail","6":"product_cat-glass-containers","7":"product_cat-glass-bottles","8":"product_cat-perfume-bottles","10":"first","11":"instock","12":"shipping-taxable","13":"product-type-simple"},"jetpack_sharing_enabled":true,"_links":{"self":[{"href":"https:\/\/minghanggroup.com\/es\/wp-json\/wp\/v2\/product\/4499","targetHints":{"allow":["GET"]}}],"collection":[{"href":"https:\/\/minghanggroup.com\/es\/wp-json\/wp\/v2\/product"}],"about":[{"href":"https:\/\/minghanggroup.com\/es\/wp-json\/wp\/v2\/types\/product"}],"wp:featuredmedia":[{"embeddable":true,"href":"https:\/\/minghanggroup.com\/es\/wp-json\/wp\/v2\/media\/4506"}],"wp:attachment":[{"href":"https:\/\/minghanggroup.com\/es\/wp-json\/wp\/v2\/media?parent=4499"}],"wp:term":[{"taxonomy":"product_brand","embeddable":true,"href":"https:\/\/minghanggroup.com\/es\/wp-json\/wp\/v2\/product_brand?post=4499"},{"taxonomy":"product_cat","embeddable":true,"href":"https:\/\/minghanggroup.com\/es\/wp-json\/wp\/v2\/product_cat?post=4499"},{"taxonomy":"product_tag","embeddable":true,"href":"https:\/\/minghanggroup.com\/es\/wp-json\/wp\/v2\/product_tag?post=4499"}],"curies":[{"name":"wp","href":"https:\/\/api.w.org\/{rel}","templated":true}]}}