{"id":4485,"date":"2026-01-09T10:20:42","date_gmt":"2026-01-09T02:20:42","guid":{"rendered":"https:\/\/minghanggroup.com\/?post_type=product&#038;p=4485"},"modified":"2026-01-09T11:51:54","modified_gmt":"2026-01-09T03:51:54","slug":"blank-perfume-bottles-with-metal-lids-wholesale","status":"publish","type":"product","link":"https:\/\/minghanggroup.com\/es\/producto\/blank-perfume-bottles-with-metal-lids-wholesale\/","title":{"rendered":"Botellas de perfume vac\u00edas de 25 ml, 50 ml y 100 ml con tapas met\u00e1licas, venta al por mayor"},"content":{"rendered":"<p>Los frascos de perfume lisos son de vidrio de alta calidad con bordes lisos y formas cuadradas. Se venden en tres tama\u00f1os, incluyendo tapas de metal plateadas o doradas para realzar el lujo de la compra.<\/p>\n<h2>Caracter\u00edsticas del producto<\/h2>\n<ul>\n<li><strong>Cuerpo cuadrado con corte de borde:<\/strong> La botella cuadrada tiene bordes biselados que reflejan la luz con brillo, aportan textura y aportan un elegante dise\u00f1o geom\u00e9trico.<\/li>\n<li><strong>Opciones de tapa bimet\u00e1lica:<\/strong> Las tapas cil\u00edndricas plateadas o doradas tambi\u00e9n se pueden personalizar con el nombre de una marca, lo que crear\u00e1 un toque de lujo cl\u00e1sico.<\/li>\n<li><strong>Dos tama\u00f1osDos tama\u00f1os:<\/strong> Cinco y 100ml, tanto para el uso diario regular como para la experiencia sofisticada y personalizada.<\/li>\n<\/ul>\n<h2 style=\"text-align: left;\">Especificaciones clave<\/h2>\n<table class=\"aligncenter\" style=\"border-collapse: collapse; width: 493.52pt;\" border=\"0\" width=\"658\" cellspacing=\"0\" cellpadding=\"0\">\n<tbody>\n<tr style=\"height: 13.50pt;\">\n<td style=\"height: 13.50pt; width: 119.25pt;\" width=\"159\" height=\"18\">Especificaci\u00f3n<\/td>\n<td style=\"width: 374.25pt;\" width=\"499\">Detalles<\/td>\n<\/tr>\n<tr style=\"height: 13.50pt;\">\n<td style=\"height: 13.50pt;\" height=\"18\">Dimensiones<\/td>\n<td>41\u00d725\u00d777 mm (25 ml)\/ 43\u00d730\u00d788 mm (50 ml)\/ 53\u00d731\u00d773 mm (50 ml)\/ 57\u00d738\u00d7107 mm (100 ml)<\/td>\n<\/tr>\n<tr style=\"height: 13.50pt;\">\n<td style=\"height: 13.50pt;\" height=\"18\">Material<\/td>\n<td>Vidrio de alta claridad, tapas de metal<\/td>\n<\/tr>\n<tr style=\"height: 13.50pt;\">\n<td style=\"height: 13.50pt;\" height=\"18\">Alcance de personalizaci\u00f3n<\/td>\n<td>Forma de la botella, tama\u00f1o, color, acabado y glaseado<\/td>\n<\/tr>\n<tr style=\"height: 13.50pt;\">\n<td style=\"height: 13.50pt;\" height=\"18\">Artesan\u00eda<\/td>\n<td>Corte de vidrio de precisi\u00f3n, enchapado de metal<\/td>\n<\/tr>\n<tr style=\"height: 13.50pt;\">\n<td style=\"height: 13.50pt;\" height=\"18\">Prop\u00f3sito del producto<\/td>\n<td>Frascos de perfume de vidrio de lujo, frascos de perfume en blanco<\/td>\n<\/tr>\n<tr style=\"height: 13.50pt;\">\n<td style=\"height: 13.50pt;\" height=\"18\">Industrias adecuadas<\/td>\n<td>Alta perfumer\u00eda, marca blanca, venta minorista de lujo<\/td>\n<\/tr>\n<\/tbody>\n<\/table>\n<h2>Caso de \u00e9xito: Servicios de personalizaci\u00f3n de un estudio de perfumes de Londres<\/h2>\n<p>Un laboratorio de perfumes londinense especializado en la creaci\u00f3n de frascos de perfume personalizados necesitaba frascos elegantes y rellenables. Utilizaron nuestro frasco de perfume de vidrio de 100 ml con un tap\u00f3n dorado especial. El servicio premium, con un dise\u00f1o de alta gama, increment\u00f3 el valor promedio de la transacci\u00f3n en un 30 %, y los bordes cortados en 3D aumentaron el atractivo en los estantes de las tiendas en un 42 %. La satisfacci\u00f3n del estudio con el producto les llev\u00f3 a encargar otro lote de 150\u00a0000 frascos para su proyecto de personalizaci\u00f3n de los siguientes cinco a\u00f1os.<\/p>\n<h2>Personalizaci\u00f3n de frascos de perfume en blanco<\/h2>\n<ul>\n<li>Colores y efectos de vidrio: Est\u00e1 disponible en colores transparentes, ahumados o suaves, con una selecci\u00f3n de superficies transparentes, total o parcialmente esmeriladas.<\/li>\n<li>Personalizaci\u00f3n de Materiales de Tapas: Las tapas pueden ser de cer\u00e1mica, madera, pl\u00e1stico entre otros materiales.<\/li>\n<li>Grabado l\u00e1ser profundo: grabe patrones detallados, logotipos o letras en un extremo de la botella para que se convierta en una marca permanente y f\u00e1cil de agarrar.<\/li>\n<li>Panel de logotipo arenado: este panel es esmerilado aparece en un lado de la botella cuadrada con una apariencia de logotipo ligeramente mate.<\/li>\n<\/ul>","protected":false},"excerpt":{"rendered":"<p>Elegantes frascos de perfume lisos con bordes de cristal tallado. Cada frasco de perfume de vidrio incluye un pulverizador met\u00e1lico. Precios al por mayor para pedidos al por mayor. \u00a1Env\u00edo r\u00e1pido!<\/p>","protected":false},"featured_media":4498,"template":"","meta":{"postBodyCss":"","postBodyMargin":[],"postBodyPadding":[],"postBodyBackground":{"backgroundType":"classic","gradient":""}},"product_brand":[],"product_cat":[15,16,62],"product_tag":[],"class_list":{"0":"post-4485","1":"product","2":"type-product","3":"status-publish","4":"has-post-thumbnail","6":"product_cat-glass-containers","7":"product_cat-glass-bottles","8":"product_cat-perfume-bottles","10":"first","11":"instock","12":"shipping-taxable","13":"product-type-simple"},"jetpack_sharing_enabled":true,"_links":{"self":[{"href":"https:\/\/minghanggroup.com\/es\/wp-json\/wp\/v2\/product\/4485","targetHints":{"allow":["GET"]}}],"collection":[{"href":"https:\/\/minghanggroup.com\/es\/wp-json\/wp\/v2\/product"}],"about":[{"href":"https:\/\/minghanggroup.com\/es\/wp-json\/wp\/v2\/types\/product"}],"wp:featuredmedia":[{"embeddable":true,"href":"https:\/\/minghanggroup.com\/es\/wp-json\/wp\/v2\/media\/4498"}],"wp:attachment":[{"href":"https:\/\/minghanggroup.com\/es\/wp-json\/wp\/v2\/media?parent=4485"}],"wp:term":[{"taxonomy":"product_brand","embeddable":true,"href":"https:\/\/minghanggroup.com\/es\/wp-json\/wp\/v2\/product_brand?post=4485"},{"taxonomy":"product_cat","embeddable":true,"href":"https:\/\/minghanggroup.com\/es\/wp-json\/wp\/v2\/product_cat?post=4485"},{"taxonomy":"product_tag","embeddable":true,"href":"https:\/\/minghanggroup.com\/es\/wp-json\/wp\/v2\/product_tag?post=4485"}],"curies":[{"name":"wp","href":"https:\/\/api.w.org\/{rel}","templated":true}]}}