{"id":4484,"date":"2026-01-09T10:26:55","date_gmt":"2026-01-09T02:26:55","guid":{"rendered":"https:\/\/minghanggroup.com\/?post_type=product&#038;p=4484"},"modified":"2026-04-14T09:58:47","modified_gmt":"2026-04-14T01:58:47","slug":"vintage-crystal-perfume-bottles-with-wooden-lids-bulk","status":"publish","type":"product","link":"https:\/\/minghanggroup.com\/es\/producto\/vintage-crystal-perfume-bottles-with-wooden-lids-bulk\/","title":{"rendered":"Frascos de perfume vintage de cristal de 30 ml y 50 ml con tapa de madera al por mayor"},"content":{"rendered":"<p>Tus frascos de perfume vintage de cristal no solo deben contener aroma, sino tambi\u00e9n venderlo. Fabricamos frascos de perfume vintage de cristal que combinan el encanto antiguo con la funcionalidad moderna, convirtiendo tu perfume personalizado en un elemento de conversaci\u00f3n instant\u00e1neo.<\/p>\n<h2>Caracter\u00edsticas del producto<\/h2>\n<ul>\n<li><strong>Silueta rectangular de inspiraci\u00f3n vintage:<\/strong> La forma familiar de una botella con \u00e1ngulos rectos m\u00e1s l\u00edneas geom\u00e9tricas revelan las proporciones estables y la belleza t\u00edpicas de los frascos de perfume vintage.<\/li>\n<li><strong>Contraste de tapa de madera natural:<\/strong> La parte superior de madera desnuda se destaca contra el vidrio transparente, brindando una personalidad de marca que es una combinaci\u00f3n de naturaleza, estilo antiguo y est\u00e9tica artesanal.<\/li>\n<li><strong>Dise\u00f1o de panel de etiquetas empotrado:<\/strong> La parte frontal de los frascos de perfume de vidrio vintage tiene un panel de etiqueta empotrado que es perfecto para calcoman\u00edas, serigraf\u00eda o estampado en caliente y mantiene el aspecto general limpio y ordenado.<\/li>\n<\/ul>\n<h2>Especificaciones clave<\/h2>\n<table style=\"border-collapse: collapse; width: 80%; margin-left: auto; margin-right: auto;\" border=\"0\" width=\"360\" cellspacing=\"0\" cellpadding=\"0\">\n<tbody>\n<tr style=\"height: 13.50pt;\">\n<td style=\"height: 13.5pt; width: 54pt; text-align: center;\" width=\"72\" height=\"18\">Capacidad (ml)<\/td>\n<td style=\"width: 54pt; text-align: center;\" width=\"72\">Dimensiones (mm)<\/td>\n<td style=\"width: 54pt; text-align: center;\" width=\"72\">Material<\/td>\n<td style=\"width: 54pt; text-align: center;\" width=\"72\">Tapa<\/td>\n<td style=\"width: 54pt; text-align: center;\" width=\"72\">Opciones de personalizaci\u00f3n<\/td>\n<\/tr>\n<tr style=\"height: 13.50pt;\">\n<td style=\"height: 13.5pt; text-align: center;\" align=\"right\" height=\"18\">30<\/td>\n<td style=\"text-align: center;\">36 \u00d7 36 \u00d7 66<\/td>\n<td class=\"et2\" style=\"text-align: center;\" rowspan=\"2\">Cristal<\/td>\n<td class=\"et2\" style=\"text-align: center;\" rowspan=\"2\">tapas de madera<\/td>\n<td class=\"et2\" style=\"text-align: center;\" rowspan=\"2\">Logotipo, grabado, recubrimiento UV, estampaci\u00f3n en caliente<\/td>\n<\/tr>\n<tr style=\"height: 13.50pt;\">\n<td style=\"height: 13.5pt; text-align: center;\" align=\"right\" height=\"18\">50<\/td>\n<td style=\"text-align: center;\">42 \u00d7 42 \u00d7 77<\/td>\n<\/tr>\n<\/tbody>\n<\/table>\n<h2>Caso de \u00e9xito<\/h2>\n<p>Un estudio de perfumes de estilo vintage, tras recibir comentarios muy positivos sobre sus fragancias, no lograba comprender en qu\u00e9 se diferenciar\u00edan sus productos de otros en los abarrotados estantes de las tiendas. Tras decidir un cambio de empaque, la marca opt\u00f3 por nuestros frascos de perfume de cristal vintage y realiz\u00f3 un primer pedido de 5000 unidades. Los frascos se personalizaron con un vidrio tintado de color \u00e1mbar suave, un logotipo en relieve muy ligero en el panel frontal y hermosos dise\u00f1os serigrafiados inspirados en el estilo cl\u00e1sico de boticario.<\/p>\n<p>El efecto fue inmediato: el elegante aura vintage atrajo m\u00e1s atenci\u00f3n en las tiendas, por lo que la marca pudo colocar sus productos en unas cuantas perfumer\u00edas boutique, mientras que las ventas generales aumentaron un 32% en los primeros tres meses.<\/p>\n<h2>Sus opciones de personalizaci\u00f3n<\/h2>\n<ol>\n<li><strong>Maridaje de gorras de madera:<\/strong> Puedes combinar las tapas de roble con aromas terrosos y las tapas de nogal con aromas florales: tu tapa revelar\u00e1 la historia incluso antes de la primera pulverizaci\u00f3n.<\/li>\n<li><strong>Magia del recubrimiento UV:<\/strong> Puedes mezclar una funda mate en la madera y un acabado brillante en el vidrio para agregar profundidad t\u00e1ctil que juegue con la iluminaci\u00f3n de la tienda.<\/li>\n<li><strong>Estampado en caliente de lujo:<\/strong> \u00bfCrees que las exquisitas tapas de madera podr\u00edan ser doradas? Adem\u00e1s, dejar que la l\u00e1mina de oro hable hace maravillas a un precio mucho menor.<\/li>\n<\/ol>","protected":false},"excerpt":{"rendered":"<p>Frascos de perfume vintage de cristal con una elegante forma rectangular y tapas de madera. Suministro directo de f\u00e1brica de frascos de perfume vintage de cristal con muestras gratuitas.<\/p>","protected":false},"featured_media":4489,"template":"","meta":{"postBodyCss":"","postBodyMargin":[],"postBodyPadding":[],"postBodyBackground":{"backgroundType":"classic","gradient":""}},"product_brand":[],"product_cat":[15,16,62],"product_tag":[111],"class_list":{"0":"post-4484","1":"product","2":"type-product","3":"status-publish","4":"has-post-thumbnail","6":"product_cat-glass-containers","7":"product_cat-glass-bottles","8":"product_cat-perfume-bottles","9":"product_tag-glass-mist-bottles","11":"first","12":"instock","13":"shipping-taxable","14":"product-type-simple"},"jetpack_sharing_enabled":true,"_links":{"self":[{"href":"https:\/\/minghanggroup.com\/es\/wp-json\/wp\/v2\/product\/4484","targetHints":{"allow":["GET"]}}],"collection":[{"href":"https:\/\/minghanggroup.com\/es\/wp-json\/wp\/v2\/product"}],"about":[{"href":"https:\/\/minghanggroup.com\/es\/wp-json\/wp\/v2\/types\/product"}],"wp:featuredmedia":[{"embeddable":true,"href":"https:\/\/minghanggroup.com\/es\/wp-json\/wp\/v2\/media\/4489"}],"wp:attachment":[{"href":"https:\/\/minghanggroup.com\/es\/wp-json\/wp\/v2\/media?parent=4484"}],"wp:term":[{"taxonomy":"product_brand","embeddable":true,"href":"https:\/\/minghanggroup.com\/es\/wp-json\/wp\/v2\/product_brand?post=4484"},{"taxonomy":"product_cat","embeddable":true,"href":"https:\/\/minghanggroup.com\/es\/wp-json\/wp\/v2\/product_cat?post=4484"},{"taxonomy":"product_tag","embeddable":true,"href":"https:\/\/minghanggroup.com\/es\/wp-json\/wp\/v2\/product_tag?post=4484"}],"curies":[{"name":"wp","href":"https:\/\/api.w.org\/{rel}","templated":true}]}}