{"id":4472,"date":"2026-01-08T16:31:41","date_gmt":"2026-01-08T08:31:41","guid":{"rendered":"https:\/\/minghanggroup.com\/?post_type=product&#038;p=4472"},"modified":"2026-04-14T10:05:16","modified_gmt":"2026-04-14T02:05:16","slug":"square-brown-perfume-bottles-with-black-lids-bulk","status":"publish","type":"product","link":"https:\/\/minghanggroup.com\/es\/producto\/square-brown-perfume-bottles-with-black-lids-bulk\/","title":{"rendered":"Frascos de perfume cuadrados marrones de 50 ml con tapas negras al por mayor"},"content":{"rendered":"<p>Estos frascos de perfume marrones est\u00e1n hechos de vidrio transl\u00facido de color marr\u00f3n oscuro. Su elegante dise\u00f1o se debe a su cuerpo cuadrado y angular y a su tap\u00f3n cil\u00edndrico negro, simple pero elegante.<\/p>\n<h2>Caracter\u00edsticas del producto<\/h2>\n<ul>\n<li><strong>Textura transl\u00facida de color marr\u00f3n oscuro:<\/strong> El vidrio marr\u00f3n es rico y ofrece un aspecto c\u00e1lido, terroso y de alta gama que protege aquellos contenidos que son sensibles a la luz.<\/li>\n<li><strong>Dise\u00f1o en contraste negro y marr\u00f3n:<\/strong> La tapa negra tiene un ligero contraste con la botella marr\u00f3n oscuro y le da un aspecto limpio y sofisticado al producto que le a\u00f1ade calidad.<\/li>\n<li><strong>Forma cuadrada de lujo:<\/strong> El dise\u00f1o simple de la botella cuadrada es ordenado y port\u00e1til, peque\u00f1o para usar en la vida cotidiana y tambi\u00e9n en el empaque de perfumes de nicho.<\/li>\n<\/ul>\n<h2 style=\"text-align: left;\">Especificaciones clave<\/h2>\n<table class=\"aligncenter\" style=\"border-collapse: collapse; width: 469.52pt;\" border=\"0\" width=\"626\" cellspacing=\"0\" cellpadding=\"0\">\n<tbody>\n<tr style=\"height: 13.50pt;\">\n<td style=\"height: 13.50pt; width: 119.25pt;\" width=\"159\" height=\"18\">Especificaci\u00f3n<\/td>\n<td style=\"width: 350.25pt;\" width=\"467\">Detalles<\/td>\n<\/tr>\n<tr style=\"height: 13.50pt;\">\n<td style=\"height: 13.50pt;\" height=\"18\">Capacidad<\/td>\n<td>50 ml<\/td>\n<\/tr>\n<tr style=\"height: 13.50pt;\">\n<td style=\"height: 13.50pt;\" height=\"18\">Dimensiones<\/td>\n<td>39\u00d739\u00d786 mm<\/td>\n<\/tr>\n<tr style=\"height: 13.50pt;\">\n<td style=\"height: 13.50pt;\" height=\"18\">Material<\/td>\n<td>Vidrio marr\u00f3n semitransparente<\/td>\n<\/tr>\n<tr style=\"height: 13.50pt;\">\n<td style=\"height: 13.50pt;\" height=\"18\">Forma de la botella<\/td>\n<td>Cuadrado<\/td>\n<\/tr>\n<tr style=\"height: 13.50pt;\">\n<td style=\"height: 13.50pt;\" height=\"18\">Alcance de personalizaci\u00f3n<\/td>\n<td>Forma, tama\u00f1o, color, acabado y grabado de la botella<\/td>\n<\/tr>\n<tr style=\"height: 13.50pt;\">\n<td style=\"height: 13.50pt;\" height=\"18\">Artesan\u00eda<\/td>\n<td>Moldeado y facetado de vidrio de precisi\u00f3n, tintado de vidrio oscuro<\/td>\n<\/tr>\n<tr style=\"height: 13.50pt;\">\n<td style=\"height: 13.50pt;\" height=\"18\">Prop\u00f3sito del producto<\/td>\n<td>Frascos de perfume personalizados, frascos de perfume para hombre<\/td>\n<\/tr>\n<tr style=\"height: 13.50pt;\">\n<td style=\"height: 13.50pt;\" height=\"18\">Industrias adecuadas<\/td>\n<td>Perfumer\u00eda Artesanal, Marcas Naturales y Ecol\u00f3gicas, Cuidado Masculino<\/td>\n<\/tr>\n<\/tbody>\n<\/table>\n<h2>Historia de \u00e9xito<\/h2>\n<p>Una de las marcas artesanales m\u00e1s reconocidas del noroeste del Pac\u00edfico decidi\u00f3 usar nuestra botella de colonia marr\u00f3n de 50 ml, dise\u00f1ando el cuerpo con el color del roble quemado y colocando una tapa negra mate con vetas de madera. El vidrio marr\u00f3n ofrece una protecci\u00f3n UV del 99 %, fundamental para la conservaci\u00f3n de los aceites esenciales naturales. Su forma angular y definida tambi\u00e9n ofrece un excelente agarre antideslizante, como lo menciona el 45 % de las rese\u00f1as de los clientes. Las primeras 20\u00a0000 botellas vendieron su cuota en l\u00ednea en 72 horas. La marca qued\u00f3 muy satisfecha y encarg\u00f3 450\u00a0000 botellas adicionales para desarrollar un producto estable y adentrarse en el mercado de las fragancias para el hogar.<\/p>\n<h2>Personalizaci\u00f3n de frascos de perfume marrones<\/h2>\n<ul>\n<li>Color y Transparencia del Vidrio: Posee una amplia gama de colores marrones (\u00e1mbar, co\u00f1ac, espresso) y transparencias.<\/li>\n<li>Dise\u00f1o y tama\u00f1o biselados: Dise\u00f1e de forma personalizada el ancho, la profundidad y el \u00e1ngulo de los bordes cortados multifac\u00e9ticos para desarrollar un perfil distintivo de la botella.<\/li>\n<li>Material y acabado de la tapa: Los materiales de la tapa pueden ser pl\u00e1stico negro mate o madera te\u00f1ida y metal texturizado.<\/li>\n<li>Base de vidrio texturizado: se agregan texturas punteadas o pulidas con chorro de arena en la base para brindar una experiencia t\u00e1ctil.<\/li>\n<\/ul>","protected":false},"excerpt":{"rendered":"<p>Botella de colonia marr\u00f3n moderna con tap\u00f3n de spray negro minimalista y vidrio de primera calidad. Opciones de botellas de perfume marr\u00f3n OEM y al por mayor para marcas blancas.<\/p>","protected":false},"featured_media":4473,"template":"","meta":{"postBodyCss":"","postBodyMargin":[],"postBodyPadding":[],"postBodyBackground":{"backgroundType":"classic","gradient":""}},"product_brand":[],"product_cat":[15,16,62],"product_tag":[111],"class_list":{"0":"post-4472","1":"product","2":"type-product","3":"status-publish","4":"has-post-thumbnail","6":"product_cat-glass-containers","7":"product_cat-glass-bottles","8":"product_cat-perfume-bottles","9":"product_tag-glass-mist-bottles","11":"first","12":"instock","13":"shipping-taxable","14":"product-type-simple"},"jetpack_sharing_enabled":true,"_links":{"self":[{"href":"https:\/\/minghanggroup.com\/es\/wp-json\/wp\/v2\/product\/4472","targetHints":{"allow":["GET"]}}],"collection":[{"href":"https:\/\/minghanggroup.com\/es\/wp-json\/wp\/v2\/product"}],"about":[{"href":"https:\/\/minghanggroup.com\/es\/wp-json\/wp\/v2\/types\/product"}],"wp:featuredmedia":[{"embeddable":true,"href":"https:\/\/minghanggroup.com\/es\/wp-json\/wp\/v2\/media\/4473"}],"wp:attachment":[{"href":"https:\/\/minghanggroup.com\/es\/wp-json\/wp\/v2\/media?parent=4472"}],"wp:term":[{"taxonomy":"product_brand","embeddable":true,"href":"https:\/\/minghanggroup.com\/es\/wp-json\/wp\/v2\/product_brand?post=4472"},{"taxonomy":"product_cat","embeddable":true,"href":"https:\/\/minghanggroup.com\/es\/wp-json\/wp\/v2\/product_cat?post=4472"},{"taxonomy":"product_tag","embeddable":true,"href":"https:\/\/minghanggroup.com\/es\/wp-json\/wp\/v2\/product_tag?post=4472"}],"curies":[{"name":"wp","href":"https:\/\/api.w.org\/{rel}","templated":true}]}}