{"id":4462,"date":"2026-01-08T15:47:37","date_gmt":"2026-01-08T07:47:37","guid":{"rendered":"https:\/\/minghanggroup.com\/?post_type=product&#038;p=4462"},"modified":"2026-01-08T17:02:41","modified_gmt":"2026-01-08T09:02:41","slug":"glossy-mens-black-fragrance-bottles-wholesale","status":"publish","type":"product","link":"https:\/\/minghanggroup.com\/es\/producto\/glossy-mens-black-fragrance-bottles-wholesale\/","title":{"rendered":"Frascos de fragancia negros brillantes para hombre de 30 ml, 50 ml y 100 ml al por mayor"},"content":{"rendered":"<p>Los frascos de fragancia negros est\u00e1n dise\u00f1ados con un acabado negro brillante. La forma del frasco es rectangular con bordes ligeramente redondeados y cuenta con un tap\u00f3n cil\u00edndrico negro del mismo color, cuya superficie brillante refleja la luz.<\/p>\n<h2>Caracter\u00edsticas del producto<\/h2>\n<ul>\n<li><strong>Acabado negro brillante:<\/strong> El acabado negro brillante se observa en la botella y la tapa, lo que le da al conjunto una textura y un aspecto bastante lujoso.<\/li>\n<li><strong>Esquinas redondeadas:<\/strong> Las esquinas redondeadas proporcionan un cierto elemento de elegancia adem\u00e1s de proporcionar una sensaci\u00f3n c\u00f3moda y segura.<\/li>\n<li><strong>Botella rectangular:<\/strong> La botella rectangular, negra y brillante presenta una forma potente, segura de s\u00ed misma y reconocible.<\/li>\n<\/ul>\n<h2 style=\"text-align: left;\">Especificaciones clave<\/h2>\n<table class=\"aligncenter\" style=\"border-collapse: collapse; width: 469.52pt;\" border=\"0\" width=\"626\" cellspacing=\"0\" cellpadding=\"0\">\n<tbody>\n<tr style=\"height: 13.50pt;\">\n<td style=\"height: 13.50pt; width: 119.25pt;\" width=\"159\" height=\"18\">Especificaci\u00f3n<\/td>\n<td style=\"width: 350.25pt;\" width=\"467\">Detalles<\/td>\n<\/tr>\n<tr style=\"height: 13.50pt;\">\n<td style=\"height: 13.50pt;\" height=\"18\">Capacidad<\/td>\n<td>30 ml \/ 50 ml \/ 100 ml<\/td>\n<\/tr>\n<tr style=\"height: 13.50pt;\">\n<td style=\"height: 13.50pt;\" height=\"18\">Dimensiones<\/td>\n<td>42\u00d729\u00d777 mm \/ 51\u00d728\u00d792 mm \/ 53\u00d735\u00d7116 mm<\/td>\n<\/tr>\n<tr style=\"height: 13.50pt;\">\n<td style=\"height: 13.50pt;\" height=\"18\">Material<\/td>\n<td>Vidrio con revestimiento negro de alto brillo<\/td>\n<\/tr>\n<tr style=\"height: 13.50pt;\">\n<td style=\"height: 13.50pt;\" height=\"18\">Forma de la botella<\/td>\n<td>Rect\u00e1ngulo<\/td>\n<\/tr>\n<tr style=\"height: 13.50pt;\">\n<td style=\"height: 13.50pt;\" height=\"18\">Alcance de personalizaci\u00f3n<\/td>\n<td>Forma, tama\u00f1o, color y acabado de la botella (brillante, mate o texturizado)<\/td>\n<\/tr>\n<tr style=\"height: 13.50pt;\">\n<td style=\"height: 13.50pt;\" height=\"18\">Artesan\u00eda<\/td>\n<td>Conformado de vidrio de precisi\u00f3n, aplicaci\u00f3n de laca de alto brillo<\/td>\n<\/tr>\n<tr style=\"height: 13.50pt;\">\n<td style=\"height: 13.50pt;\" height=\"18\">Prop\u00f3sito del producto<\/td>\n<td>Frascos de colonia para hombre, Frascos de fragancia negros<\/td>\n<\/tr>\n<tr style=\"height: 13.50pt;\">\n<td style=\"height: 13.50pt;\" height=\"18\">Industrias adecuadas<\/td>\n<td>Cuidado masculino, perfumer\u00eda contempor\u00e1nea, art\u00edculos de lujo<\/td>\n<\/tr>\n<\/tbody>\n<\/table>\n<h2>Historia de \u00e9xito: La colonia m\u00e1s vendida de una marca europea de cuidado personal masculino<\/h2>\n<p>Una de las marcas europeas de lujo de cuidado personal masculino seleccion\u00f3 nuestra colonia negra de 100 ml y la personaliz\u00f3 con un acabado brillante en gris plomo y un logotipo de la marca en relieve en la parte frontal. La alta calidad del envase y su tacto hicieron que el precio de la nueva generaci\u00f3n fuera un 35 % superior al de la anterior. Su formato de 50 ml se vend\u00eda excepcionalmente bien en las tiendas libres de impuestos de los aeropuertos, y la facturaci\u00f3n se multiplic\u00f3 por 150. Las menciones org\u00e1nicas en redes sociales crecieron un 400 % gracias a su dise\u00f1o limpio y audaz. La marca, encantada con el volumen de ventas y el desarrollo de la marca, realiz\u00f3 un nuevo pedido de 400\u00a0000 botellas para cubrir sus necesidades de suministro de productos principales en los pr\u00f3ximos dos a\u00f1os.<\/p>\n<h2>Opciones de personalizaci\u00f3n de botellas de fragancia negras<\/h2>\n<ul>\n<li>Opciones de acabado de superficie: Ofrezca el mismo aspecto en un acabado met\u00e1lico mate, suave, al tacto o cepillado. Decorativo met\u00e1lico<\/li>\n<li>Detalles: Se debe colocar una tira de metal (cobre, bronce) en una capa fina a lo largo del borde de la botella y empotrar el metal.<\/li>\n<li>Grabado l\u00e1ser profundo: grabe logotipos, listas de ingredientes o n\u00fameros de serie para tener una identidad sofisticada y duradera.<\/li>\n<li>Detalle de tapa personalizada: Cambie la tapa con moleteado, agarre de goma o perfil alternativo de tapa (por ejemplo, ligeramente c\u00f3nica).<\/li>\n<\/ul>","protected":false},"excerpt":{"rendered":"<p>Frascos negros de colonia para hombre, con vidrio rectangular brillante y bordes redondeados. Disponibles en envases OEM, se suministran directamente de f\u00e1brica para marcas masculinas.<\/p>","protected":false},"featured_media":4466,"template":"","meta":{"postBodyCss":"","postBodyMargin":[],"postBodyPadding":[],"postBodyBackground":{"backgroundType":"classic","gradient":""}},"product_brand":[],"product_cat":[15,16,62],"product_tag":[],"class_list":{"0":"post-4462","1":"product","2":"type-product","3":"status-publish","4":"has-post-thumbnail","6":"product_cat-glass-containers","7":"product_cat-glass-bottles","8":"product_cat-perfume-bottles","10":"first","11":"instock","12":"shipping-taxable","13":"product-type-simple"},"jetpack_sharing_enabled":true,"_links":{"self":[{"href":"https:\/\/minghanggroup.com\/es\/wp-json\/wp\/v2\/product\/4462","targetHints":{"allow":["GET"]}}],"collection":[{"href":"https:\/\/minghanggroup.com\/es\/wp-json\/wp\/v2\/product"}],"about":[{"href":"https:\/\/minghanggroup.com\/es\/wp-json\/wp\/v2\/types\/product"}],"wp:featuredmedia":[{"embeddable":true,"href":"https:\/\/minghanggroup.com\/es\/wp-json\/wp\/v2\/media\/4466"}],"wp:attachment":[{"href":"https:\/\/minghanggroup.com\/es\/wp-json\/wp\/v2\/media?parent=4462"}],"wp:term":[{"taxonomy":"product_brand","embeddable":true,"href":"https:\/\/minghanggroup.com\/es\/wp-json\/wp\/v2\/product_brand?post=4462"},{"taxonomy":"product_cat","embeddable":true,"href":"https:\/\/minghanggroup.com\/es\/wp-json\/wp\/v2\/product_cat?post=4462"},{"taxonomy":"product_tag","embeddable":true,"href":"https:\/\/minghanggroup.com\/es\/wp-json\/wp\/v2\/product_tag?post=4462"}],"curies":[{"name":"wp","href":"https:\/\/api.w.org\/{rel}","templated":true}]}}