{"id":4455,"date":"2026-01-08T15:04:49","date_gmt":"2026-01-08T07:04:49","guid":{"rendered":"https:\/\/minghanggroup.com\/?post_type=product&#038;p=4455"},"modified":"2026-01-08T15:17:05","modified_gmt":"2026-01-08T07:17:05","slug":"rectangular-black-cologne-bottles-wholesale","status":"publish","type":"product","link":"https:\/\/minghanggroup.com\/es\/producto\/rectangular-black-cologne-bottles-wholesale\/","title":{"rendered":"Botellas de colonia rectangulares negras de 30 ml, 50 ml y 100 ml al por mayor"},"content":{"rendered":"<p>Estos frascos de perfume negros tienen un acabado completamente negro mate, el cuerpo es rectangular (los bordes de la pel\u00edcula son ligeramente redondeados) y la tapa es cil\u00edndrica negra, lo que produce una apariencia armoniosa, discreta y sofisticada.<\/p>\n<h2>Caracter\u00edsticas del producto<\/h2>\n<ul>\n<li><strong>Textura mate totalmente negra:<\/strong> El negro mate de la botella y la tapa aportan un toque sutil pero de alta gama, apropiado en modas de nicho con colores fr\u00edos.<\/li>\n<li><strong>Cuerpo rectangular redondeado:<\/strong> Los bordes redondeados de la botella rectangular garantizan un f\u00e1cil manejo en la mano y un almacenamiento que ahorra espacio.<\/li>\n<li><strong>Varios tama\u00f1os:<\/strong> Hay 3 tama\u00f1os de frascos de perfume rectangulares seg\u00fan los requisitos de diferentes situaciones, como el uso diario y los frascos rellenables.<\/li>\n<\/ul>\n<h2 style=\"text-align: left;\">Especificaciones clave<\/h2>\n<table class=\"aligncenter\" style=\"border-collapse: collapse; width: 469.52pt;\" border=\"0\" width=\"626\" cellspacing=\"0\" cellpadding=\"0\">\n<tbody>\n<tr style=\"height: 13.50pt;\">\n<td style=\"height: 13.50pt; width: 119.25pt;\" width=\"159\" height=\"18\">Especificaci\u00f3n<\/td>\n<td style=\"width: 350.25pt;\" width=\"467\">Detalles<\/td>\n<\/tr>\n<tr style=\"height: 13.50pt;\">\n<td style=\"height: 13.50pt;\" height=\"18\">Capacidad<\/td>\n<td>30 ml \/ 50 ml \/ 100 ml<\/td>\n<\/tr>\n<tr style=\"height: 13.50pt;\">\n<td style=\"height: 13.50pt;\" height=\"18\">Dimensiones<\/td>\n<td>42\u00d729\u00d776 mm \/ 51\u00d728\u00d791 mm \/ 53\u00d736\u00d7116 mm<\/td>\n<\/tr>\n<tr style=\"height: 13.50pt;\">\n<td style=\"height: 13.50pt;\" height=\"18\">Material<\/td>\n<td>Vidrio con revestimiento negro mate<\/td>\n<\/tr>\n<tr style=\"height: 13.50pt;\">\n<td style=\"height: 13.50pt;\" height=\"18\">Forma de la botella<\/td>\n<td>Rect\u00e1ngulo<\/td>\n<\/tr>\n<tr style=\"height: 13.50pt;\">\n<td style=\"height: 13.50pt;\" height=\"18\">Alcance de personalizaci\u00f3n<\/td>\n<td>Textura de acabado, detalle de la tapa, relieve, marca sutil<\/td>\n<\/tr>\n<tr style=\"height: 13.50pt;\">\n<td style=\"height: 13.50pt;\" height=\"18\">Artesan\u00eda<\/td>\n<td>Conformado de vidrio de precisi\u00f3n, aplicaci\u00f3n uniforme de revestimiento mate<\/td>\n<\/tr>\n<tr style=\"height: 13.50pt;\">\n<td style=\"height: 13.50pt;\" height=\"18\">Prop\u00f3sito del producto<\/td>\n<td>Botellas de colonia negras al por mayor, botellas de perfume vintage<\/td>\n<\/tr>\n<tr style=\"height: 13.50pt;\">\n<td style=\"height: 13.50pt;\" height=\"18\">Industrias adecuadas<\/td>\n<td>Perfumer\u00eda contempor\u00e1nea, cuidado de la piel de lujo<\/td>\n<\/tr>\n<\/tbody>\n<\/table>\n<h2>Historia de \u00e9xito: Una marca privada de un perfumista vanguardista de Tokio<\/h2>\n<p>Una de las marcas de perfumes nicho con sede en Tokio decidi\u00f3 usar nuestros frascos de colonia negros de 100 ml como exclusivos y los personaliz\u00f3 con una superficie mate microtexturizada para un mejor agarre. Gracias al exclusivo dise\u00f1o negro mate, el conocimiento de la marca aument\u00f3 un 48 %; adem\u00e1s, la visibilidad en los estantes aument\u00f3 un 42 %, lo que impuls\u00f3 un crecimiento de las ventas del 60 %, en comparaci\u00f3n con los frascos transparentes tradicionales. La marca qued\u00f3 sumamente satisfecha con la forma en que el frasco de perfume reflejaba la marca y realiz\u00f3 un nuevo pedido de 500\u00a0000 frascos, adem\u00e1s de firmar un contrato de distribuci\u00f3n exclusiva a nivel mundial.<\/p>\n<h2>Los frascos de perfume negros se pueden personalizar<\/h2>\n<ul>\n<li>Texturas y brillos de recubrimiento: ofrece una gama de opciones desde ultramate a satinado, o introduce algunas microtexturas.<\/li>\n<li>Colores base de vidrio: agrega un efecto especial de madurez al vidrio transparente, ahumado o te\u00f1ido al colocarlo sobre el revestimiento mate.<\/li>\n<li>Decoraciones para gorras: Agrega a la gorra un simple anillo de metal, goma u otras texturas.<\/li>\n<li>Serigraf\u00eda de contraste: Imprima colores de contraste (blanco, met\u00e1lico) sobre un tapete.<\/li>\n<\/ul>","protected":false},"excerpt":{"rendered":"<p>Elegantes frascos de perfume negros con textura mate suave y tapones a juego. Descuento disponible por pedido al por mayor en frascos de colonia negros para compras a gran escala.<\/p>","protected":false},"featured_media":4458,"template":"","meta":{"postBodyCss":"","postBodyMargin":[],"postBodyPadding":[],"postBodyBackground":{"backgroundType":"classic","gradient":""}},"product_brand":[],"product_cat":[15,16,62],"product_tag":[],"class_list":{"0":"post-4455","1":"product","2":"type-product","3":"status-publish","4":"has-post-thumbnail","6":"product_cat-glass-containers","7":"product_cat-glass-bottles","8":"product_cat-perfume-bottles","10":"first","11":"instock","12":"shipping-taxable","13":"product-type-simple"},"jetpack_sharing_enabled":true,"_links":{"self":[{"href":"https:\/\/minghanggroup.com\/es\/wp-json\/wp\/v2\/product\/4455","targetHints":{"allow":["GET"]}}],"collection":[{"href":"https:\/\/minghanggroup.com\/es\/wp-json\/wp\/v2\/product"}],"about":[{"href":"https:\/\/minghanggroup.com\/es\/wp-json\/wp\/v2\/types\/product"}],"wp:featuredmedia":[{"embeddable":true,"href":"https:\/\/minghanggroup.com\/es\/wp-json\/wp\/v2\/media\/4458"}],"wp:attachment":[{"href":"https:\/\/minghanggroup.com\/es\/wp-json\/wp\/v2\/media?parent=4455"}],"wp:term":[{"taxonomy":"product_brand","embeddable":true,"href":"https:\/\/minghanggroup.com\/es\/wp-json\/wp\/v2\/product_brand?post=4455"},{"taxonomy":"product_cat","embeddable":true,"href":"https:\/\/minghanggroup.com\/es\/wp-json\/wp\/v2\/product_cat?post=4455"},{"taxonomy":"product_tag","embeddable":true,"href":"https:\/\/minghanggroup.com\/es\/wp-json\/wp\/v2\/product_tag?post=4455"}],"curies":[{"name":"wp","href":"https:\/\/api.w.org\/{rel}","templated":true}]}}