{"id":4449,"date":"2026-01-08T13:06:20","date_gmt":"2026-01-08T05:06:20","guid":{"rendered":"https:\/\/minghanggroup.com\/?post_type=product&#038;p=4449"},"modified":"2026-01-08T15:04:29","modified_gmt":"2026-01-08T07:04:29","slug":"square-glass-fragrance-bottles-with-lids-wholesale","status":"publish","type":"product","link":"https:\/\/minghanggroup.com\/es\/producto\/square-glass-fragrance-bottles-with-lids-wholesale\/","title":{"rendered":"Botellas de vidrio cuadradas de 100 ml con tapa para fragancias al por mayor"},"content":{"rendered":"<p>Estos frascos de fragancia est\u00e1n construidos con material de vidrio extremadamente transparente y tienen una forma rectangular con bordes afilados y contrastan con la tapa cuadrada que est\u00e1 hecha de material negro mate.<\/p>\n<h2>Caracter\u00edsticas del producto<\/h2>\n<ul>\n<li><strong>Botella rectangular:<\/strong> El dise\u00f1o de botella rectangular con bordes claramente esculpidos no solo aumenta la profundidad visual sino que tambi\u00e9n proporciona un agarre m\u00e1s c\u00f3modo.<\/li>\n<li><strong>Gorra cuadrada negra:<\/strong> El tap\u00f3n cuadrado negro genera un contraste de color directo con la botella transparente, por lo que el estilo es elegante y muy f\u00e1cilmente reconocible.<\/li>\n<li><strong>Vidrio de alta transparencia:<\/strong> El vidrio de alta transparencia le permite ver f\u00e1cilmente la fragancia que hay en el interior, por lo que el ambiente se vuelve fresco y limpio.<\/li>\n<\/ul>\n<h2 style=\"text-align: left;\">Especificaciones clave<\/h2>\n<table class=\"aligncenter\" style=\"border-collapse: collapse; width: 483.02pt;\" border=\"0\" width=\"644\" cellspacing=\"0\" cellpadding=\"0\">\n<tbody>\n<tr style=\"height: 13.50pt;\">\n<td style=\"height: 13.50pt; width: 119.25pt;\" width=\"159\" height=\"18\">Especificaci\u00f3n<\/td>\n<td style=\"width: 363.75pt;\" width=\"485\">Detalles<\/td>\n<\/tr>\n<tr style=\"height: 13.50pt;\">\n<td style=\"height: 13.50pt;\" height=\"18\">Capacidad<\/td>\n<td>100 ml<\/td>\n<\/tr>\n<tr style=\"height: 13.50pt;\">\n<td style=\"height: 13.50pt;\" height=\"18\">Dimensiones<\/td>\n<td>52\u00d752\u00d7103 mm<\/td>\n<\/tr>\n<tr style=\"height: 13.50pt;\">\n<td style=\"height: 13.50pt;\" height=\"18\">Material<\/td>\n<td>Vidrio de alta claridad, tapa de metal<\/td>\n<\/tr>\n<tr style=\"height: 13.50pt;\">\n<td style=\"height: 13.50pt;\" height=\"18\">Forma de la botella<\/td>\n<td>Cuadrado<\/td>\n<\/tr>\n<tr style=\"height: 13.50pt;\">\n<td style=\"height: 13.50pt;\" height=\"18\">Alcance de personalizaci\u00f3n<\/td>\n<td>Color\/Acabado, Tama\u00f1o, Forma, Grabado\/Impresi\u00f3n<\/td>\n<\/tr>\n<tr style=\"height: 13.50pt;\">\n<td style=\"height: 13.50pt;\" height=\"18\">Artesan\u00eda<\/td>\n<td>Corte y biselado de vidrio de precisi\u00f3n, aplicaci\u00f3n de acabado mate<\/td>\n<\/tr>\n<tr style=\"height: 13.50pt;\">\n<td style=\"height: 13.50pt;\" height=\"18\">Prop\u00f3sito del producto<\/td>\n<td>Frascos de vidrio para fragancias, frascos de perfume a granel<\/td>\n<\/tr>\n<tr style=\"height: 13.50pt;\">\n<td style=\"height: 13.50pt;\" height=\"18\">Industrias adecuadas<\/td>\n<td>Perfumer\u00eda moderna, marcas de cuidado personal, comercio minorista de lujo<\/td>\n<\/tr>\n<\/tbody>\n<\/table>\n<h2>Historia de \u00e9xito<\/h2>\n<p>Un popular proveedor de aromaterapia profesional y aficionados al bricolaje necesitaba un frasco de fragancia de alta calidad y larga duraci\u00f3n. Eligieron nuestro frasco de perfume de 100 ml y dise\u00f1aron un cuerpo de vidrio \u00e1mbar resistente a los rayos UV. El dise\u00f1o cuadrado a prueba de fugas fue la mejor manera de empacar y minimizar los da\u00f1os durante el env\u00edo. Su dise\u00f1o minimalista propici\u00f3 un crecimiento del 300 % en las publicaciones en redes sociales. La fidelidad de los clientes y el bajo nivel de quejas impresionaron tanto al proveedor que realiz\u00f3 un nuevo pedido de 500\u00a0000 frascos de sus recargas est\u00e1ndar de 100 ml.<\/p>\n<h2>Personalizaci\u00f3n de botellas de vidrio para fragancias<\/h2>\n<ul>\n<li>Color y transparencia del vidrio: Viene en vidrio transparente, vidrio \u00e1mbar (protegido contra rayos UV), vidrio azul cobalto y vidrio gris ahumado.<\/li>\n<li>Patr\u00f3n de textura de borde: los dise\u00f1os de patrones 3D de cortes de borde (diamante, ondulado, tramado) son personalizables.<\/li>\n<li>Grabado l\u00e1ser de botellas: Se graban l\u00edneas de escala, logotipos o instrucciones sobre c\u00f3mo utilizar la botella en la superficie plana.<\/li>\n<li>Paneles antideslizantes texturizados: chorro de arena de los dos paneles laterales m\u00e1s grandes para proporcionar un mayor rendimiento general en antideslizamiento.<\/li>\n<\/ul>","protected":false},"excerpt":{"rendered":"<p>Frascos de vidrio de alta transparencia con dise\u00f1o rectangular y tap\u00f3n cuadrado negro. Minimalistas y duraderos para uso diario. Suministro directo de f\u00e1brica.<\/p>","protected":false},"featured_media":4452,"template":"","meta":{"postBodyCss":"","postBodyMargin":[],"postBodyPadding":[],"postBodyBackground":{"backgroundType":"classic","gradient":""}},"product_brand":[],"product_cat":[15,16,62],"product_tag":[],"class_list":{"0":"post-4449","1":"product","2":"type-product","3":"status-publish","4":"has-post-thumbnail","6":"product_cat-glass-containers","7":"product_cat-glass-bottles","8":"product_cat-perfume-bottles","10":"first","11":"instock","12":"shipping-taxable","13":"product-type-simple"},"jetpack_sharing_enabled":true,"_links":{"self":[{"href":"https:\/\/minghanggroup.com\/es\/wp-json\/wp\/v2\/product\/4449","targetHints":{"allow":["GET"]}}],"collection":[{"href":"https:\/\/minghanggroup.com\/es\/wp-json\/wp\/v2\/product"}],"about":[{"href":"https:\/\/minghanggroup.com\/es\/wp-json\/wp\/v2\/types\/product"}],"wp:featuredmedia":[{"embeddable":true,"href":"https:\/\/minghanggroup.com\/es\/wp-json\/wp\/v2\/media\/4452"}],"wp:attachment":[{"href":"https:\/\/minghanggroup.com\/es\/wp-json\/wp\/v2\/media?parent=4449"}],"wp:term":[{"taxonomy":"product_brand","embeddable":true,"href":"https:\/\/minghanggroup.com\/es\/wp-json\/wp\/v2\/product_brand?post=4449"},{"taxonomy":"product_cat","embeddable":true,"href":"https:\/\/minghanggroup.com\/es\/wp-json\/wp\/v2\/product_cat?post=4449"},{"taxonomy":"product_tag","embeddable":true,"href":"https:\/\/minghanggroup.com\/es\/wp-json\/wp\/v2\/product_tag?post=4449"}],"curies":[{"name":"wp","href":"https:\/\/api.w.org\/{rel}","templated":true}]}}