{"id":4444,"date":"2026-01-08T10:05:07","date_gmt":"2026-01-08T02:05:07","guid":{"rendered":"https:\/\/minghanggroup.com\/?post_type=product&#038;p=4444"},"modified":"2026-01-08T17:01:39","modified_gmt":"2026-01-08T09:01:39","slug":"perfume-spray-glass-bottles-with-ribbed-lids-wholesale","status":"publish","type":"product","link":"https:\/\/minghanggroup.com\/es\/producto\/perfume-spray-glass-bottles-with-ribbed-lids-wholesale\/","title":{"rendered":"Botellas de vidrio con atomizador para perfume de 30 ml, 50 ml y 100 ml con tapas acanaladas, venta al por mayor"},"content":{"rendered":"<p>Tu frasco de perfume en aerosol deber\u00eda hacer que los clientes se detengan a mitad de la compra. Somos el socio mayorista de frascos de fragancias que crea frascos de perfume de vidrio que convierten a los curiosos en compradores, donde cada frasco de vidrio transmite lujo moderno.<\/p>\n<h2>Caracter\u00edsticas del producto<\/h2>\n<ul>\n<li><strong>Potencia de base cuadrada: <\/strong>\u00bfBase gruesa? No se tambalea en los estantes. Tu frasco de perfume de vidrio se siente pesado y de alta calidad.<\/li>\n<li><strong>Gorra acanalada Elegancia: <\/strong>\u00bfTapas acanaladas plateadas o doradas? Masculinidad elegante al instante para tu colonia masculina.<\/li>\n<li><strong>Claridad cristalina: <\/strong>Vea el verdadero color de sus fragancias a trav\u00e9s de esta botella de vidrio, sin ilusiones turbias.<\/li>\n<\/ul>\n<h2>Especificaciones clave<\/h2>\n<table style=\"border-collapse: collapse; width: 80%; margin-left: auto; margin-right: auto;\" border=\"0\" width=\"288\" cellspacing=\"0\" cellpadding=\"0\">\n<tbody>\n<tr style=\"height: 13.50pt;\">\n<td style=\"height: 13.5pt; width: 54pt; text-align: center;\" width=\"72\" height=\"18\">Capacidad (ml)<\/td>\n<td style=\"width: 54pt; text-align: center;\" width=\"72\">Dimensiones (mm)<\/td>\n<td style=\"width: 54pt; text-align: center;\" width=\"72\">Tipo de tapa<\/td>\n<td style=\"width: 54pt; text-align: center;\" width=\"72\">Opciones personalizadas<\/td>\n<\/tr>\n<tr style=\"height: 13.50pt;\">\n<td style=\"height: 13.5pt; text-align: center;\" align=\"right\" height=\"18\">30<\/td>\n<td style=\"text-align: center;\">35 x 35 x 80<\/td>\n<td class=\"et2\" style=\"text-align: center;\" rowspan=\"3\">Metal acanalado redondo<\/td>\n<td class=\"et2\" style=\"text-align: center;\" rowspan=\"3\">Texto grabado, efectos esmerilados, etc.<\/td>\n<\/tr>\n<tr style=\"height: 13.50pt;\">\n<td style=\"height: 13.5pt; text-align: center;\" align=\"right\" height=\"18\">50<\/td>\n<td style=\"text-align: center;\">44 x 44 x 78<\/td>\n<\/tr>\n<tr style=\"height: 13.50pt;\">\n<td style=\"height: 13.5pt; text-align: center;\" align=\"right\" height=\"18\">100<\/td>\n<td style=\"text-align: center;\">46 x 46 x 105<\/td>\n<\/tr>\n<\/tbody>\n<\/table>\n<h2>Caso de \u00e9xito<\/h2>\n<p>Una marca independiente de fragancias masculinas del norte de Europa decidi\u00f3 usar estas botellas cuadradas de vidrio como envase principal para su nueva l\u00ednea de fragancias. La marca fue muy espec\u00edfica en cuanto a los detalles de personalizaci\u00f3n y solicit\u00f3 un aumento de 5 mm en el grosor de la base de la botella para evitar que se rompieran durante los env\u00edos internacionales. Los tapones tienen diferentes dise\u00f1os: uno en plata satinada y el otro en aluminio dorado mate; ambos llevan el logotipo de la marca grabado a l\u00e1ser en la parte superior para evitar el uso de etiquetas adicionales que podr\u00edan afectar la est\u00e9tica general.<\/p>\n<p>El primer pedido fue de 8.000 unidades y las ventas aumentaron un 36% tras el lanzamiento, lo que hizo que la marca realizara dos pedidos m\u00e1s en los 3 meses siguientes.<\/p>\n<h2>Sus opciones de personalizaci\u00f3n<\/h2>\n<ol>\n<li><strong>Narraci\u00f3n con efecto escarchado: <\/strong>Agregar vidrio esmerilado a fragancias oscuras crea una intriga visual instant\u00e1nea.<\/li>\n<li><strong>Integraci\u00f3n de logotipo: <\/strong>Grabe su logotipo en la base cuadrada, no se limite \u00fanicamente a la tapa.<\/li>\n<li><strong>Estrategia de color de gorra: <\/strong>Top con tapones dorados para l\u00edneas lujosas, plata para colonia masculina de uso diario.<\/li>\n<\/ol>","protected":false},"excerpt":{"rendered":"<p>Frasco de vidrio con atomizador para perfume de marca. Frascos de fragancia al por mayor con suministro directo de f\u00e1brica, personalizaci\u00f3n al por mayor, muestras gratuitas y env\u00edo global confiable.<\/p>","protected":false},"featured_media":4448,"template":"","meta":{"postBodyCss":"","postBodyMargin":[],"postBodyPadding":[],"postBodyBackground":{"backgroundType":"classic","gradient":""}},"product_brand":[],"product_cat":[15,16,62],"product_tag":[],"class_list":{"0":"post-4444","1":"product","2":"type-product","3":"status-publish","4":"has-post-thumbnail","6":"product_cat-glass-containers","7":"product_cat-glass-bottles","8":"product_cat-perfume-bottles","10":"first","11":"instock","12":"shipping-taxable","13":"product-type-simple"},"jetpack_sharing_enabled":true,"_links":{"self":[{"href":"https:\/\/minghanggroup.com\/es\/wp-json\/wp\/v2\/product\/4444","targetHints":{"allow":["GET"]}}],"collection":[{"href":"https:\/\/minghanggroup.com\/es\/wp-json\/wp\/v2\/product"}],"about":[{"href":"https:\/\/minghanggroup.com\/es\/wp-json\/wp\/v2\/types\/product"}],"wp:featuredmedia":[{"embeddable":true,"href":"https:\/\/minghanggroup.com\/es\/wp-json\/wp\/v2\/media\/4448"}],"wp:attachment":[{"href":"https:\/\/minghanggroup.com\/es\/wp-json\/wp\/v2\/media?parent=4444"}],"wp:term":[{"taxonomy":"product_brand","embeddable":true,"href":"https:\/\/minghanggroup.com\/es\/wp-json\/wp\/v2\/product_brand?post=4444"},{"taxonomy":"product_cat","embeddable":true,"href":"https:\/\/minghanggroup.com\/es\/wp-json\/wp\/v2\/product_cat?post=4444"},{"taxonomy":"product_tag","embeddable":true,"href":"https:\/\/minghanggroup.com\/es\/wp-json\/wp\/v2\/product_tag?post=4444"}],"curies":[{"name":"wp","href":"https:\/\/api.w.org\/{rel}","templated":true}]}}