{"id":4429,"date":"2026-01-07T15:59:54","date_gmt":"2026-01-07T07:59:54","guid":{"rendered":"https:\/\/minghanggroup.com\/?post_type=product&#038;p=4429"},"modified":"2026-01-07T15:59:56","modified_gmt":"2026-01-07T07:59:56","slug":"custom-mens-cologne-square-bottles-bulk","status":"publish","type":"product","link":"https:\/\/minghanggroup.com\/es\/producto\/custom-mens-cologne-square-bottles-bulk\/","title":{"rendered":"Frascos cuadrados de colonia para hombre personalizados de 30 ml, 50 ml y 100 ml al por mayor"},"content":{"rendered":"<p>Tu frasco cuadrado de colonia para hombre deber\u00eda hacer que los clientes se detengan a mitad de la compra. Somos el proveedor de frascos de perfume al por mayor, y fabricamos frascos de perfume de vidrio que convierten a los curiosos en compradores, donde cada frasco de vidrio representa la masculinidad moderna.<\/p>\n<h2>Caracter\u00edsticas del producto<\/h2>\n<ul>\n<li><strong>Potencia de base cuadrada:<\/strong> \u00bfBase gruesa? Sin vibraciones en los estantes: el frasco cuadrado de tu colonia para hombre se siente pesado y de alta calidad.<\/li>\n<li><strong>Estrategia de color de gorra:<\/strong> Oro para lujo, plata para frescura: combina las tapas con la personalidad de tus aromas.<\/li>\n<li><strong>Claridad cristalina:<\/strong> Vea el verdadero color de sus fragancias a trav\u00e9s de esta botella de vidrio, sin ilusiones turbias.<\/li>\n<\/ul>\n<h2>Especificaciones clave<\/h2>\n<table style=\"border-collapse: collapse; width: 80%; margin-left: auto; margin-right: auto;\" border=\"0\" width=\"288\" cellspacing=\"0\" cellpadding=\"0\">\n<tbody>\n<tr style=\"height: 13.50pt;\">\n<td style=\"height: 13.5pt; width: 54pt; text-align: center;\" width=\"72\" height=\"18\">Capacidad (ml)<\/td>\n<td style=\"width: 54pt; text-align: center;\" width=\"72\">Dimensiones (mm)<\/td>\n<td style=\"width: 54pt; text-align: center;\" width=\"72\">Opciones de tapa<\/td>\n<td style=\"width: 54pt; text-align: center;\" width=\"72\">Funciones personalizables<\/td>\n<\/tr>\n<tr style=\"height: 13.50pt;\">\n<td style=\"height: 13.5pt; text-align: center;\" align=\"right\" height=\"18\">30<\/td>\n<td style=\"text-align: center;\">29 x 29 x 94<\/td>\n<td class=\"et2\" style=\"text-align: center;\" rowspan=\"3\">Oro\/plata<\/td>\n<td class=\"et2\" style=\"text-align: center;\" rowspan=\"3\">Grabado de logotipos, tintado de cristales<\/td>\n<\/tr>\n<tr style=\"height: 13.50pt;\">\n<td style=\"height: 13.5pt; text-align: center;\" align=\"right\" height=\"18\">50<\/td>\n<td style=\"text-align: center;\">38 x 38 x 94<\/td>\n<\/tr>\n<tr style=\"height: 13.50pt;\">\n<td style=\"height: 13.5pt; text-align: center;\" align=\"right\" height=\"18\">100<\/td>\n<td style=\"text-align: center;\">48 x 48 x 94<\/td>\n<\/tr>\n<\/tbody>\n<\/table>\n<h2>Caso de \u00e9xito<\/h2>\n<p>Una marca independiente, especializada en fragancias masculinas, ha decidido utilizar este frasco cuadrado de colonia masculina como envase principal para su nueva colecci\u00f3n inspirada en ciudades. Durante la personalizaci\u00f3n, el cliente dio instrucciones muy claras sobre los siguientes aspectos:<\/p>\n<p>La botella deb\u00eda ser de vidrio blanco ultratransparente y grueso para que su textura y peso resaltaran al exhibirse. Esto tambi\u00e9n se combinar\u00eda con tapones met\u00e1licos en plata mate y oro brillante para facilitar la diferenciaci\u00f3n entre las diferentes fragancias. La parte frontal de la botella tiene el logotipo impreso en gris, en la menor medida posible, mediante serigraf\u00eda, y la parte posterior cuenta con un espacio reservado para informaci\u00f3n variable, lo que permite cambios r\u00e1pidos en ediciones limitadas posteriores.<\/p>\n<p>Tras el lanzamiento del producto, la marca decidi\u00f3 realizar un nuevo pedido muy pronto despu\u00e9s de agotar el lote inicial de 8.000 unidades.<\/p>\n<h2>Sus opciones de personalizaci\u00f3n<\/h2>\n<ol>\n<li><strong>Integraci\u00f3n de logotipo:<\/strong> Tu logotipo no se limita solo a la parte superior del frasco. Gr\u00e1balo en la base cuadrada para una mejor visibilidad.<\/li>\n<li><strong>Aroma, Tinte Impulsado:<\/strong> El vidrio est\u00e1 te\u00f1ido de oscuro para los aromas amaderados, mientras que se mantiene transparente para las notas frescas.<\/li>\n<li><strong>Maridaje de gorras premium:<\/strong> Las l\u00edneas de lujo tienen tapas de oro, mientras que la plata se utiliza para las colonias masculinas de uso diario.<\/li>\n<\/ol>","protected":false},"excerpt":{"rendered":"<p>Colonia para hombre en frasco cuadrado para mayoristas. Frasco de perfume al por mayor, directo de f\u00e1brica, personalizaci\u00f3n al por mayor, empaque estable y entrega r\u00e1pida a nivel mundial.<\/p>","protected":false},"featured_media":4436,"template":"","meta":{"postBodyCss":"","postBodyMargin":[],"postBodyPadding":[],"postBodyBackground":{"backgroundType":"classic","gradient":""}},"product_brand":[],"product_cat":[15,16,62],"product_tag":[],"class_list":{"0":"post-4429","1":"product","2":"type-product","3":"status-publish","4":"has-post-thumbnail","6":"product_cat-glass-containers","7":"product_cat-glass-bottles","8":"product_cat-perfume-bottles","10":"first","11":"instock","12":"shipping-taxable","13":"product-type-simple"},"jetpack_sharing_enabled":true,"_links":{"self":[{"href":"https:\/\/minghanggroup.com\/es\/wp-json\/wp\/v2\/product\/4429","targetHints":{"allow":["GET"]}}],"collection":[{"href":"https:\/\/minghanggroup.com\/es\/wp-json\/wp\/v2\/product"}],"about":[{"href":"https:\/\/minghanggroup.com\/es\/wp-json\/wp\/v2\/types\/product"}],"wp:featuredmedia":[{"embeddable":true,"href":"https:\/\/minghanggroup.com\/es\/wp-json\/wp\/v2\/media\/4436"}],"wp:attachment":[{"href":"https:\/\/minghanggroup.com\/es\/wp-json\/wp\/v2\/media?parent=4429"}],"wp:term":[{"taxonomy":"product_brand","embeddable":true,"href":"https:\/\/minghanggroup.com\/es\/wp-json\/wp\/v2\/product_brand?post=4429"},{"taxonomy":"product_cat","embeddable":true,"href":"https:\/\/minghanggroup.com\/es\/wp-json\/wp\/v2\/product_cat?post=4429"},{"taxonomy":"product_tag","embeddable":true,"href":"https:\/\/minghanggroup.com\/es\/wp-json\/wp\/v2\/product_tag?post=4429"}],"curies":[{"name":"wp","href":"https:\/\/api.w.org\/{rel}","templated":true}]}}