{"id":4421,"date":"2026-01-07T14:49:56","date_gmt":"2026-01-07T06:49:56","guid":{"rendered":"https:\/\/minghanggroup.com\/?post_type=product&#038;p=4421"},"modified":"2026-01-07T16:57:10","modified_gmt":"2026-01-07T08:57:10","slug":"empty-perfume-square-bottles-with-lids-bulk","status":"publish","type":"product","link":"https:\/\/minghanggroup.com\/es\/producto\/empty-perfume-square-bottles-with-lids-bulk\/","title":{"rendered":"Botellas de perfume cuadradas vac\u00edas de 100 ml con tapas al por mayor"},"content":{"rendered":"<p>Este frasco cuadrado de perfume est\u00e1 fabricado con vidrio muy transparente. El tap\u00f3n, de estilo multifac\u00e9tico y transparente, se une al cuerpo del frasco mediante un fino anillo de metal plateado.<\/p>\n<h2>Caracter\u00edsticas del producto<\/h2>\n<ul>\n<li><strong>Dise\u00f1o de tapa con forma de diamante:<\/strong> La tapa transparente est\u00e1 cortada en forma de diamante y los detalles de metal plateado la convierten en un punto focal para ser vista como un elemento visual en la tapa.<\/li>\n<li><strong>Sustancia de vidrio transparente:<\/strong> El cristal es completamente transparente, lo que permite ver claramente el interior del l\u00edquido y tambi\u00e9n hace evidente la lujosa textura del producto.<\/li>\n<li><strong>Dise\u00f1o de botella cuadrada de lujo:<\/strong> El dise\u00f1o b\u00e1sico de botella cuadrada combina belleza y comodidad y, por lo tanto, es perfecto para adaptarse a un tocador sofisticado.<\/li>\n<\/ul>\n<h2 style=\"text-align: left;\">Especificaciones clave<\/h2>\n<table class=\"aligncenter\" style=\"border-collapse: collapse; width: 444.77pt;\" border=\"0\" width=\"593\" cellspacing=\"0\" cellpadding=\"0\">\n<tbody>\n<tr style=\"height: 13.50pt;\">\n<td style=\"height: 13.50pt; width: 119.25pt;\" width=\"159\" height=\"18\">Especificaci\u00f3n<\/td>\n<td style=\"width: 325.50pt;\" width=\"434\">Detalles<\/td>\n<\/tr>\n<tr style=\"height: 13.50pt;\">\n<td style=\"height: 13.50pt;\" height=\"18\">Capacidad<\/td>\n<td>100 ml<\/td>\n<\/tr>\n<tr style=\"height: 13.50pt;\">\n<td style=\"height: 13.50pt;\" height=\"18\">Dimensiones<\/td>\n<td>57\u00d757\u00d769 mm<\/td>\n<\/tr>\n<tr style=\"height: 13.50pt;\">\n<td style=\"height: 13.50pt;\" height=\"18\">Material<\/td>\n<td>Vidrio de calidad cristalina, componentes met\u00e1licos<\/td>\n<\/tr>\n<tr style=\"height: 13.50pt;\">\n<td style=\"height: 13.50pt;\" height=\"18\">Forma de la botella<\/td>\n<td>Cubo<\/td>\n<\/tr>\n<tr style=\"height: 13.50pt;\">\n<td style=\"height: 13.50pt;\" height=\"18\">Alcance de personalizaci\u00f3n<\/td>\n<td>Color, forma, tama\u00f1o, facetado de la tapa, acabado<\/td>\n<\/tr>\n<tr style=\"height: 13.50pt;\">\n<td style=\"height: 13.50pt;\" height=\"18\">Artesan\u00eda<\/td>\n<td>Conformado de vidrio de precisi\u00f3n, corte de facetas, ensamblaje de metales<\/td>\n<\/tr>\n<tr style=\"height: 13.50pt;\">\n<td style=\"height: 13.50pt;\" height=\"18\">Prop\u00f3sito del producto<\/td>\n<td>Frascos cuadrados de perfume, frascos de colonia<\/td>\n<\/tr>\n<tr style=\"height: 13.50pt;\">\n<td style=\"height: 13.50pt;\" height=\"18\">Industrias adecuadas<\/td>\n<td>Alta Perfumer\u00eda, Art\u00edculos de Lujo, Hospitalidad Exclusiva<\/td>\n<\/tr>\n<\/tbody>\n<\/table>\n<h2>Historia de \u00e9xito<\/h2>\n<p>Nuestros frascos de perfume vac\u00edos de 100 ml fueron seleccionados por una famosa casa de moda milanesa, redise\u00f1ados con tapas de vidrio negro ahumado y herrajes met\u00e1licos chapados en paladio. Esta forma c\u00fabica pronto se convirti\u00f3 en prototipo, alcanzando un reconocimiento de marca del 100 % entre el mercado objetivo en pruebas a ciegas. Su atractivo dise\u00f1o gener\u00f3 mucha expectaci\u00f3n en l\u00ednea, con m\u00e1s de 10 millones de impresiones. El \u00e9xito del lanzamiento y el estatus de culto del frasco entusiasmaron a la marca, que logr\u00f3 un nuevo pedido de 600\u00a0000 frascos para su distribuci\u00f3n mundial.<\/p>\n<h2>Botellas de perfume cuadradas personalizables<\/h2>\n<ul>\n<li>Personalizaci\u00f3n de m\u00e1stil met\u00e1lico: Se puede solicitar en acabados dorado, oro rosa, cromo negro y m\u00e1s.<\/li>\n<li>Dise\u00f1os de gorras personalizados: Realice cortes o grabados exclusivos en la gorra.<\/li>\n<li>Grabado l\u00e1ser: utilice un l\u00e1ser para grabar el logotipo de la marca, el monograma o los dise\u00f1os geom\u00e9tricos directamente en la superficie de la botella.<\/li>\n<li>Logotipo de la marca grabado en relieve: el logotipo de la marca est\u00e1 grabado en relieve de manera sutil en la parte inferior del cubo.<\/li>\n<\/ul>","protected":false},"excerpt":{"rendered":"<p>Elegante frasco cuadrado de perfume de 100 ml con cuerpo cuadrado, aro plateado y tap\u00f3n de cristal tallado, dise\u00f1ado para realzar los envases de perfumes de alta gama. Muestras gratuitas.<\/p>","protected":false},"featured_media":4426,"template":"","meta":{"postBodyCss":"","postBodyMargin":[],"postBodyPadding":[],"postBodyBackground":{"backgroundType":"classic","gradient":""}},"product_brand":[],"product_cat":[15,16,62],"product_tag":[],"class_list":{"0":"post-4421","1":"product","2":"type-product","3":"status-publish","4":"has-post-thumbnail","6":"product_cat-glass-containers","7":"product_cat-glass-bottles","8":"product_cat-perfume-bottles","10":"first","11":"instock","12":"shipping-taxable","13":"product-type-simple"},"jetpack_sharing_enabled":true,"_links":{"self":[{"href":"https:\/\/minghanggroup.com\/es\/wp-json\/wp\/v2\/product\/4421","targetHints":{"allow":["GET"]}}],"collection":[{"href":"https:\/\/minghanggroup.com\/es\/wp-json\/wp\/v2\/product"}],"about":[{"href":"https:\/\/minghanggroup.com\/es\/wp-json\/wp\/v2\/types\/product"}],"wp:featuredmedia":[{"embeddable":true,"href":"https:\/\/minghanggroup.com\/es\/wp-json\/wp\/v2\/media\/4426"}],"wp:attachment":[{"href":"https:\/\/minghanggroup.com\/es\/wp-json\/wp\/v2\/media?parent=4421"}],"wp:term":[{"taxonomy":"product_brand","embeddable":true,"href":"https:\/\/minghanggroup.com\/es\/wp-json\/wp\/v2\/product_brand?post=4421"},{"taxonomy":"product_cat","embeddable":true,"href":"https:\/\/minghanggroup.com\/es\/wp-json\/wp\/v2\/product_cat?post=4421"},{"taxonomy":"product_tag","embeddable":true,"href":"https:\/\/minghanggroup.com\/es\/wp-json\/wp\/v2\/product_tag?post=4421"}],"curies":[{"name":"wp","href":"https:\/\/api.w.org\/{rel}","templated":true}]}}