{"id":4420,"date":"2026-01-07T15:09:11","date_gmt":"2026-01-07T07:09:11","guid":{"rendered":"https:\/\/minghanggroup.com\/?post_type=product&#038;p=4420"},"modified":"2026-01-07T16:56:08","modified_gmt":"2026-01-07T08:56:08","slug":"glass-square-vintage-perfume-bottles-with-pump-wholesale","status":"publish","type":"product","link":"https:\/\/minghanggroup.com\/es\/producto\/glass-square-vintage-perfume-bottles-with-pump-wholesale\/","title":{"rendered":"Frascos de perfume vintage cuadrados de vidrio de 30 ml a 100 ml con bomba, venta al por mayor"},"content":{"rendered":"<p>Tus frascos de perfume vintage con dosificador deber\u00edan hacer que los clientes se detengan a mitad de la compra. Creamos peque\u00f1os frascos de perfume con atomizador, dise\u00f1ados para envases de fragancias que realmente venden, donde cada frasco de perfume de cristal transmite lujo atemporal.<\/p>\n<h2>Caracter\u00edsticas del producto<\/h2>\n<ul>\n<li><strong>Estabilidad de la base cuadrada:<\/strong> \u00bfEngrosaste la base cuadrada? No se mueve en absoluto en los estantes; tus peque\u00f1os frascos de perfume en aerosol transmiten un aire denso y de alta calidad.<\/li>\n<li><strong>Personalizaci\u00f3n de gorra vintage:<\/strong> \u00bfSon de color marr\u00f3n nogal, roble claro o negro mate? Comb\u00ednalos con el alma del aroma.<\/li>\n<li><strong>Claridad del cristal:<\/strong> Revele el color real de su fragancia a trav\u00e9s de esta botella de vidrio, sin ilusiones turbias.<\/li>\n<\/ul>\n<h2>Especificaciones clave<\/h2>\n<table style=\"border-collapse: collapse; width: 80%; margin-left: auto; margin-right: auto;\" border=\"0\" width=\"360\" cellspacing=\"0\" cellpadding=\"0\">\n<tbody>\n<tr style=\"height: 13.50pt;\">\n<td style=\"height: 13.5pt; width: 54pt; text-align: center;\" width=\"72\" height=\"18\">Capacidad (ml)<\/td>\n<td style=\"width: 54pt; text-align: center;\" width=\"72\">Dimensiones (mm)<\/td>\n<td style=\"width: 54pt; text-align: center;\" width=\"72\">Calibre<\/td>\n<td style=\"width: 54pt; text-align: center;\" width=\"72\">Tipo de sello<\/td>\n<td style=\"width: 54pt; text-align: center;\" width=\"72\">Color<\/td>\n<\/tr>\n<tr style=\"height: 13.50pt;\">\n<td style=\"height: 13.5pt; text-align: center;\" height=\"18\">30<\/td>\n<td style=\"text-align: center;\">35\u00d735\u00d766<\/td>\n<td class=\"et2\" style=\"text-align: center;\" rowspan=\"5\">15 mm<\/td>\n<td class=\"et2\" style=\"text-align: center;\" rowspan=\"5\">Parte superior esterilizada<\/td>\n<td class=\"et2\" style=\"text-align: center;\" rowspan=\"5\">Vidrio transparente, marr\u00f3n nogal, roble claro, tapa negra mate (personalizable)<\/td>\n<\/tr>\n<tr style=\"height: 13.50pt;\">\n<td style=\"height: 13.5pt; text-align: center;\" height=\"18\">30<\/td>\n<td style=\"text-align: center;\">37\u00d737\u00d765<\/td>\n<\/tr>\n<tr style=\"height: 13.50pt;\">\n<td style=\"height: 13.5pt; text-align: center;\" height=\"18\">50<\/td>\n<td style=\"text-align: center;\">32\u00d732\u00d785<\/td>\n<\/tr>\n<tr style=\"height: 13.50pt;\">\n<td style=\"height: 13.5pt; text-align: center;\" height=\"18\">45<\/td>\n<td style=\"text-align: center;\">37\u00d737\u00d786<\/td>\n<\/tr>\n<tr style=\"height: 13.50pt;\">\n<td style=\"height: 13.5pt; text-align: center;\" height=\"18\">100<\/td>\n<td style=\"text-align: center;\">47\u00d747\u00d7103<\/td>\n<\/tr>\n<\/tbody>\n<\/table>\n<h2>Caso de \u00e9xito<\/h2>\n<p>Una marca independiente, especializada en fragancias vintage, decidi\u00f3 usar estos frascos de perfume vintage con dosificador como packaging para su nueva colecci\u00f3n durante el desarrollo de esta. Optaron por una versi\u00f3n peque\u00f1a y personalizada de 50 ml de capacidad, con frascos de perfume con pulverizador cuadrados de vidrio grueso y un dosificador negro mate. Para aumentar el reconocimiento de la marca, la parte frontal del frasco est\u00e1 decorada con un logotipo dorado de baja saturaci\u00f3n mediante serigraf\u00eda, y la base es extra gruesa, no solo para mejorar la sensaci\u00f3n general y la estabilidad, sino tambi\u00e9n para reducir la posibilidad de que el producto se da\u00f1e durante el transporte.<\/p>\n<p>El pedido inicial fue de 3000 frascos peque\u00f1os de perfume en aerosol. Tres meses despu\u00e9s, la serie recibi\u00f3 un segundo pedido, y las colaboraciones posteriores, con nuevos colores de tap\u00f3n y opciones de capacidad, se convirtieron gradualmente en el sistema de envasado distintivo de la marca.<\/p>\n<h2>Sus opciones de personalizaci\u00f3n<\/h2>\n<ol>\n<li><strong>Narraci\u00f3n de historias a color de gorra: <\/strong>Elija tapas de nogal para aromas terrosos y amaderados, negras para agregar un elemento de misterio y roble para notas frescas.<\/li>\n<li><strong>Integraci\u00f3n masiva de logotipos: <\/strong>Haga su logotipo grabado con l\u00e1ser en la base cuadrada de las peque\u00f1as botellas de perfume en aerosol al por mayor con una marca que no sea inmediatamente visible.<\/li>\n<li><strong>Opciones de marca: <\/strong>Algunas de las opciones personalizables son la impresi\u00f3n del nombre de la marca en el producto a trav\u00e9s de serigraf\u00eda, estampaci\u00f3n en caliente (oro o plata) o arenado del logotipo para promover el reconocimiento de la marca.<\/li>\n<\/ol>","protected":false},"excerpt":{"rendered":"<p>Frascos de perfume vintage con dosificador para marcas y mayoristas. Frascos de perfume peque\u00f1os con atomizador, suministro directo de f\u00e1brica, personalizaci\u00f3n al por mayor, entrega r\u00e1pida a nivel mundial.<\/p>","protected":false},"featured_media":4423,"template":"","meta":{"postBodyCss":"","postBodyMargin":[],"postBodyPadding":[],"postBodyBackground":{"backgroundType":"classic","gradient":""}},"product_brand":[],"product_cat":[15,16,62],"product_tag":[],"class_list":{"0":"post-4420","1":"product","2":"type-product","3":"status-publish","4":"has-post-thumbnail","6":"product_cat-glass-containers","7":"product_cat-glass-bottles","8":"product_cat-perfume-bottles","10":"first","11":"instock","12":"shipping-taxable","13":"product-type-simple"},"jetpack_sharing_enabled":true,"_links":{"self":[{"href":"https:\/\/minghanggroup.com\/es\/wp-json\/wp\/v2\/product\/4420","targetHints":{"allow":["GET"]}}],"collection":[{"href":"https:\/\/minghanggroup.com\/es\/wp-json\/wp\/v2\/product"}],"about":[{"href":"https:\/\/minghanggroup.com\/es\/wp-json\/wp\/v2\/types\/product"}],"wp:featuredmedia":[{"embeddable":true,"href":"https:\/\/minghanggroup.com\/es\/wp-json\/wp\/v2\/media\/4423"}],"wp:attachment":[{"href":"https:\/\/minghanggroup.com\/es\/wp-json\/wp\/v2\/media?parent=4420"}],"wp:term":[{"taxonomy":"product_brand","embeddable":true,"href":"https:\/\/minghanggroup.com\/es\/wp-json\/wp\/v2\/product_brand?post=4420"},{"taxonomy":"product_cat","embeddable":true,"href":"https:\/\/minghanggroup.com\/es\/wp-json\/wp\/v2\/product_cat?post=4420"},{"taxonomy":"product_tag","embeddable":true,"href":"https:\/\/minghanggroup.com\/es\/wp-json\/wp\/v2\/product_tag?post=4420"}],"curies":[{"name":"wp","href":"https:\/\/api.w.org\/{rel}","templated":true}]}}