{"id":4410,"date":"2026-01-07T14:14:27","date_gmt":"2026-01-07T06:14:27","guid":{"rendered":"https:\/\/minghanggroup.com\/?post_type=product&#038;p=4410"},"modified":"2026-01-07T16:51:43","modified_gmt":"2026-01-07T08:51:43","slug":"white-cologne-bottles-wholesale-perfume-bottle-supplier","status":"publish","type":"product","link":"https:\/\/minghanggroup.com\/es\/producto\/white-cologne-bottles-wholesale-perfume-bottle-supplier\/","title":{"rendered":"Botellas de colonia de vidrio blanco con base de monta\u00f1a (30 ml, 50 ml, 100 ml) al por mayor"},"content":{"rendered":"<p>Tus frascos de colonia blancos deber\u00edan hacer que los clientes se detengan a mitad de la compra. Somos el proveedor de frascos de perfume que fabricamos frascos de perfume de vidrio que convierten a los curiosos en compradores, donde cada frasco de vidrio transmite calidad premium.<\/p>\n<h2>Caracter\u00edsticas del producto<\/h2>\n<ul>\n<li><strong>Visualizaci\u00f3n de monta\u00f1a en 3D: <\/strong>\u00bfEsa sutil monta\u00f1a interior? Convierte tu frasco de perfume en un vendedor silencioso. Aqu\u00ed no hay vidrio aburrido.<\/li>\n<li><strong>Armon\u00eda de tapa mate: <\/strong>Tapa blanca mate + vidrio transparente = lujo limpio instant\u00e1neo para el empaque de su fragancia.<\/li>\n<li><strong>Estabilidad que vende: <\/strong>Sus botellas no se tambalear\u00e1n en los estantes gracias a su base engrosada.<\/li>\n<\/ul>\n<h2>Especificaciones clave<\/h2>\n<table style=\"border-collapse: collapse; width: 80%; margin-left: auto; margin-right: auto;\" border=\"0\" width=\"288\" cellspacing=\"0\" cellpadding=\"0\">\n<tbody>\n<tr style=\"height: 13.50pt;\">\n<td style=\"height: 13.5pt; width: 54pt; text-align: center;\" width=\"72\" height=\"18\">Capacidad<\/td>\n<td style=\"width: 54pt; text-align: center;\" width=\"72\">Dimensiones (mm)<\/td>\n<td style=\"width: 54pt; text-align: center;\" width=\"72\">Esquema de colores<\/td>\n<td style=\"width: 54pt; text-align: center;\" width=\"72\">Tipo de sello<\/td>\n<\/tr>\n<tr style=\"height: 13.50pt;\">\n<td style=\"height: 13.5pt; text-align: center;\" height=\"18\">30 ml<\/td>\n<td style=\"text-align: center;\">46 x 73<\/td>\n<td class=\"et2\" style=\"text-align: center;\" rowspan=\"3\">Vidrio transparente + tapa mate<\/td>\n<td class=\"et2\" style=\"text-align: center;\" rowspan=\"3\">Parte superior en aerosol<\/td>\n<\/tr>\n<tr style=\"height: 13.50pt;\">\n<td style=\"height: 13.5pt; text-align: center;\" height=\"18\">50 ml<\/td>\n<td style=\"text-align: center;\">51 x 80<\/td>\n<\/tr>\n<tr style=\"height: 13.50pt;\">\n<td style=\"height: 13.5pt; text-align: center;\" height=\"18\">100 ml \/ 3,4 oz<\/td>\n<td style=\"text-align: center;\">59 x 94<\/td>\n<\/tr>\n<\/tbody>\n<\/table>\n<h2>Caso de \u00e9xito<\/h2>\n<p>Una de sus marcas de perfumes necesitaba un envase que transmitiera las ideas y el dise\u00f1o de su nueva colecci\u00f3n de forma m\u00e1s eficaz. Sus frascos antiguos eran est\u00e9ticamente sobrios y no se distingu\u00edan en los estantes de las tiendas. Su primer lanzamiento fueron nuestros frascos de colonia blancos con un dise\u00f1o interior de monta\u00f1a en 3D, cuerpo esmerilado y un logotipo en relieve en el hombro.<\/p>\n<p>La marca tambi\u00e9n nos inform\u00f3 despu\u00e9s del lanzamiento que hab\u00eda visto un incremento del 32% en la tasa de venta y tambi\u00e9n notaron una mejora significativa en la participaci\u00f3n del cliente en las redes sociales, y explicaron que esto era el resultado del aspecto \u00fanico de las botellas.<\/p>\n<h2>Sus opciones de personalizaci\u00f3n<\/h2>\n<ol>\n<li><strong>Cambio de color de la tapa: <\/strong>Cambia el blanco mate por negro o dorado para combinar con la personalidad de tu aroma.<\/li>\n<li><strong>Aroma, Tapas etiquetadas:<\/strong> Las mini notas de aroma (por ejemplo, c\u00edtricos en la tapa de naranja) est\u00e1n grabadas con l\u00e1ser en la tapa y crean un perfume personalizado instant\u00e1neamente reconocible.<\/li>\n<li><strong>Gran base de personalizaci\u00f3n:<\/strong> La superficie lisa de la botella ha sido ideal en la aplicaci\u00f3n de diversos tratamientos personalizados como pulverizaci\u00f3n, serigraf\u00eda o etiquetado.<\/li>\n<\/ol>","protected":false},"excerpt":{"rendered":"<p>El frasco de colonia blanco con dise\u00f1o de monta\u00f1a lo hace atractivo para los clientes. Como proveedor de frascos de perfume, ofrecemos servicios personalizados y pedidos al por mayor.<\/p>","protected":false},"featured_media":4419,"template":"","meta":{"postBodyCss":"","postBodyMargin":[],"postBodyPadding":[],"postBodyBackground":{"backgroundType":"classic","gradient":""}},"product_brand":[],"product_cat":[15,16,62],"product_tag":[],"class_list":{"0":"post-4410","1":"product","2":"type-product","3":"status-publish","4":"has-post-thumbnail","6":"product_cat-glass-containers","7":"product_cat-glass-bottles","8":"product_cat-perfume-bottles","10":"first","11":"instock","12":"shipping-taxable","13":"product-type-simple"},"jetpack_sharing_enabled":true,"_links":{"self":[{"href":"https:\/\/minghanggroup.com\/es\/wp-json\/wp\/v2\/product\/4410","targetHints":{"allow":["GET"]}}],"collection":[{"href":"https:\/\/minghanggroup.com\/es\/wp-json\/wp\/v2\/product"}],"about":[{"href":"https:\/\/minghanggroup.com\/es\/wp-json\/wp\/v2\/types\/product"}],"wp:featuredmedia":[{"embeddable":true,"href":"https:\/\/minghanggroup.com\/es\/wp-json\/wp\/v2\/media\/4419"}],"wp:attachment":[{"href":"https:\/\/minghanggroup.com\/es\/wp-json\/wp\/v2\/media?parent=4410"}],"wp:term":[{"taxonomy":"product_brand","embeddable":true,"href":"https:\/\/minghanggroup.com\/es\/wp-json\/wp\/v2\/product_brand?post=4410"},{"taxonomy":"product_cat","embeddable":true,"href":"https:\/\/minghanggroup.com\/es\/wp-json\/wp\/v2\/product_cat?post=4410"},{"taxonomy":"product_tag","embeddable":true,"href":"https:\/\/minghanggroup.com\/es\/wp-json\/wp\/v2\/product_tag?post=4410"}],"curies":[{"name":"wp","href":"https:\/\/api.w.org\/{rel}","templated":true}]}}