{"id":4400,"date":"2026-01-07T11:59:55","date_gmt":"2026-01-07T03:59:55","guid":{"rendered":"https:\/\/minghanggroup.com\/?post_type=product&#038;p=4400"},"modified":"2026-01-07T11:59:56","modified_gmt":"2026-01-07T03:59:56","slug":"glass-bottles-for-perfume-bulk-perfume-bottle-manufacturer","status":"publish","type":"product","link":"https:\/\/minghanggroup.com\/es\/producto\/glass-bottles-for-perfume-bulk-perfume-bottle-manufacturer\/","title":{"rendered":"Botellas de vidrio redondas transparentes de 50 ml y 100 ml para perfume con tapa esf\u00e9rica."},"content":{"rendered":"<p>Tus frascos de perfume de 50 ml deber\u00edan hacer que los clientes se detengan a mitad de la compra. Somos fabricantes de frascos de perfume que crean frascos de vidrio que convierten a los curiosos en compradores, donde cada frasco de perfume de vidrio transmite calidad premium.<\/p>\n<h2>Caracter\u00edsticas del producto<\/h2>\n<ul>\n<li><strong>Claridad del vidrio Flint:<\/strong> Vea el verdadero color de sus fragancias a trav\u00e9s de esta botella de vidrio.<\/li>\n<li><strong>Tapa esf\u00e9rica lisa:<\/strong> \u00bfEsa tapa redondeada? Elegancia instant\u00e1nea, sin bordes afilados, solo una suave sensaci\u00f3n de rociado.<\/li>\n<li><strong>Dise\u00f1o de botella redondeada:<\/strong> Las l\u00edneas generales son suaves y delicadas, creando una apariencia visual simple y elegante, adecuada para varios estilos de perfumes y posicionamiento de marca.<\/li>\n<\/ul>\n<h2>Especificaciones clave<\/h2>\n<table style=\"border-collapse: collapse; width: 80%; margin-left: auto; margin-right: auto;\" border=\"0\" width=\"288\" cellspacing=\"0\" cellpadding=\"0\">\n<tbody>\n<tr style=\"height: 13.50pt;\">\n<td style=\"height: 13.5pt; width: 54pt; text-align: center;\" width=\"72\" height=\"18\">Capacidad<\/td>\n<td style=\"width: 54pt; text-align: center;\" width=\"72\">Dimensiones (mm)<\/td>\n<td style=\"width: 54pt; text-align: center;\" width=\"72\">Material<\/td>\n<td style=\"width: 54pt; text-align: center;\" width=\"72\">Tipo de sello<\/td>\n<\/tr>\n<tr style=\"height: 13.50pt;\">\n<td style=\"height: 13.5pt; text-align: center;\" height=\"18\">50 ml<\/td>\n<td style=\"text-align: center;\">39 x 49 x 119<\/td>\n<td class=\"et2\" style=\"text-align: center;\" rowspan=\"2\">Vidrio de s\u00edlex<\/td>\n<td class=\"et2\" style=\"text-align: center;\" rowspan=\"2\">Parte superior en aerosol<\/td>\n<\/tr>\n<tr style=\"height: 13.50pt;\">\n<td style=\"height: 13.5pt; text-align: center;\" height=\"18\">100 ml \/ 3,4 oz<\/td>\n<td style=\"text-align: center;\">45 x 55 x 130<\/td>\n<\/tr>\n<\/tbody>\n<\/table>\n<h2>Caso de \u00e9xito<\/h2>\n<p>Una marca de perfumes estaba a punto de lanzar una nueva fragancia unisex; sin embargo, consideraban que su envase actual no reflejaba la sofisticaci\u00f3n del producto. Para la primera producci\u00f3n, la marca decidi\u00f3 usar nuestros frascos de vidrio para perfume y personalizarlos: los frascos ten\u00edan un delicado acabado esmerilado, un elegante logotipo en relieve en el hombro y un dise\u00f1o serigrafiado minimalista.<\/p>\n<p>Los efectos fueron, de hecho, muy r\u00e1pidos: el perfume, con su nuevo envase mejorado, se hizo m\u00e1s visible en los estantes de las tiendas, lo que permiti\u00f3 que las ventas de la marca aumentaran un 32 % en tan solo dos meses. Por ello, la marca sigue realizando pedidos al por mayor cada trimestre.<\/p>\n<h2>Sus opciones de personalizaci\u00f3n<\/h2>\n<ol>\n<li><strong>Maridaje de fragancias:<\/strong> Seleccione el color de la tapa del frasco de acuerdo con los componentes del aroma: la plata es un s\u00edmbolo de frescura y el oro representa el lujo.<\/li>\n<li><strong>Detalles de textura personalizables:<\/strong> El concepto del frasco est\u00e1 preparado para introducir una textura tenue o l\u00edneas verticales que intensificar\u00edan el lado t\u00e1ctil y la singularidad del producto al mismo tiempo que son visualmente simples y limpios.<\/li>\n<li><strong>Ubicaci\u00f3n del logotipo de la marca:<\/strong> Una parte del hombro o base de la botella, creada especialmente para el logotipo de su marca, se puede usar f\u00e1cilmente para estampaci\u00f3n en caliente, etiquetado o marcado l\u00e1ser en el futuro.<\/li>\n<\/ol>","protected":false},"excerpt":{"rendered":"<p>Botellas de vidrio para perfume con perfil liso y acabado transparente. Como fabricantes de botellas de perfume, ofrecemos suministro directo de f\u00e1brica y personalizaci\u00f3n flexible al por mayor.<\/p>","protected":false},"featured_media":4407,"template":"","meta":{"postBodyCss":"","postBodyMargin":[],"postBodyPadding":[],"postBodyBackground":{"backgroundType":"classic","gradient":""}},"product_brand":[],"product_cat":[15,16,62],"product_tag":[],"class_list":{"0":"post-4400","1":"product","2":"type-product","3":"status-publish","4":"has-post-thumbnail","6":"product_cat-glass-containers","7":"product_cat-glass-bottles","8":"product_cat-perfume-bottles","10":"first","11":"instock","12":"shipping-taxable","13":"product-type-simple"},"jetpack_sharing_enabled":true,"_links":{"self":[{"href":"https:\/\/minghanggroup.com\/es\/wp-json\/wp\/v2\/product\/4400","targetHints":{"allow":["GET"]}}],"collection":[{"href":"https:\/\/minghanggroup.com\/es\/wp-json\/wp\/v2\/product"}],"about":[{"href":"https:\/\/minghanggroup.com\/es\/wp-json\/wp\/v2\/types\/product"}],"wp:featuredmedia":[{"embeddable":true,"href":"https:\/\/minghanggroup.com\/es\/wp-json\/wp\/v2\/media\/4407"}],"wp:attachment":[{"href":"https:\/\/minghanggroup.com\/es\/wp-json\/wp\/v2\/media?parent=4400"}],"wp:term":[{"taxonomy":"product_brand","embeddable":true,"href":"https:\/\/minghanggroup.com\/es\/wp-json\/wp\/v2\/product_brand?post=4400"},{"taxonomy":"product_cat","embeddable":true,"href":"https:\/\/minghanggroup.com\/es\/wp-json\/wp\/v2\/product_cat?post=4400"},{"taxonomy":"product_tag","embeddable":true,"href":"https:\/\/minghanggroup.com\/es\/wp-json\/wp\/v2\/product_tag?post=4400"}],"curies":[{"name":"wp","href":"https:\/\/api.w.org\/{rel}","templated":true}]}}