{"id":4393,"date":"2026-01-06T17:00:11","date_gmt":"2026-01-06T09:00:11","guid":{"rendered":"https:\/\/minghanggroup.com\/?post_type=product&#038;p=4393"},"modified":"2026-01-06T17:08:49","modified_gmt":"2026-01-06T09:08:49","slug":"30ml-50ml-100ml-custom-glass-fragrance-bottles-wholesale","status":"publish","type":"product","link":"https:\/\/minghanggroup.com\/es\/producto\/30ml-50ml-100ml-custom-glass-fragrance-bottles-wholesale\/","title":{"rendered":"Botellas de vidrio personalizadas para fragancias (30 ml, 50 ml y 100 ml), venta al por mayor"},"content":{"rendered":"<div class=\"qk-md-paragraph\" data-spm-anchor-id=\"5176.28103460.0.i14.14c47551N6phDS\"><span class=\"qk-md-text complete\">Su <\/span><span class=\"qk-md-text complete\">Botellas de colonia de 50 ml<\/span><span class=\"qk-md-text complete\"> deber\u00eda hacer que los clientes se detengan a mitad de la compra. Elaboramos <\/span><span class=\"qk-md-text complete\">Botellas de vidrio para fragancias al por mayor<\/span><span class=\"qk-md-text complete\"> Dise\u00f1ado para <\/span><span class=\"qk-md-text complete\">envases de fragancias<\/span><span class=\"qk-md-text complete\"> eso <\/span><span class=\"qk-md-text complete\">de hecho<\/span><span class=\"qk-md-text complete\"> vende\u2014donde cada <\/span><span class=\"qk-md-text complete\">botella de perfume de vidrio<\/span><span class=\"qk-md-text complete\"> se convierte en el arma secreta de tu marca. <\/span><\/div>\n<h2>Caracter\u00edsticas del producto<\/h2>\n<ul>\n<li><strong>Sofisticaci\u00f3n de la tapa de metal: <\/strong>\u00bfTapas negras, doradas o plateadas? Comb\u00ednalas con la personalidad de tu aroma: no hay tapas mon\u00f3tonas.<\/li>\n<li><strong>Vidrio Flint cristalino:<\/strong> Mire a trav\u00e9s de su perfume en esta botella de vidrio de alta calidad, sin ilusiones nubladas.<\/li>\n<li><strong>Se puede utilizar en todo tipo de fragancias:<\/strong> Se puede utilizar tanto en perfumes como en colonias, aceites perfumados y otros productos l\u00edquidos.<\/li>\n<\/ul>\n<h2>Especificaciones clave<\/h2>\n<table style=\"border-collapse: collapse; width: 80%; margin-left: auto; margin-right: auto;\" border=\"0\" width=\"288\" cellspacing=\"0\" cellpadding=\"0\">\n<tbody>\n<tr style=\"height: 13.50pt;\">\n<td style=\"height: 13.5pt; width: 54pt; text-align: center;\" width=\"72\" height=\"18\">Capacidad<\/td>\n<td style=\"width: 54pt; text-align: center;\" width=\"72\">Dimensiones (mm)<\/td>\n<td style=\"width: 54pt; text-align: center;\" width=\"72\">Material<\/td>\n<td style=\"width: 54pt; text-align: center;\" width=\"72\">Tipo de sello<\/td>\n<\/tr>\n<tr style=\"height: 13.50pt;\">\n<td style=\"height: 13.5pt; text-align: center;\" height=\"18\">30 ml \/ 1 onza<\/td>\n<td style=\"text-align: center;\">42 x 73<\/td>\n<td class=\"et2\" style=\"text-align: center;\" rowspan=\"3\">Vidrio de s\u00edlex<\/td>\n<td class=\"et2\" style=\"text-align: center;\" rowspan=\"3\">Parte superior en aerosol<\/td>\n<\/tr>\n<tr style=\"height: 13.50pt;\">\n<td style=\"height: 13.5pt; text-align: center;\" height=\"18\">50 ml<\/td>\n<td style=\"text-align: center;\">45 x 88<\/td>\n<\/tr>\n<tr style=\"height: 13.50pt;\">\n<td style=\"height: 13.5pt; text-align: center;\" height=\"18\">100 ml \/ 3,4 oz<\/td>\n<td style=\"text-align: center;\">56 x 101<\/td>\n<\/tr>\n<\/tbody>\n<\/table>\n<h2>Caso de \u00e9xito<\/h2>\n<p>Una empresa local de perfumes que trabaja con perfumes naturales ha decidido usar nuestro frasco de colonia de 50 ml para presentar su nueva l\u00ednea. Optaron por fabricar frascos de vidrio transparente con dise\u00f1os de la marca para mostrar el color puro del perfume y aportar un nuevo nivel de sofisticaci\u00f3n a la imagen de la marca recubriendo las tapas con una capa de oro. Los frascos ten\u00edan un grabado sencillo del logotipo de la marca, lo que se centr\u00f3 en su sofisticaci\u00f3n y novedad.<\/p>\n<p>En tres meses, sus ventas en l\u00ednea solo han crecido un 40 por ciento y ha logrado captar el inter\u00e9s de m\u00e1s minoristas, logrando as\u00ed ingresar a dos de los principales grandes almacenes.<\/p>\n<h2>Sus opciones de personalizaci\u00f3n<\/h2>\n<ol>\n<li><strong>Estrategia de color de gorra:<\/strong>Precio de oro en la categor\u00eda de aromas de lujo, precio de plata en la categor\u00eda de aromas frescos.<\/li>\n<li><strong>Detalle de la superficie:<\/strong>Decoraci\u00f3n en relieve sobre el vidrio flint a modo de logotipos.<\/li>\n<li><strong>Maridaje de fragancias:<\/strong>Las fragancias amaderadas se deben utilizar con el vidrio oscuro y las fragancias c\u00edtricas con el vidrio transparente.<\/li>\n<\/ol>","protected":false},"excerpt":{"rendered":"<p>Explora la botella de colonia de 50 ml con tapones personalizables. Ofrecemos botellas de vidrio para fragancias al por mayor, directamente de f\u00e1brica, y env\u00edos r\u00e1pidos para empresas.<\/p>","protected":false},"featured_media":4396,"template":"","meta":{"postBodyCss":"","postBodyMargin":[],"postBodyPadding":[],"postBodyBackground":{"backgroundType":"classic","gradient":""}},"product_brand":[],"product_cat":[15,16,62],"product_tag":[],"class_list":{"0":"post-4393","1":"product","2":"type-product","3":"status-publish","4":"has-post-thumbnail","6":"product_cat-glass-containers","7":"product_cat-glass-bottles","8":"product_cat-perfume-bottles","10":"first","11":"instock","12":"shipping-taxable","13":"product-type-simple"},"jetpack_sharing_enabled":true,"_links":{"self":[{"href":"https:\/\/minghanggroup.com\/es\/wp-json\/wp\/v2\/product\/4393","targetHints":{"allow":["GET"]}}],"collection":[{"href":"https:\/\/minghanggroup.com\/es\/wp-json\/wp\/v2\/product"}],"about":[{"href":"https:\/\/minghanggroup.com\/es\/wp-json\/wp\/v2\/types\/product"}],"wp:featuredmedia":[{"embeddable":true,"href":"https:\/\/minghanggroup.com\/es\/wp-json\/wp\/v2\/media\/4396"}],"wp:attachment":[{"href":"https:\/\/minghanggroup.com\/es\/wp-json\/wp\/v2\/media?parent=4393"}],"wp:term":[{"taxonomy":"product_brand","embeddable":true,"href":"https:\/\/minghanggroup.com\/es\/wp-json\/wp\/v2\/product_brand?post=4393"},{"taxonomy":"product_cat","embeddable":true,"href":"https:\/\/minghanggroup.com\/es\/wp-json\/wp\/v2\/product_cat?post=4393"},{"taxonomy":"product_tag","embeddable":true,"href":"https:\/\/minghanggroup.com\/es\/wp-json\/wp\/v2\/product_tag?post=4393"}],"curies":[{"name":"wp","href":"https:\/\/api.w.org\/{rel}","templated":true}]}}