{"id":4381,"date":"2026-01-06T15:08:58","date_gmt":"2026-01-06T07:08:58","guid":{"rendered":"https:\/\/minghanggroup.com\/?post_type=product&#038;p=4381"},"modified":"2026-01-06T15:38:08","modified_gmt":"2026-01-06T07:38:08","slug":"luxury-perfume-bottles-with-gold-decorative-wholesale","status":"publish","type":"product","link":"https:\/\/minghanggroup.com\/es\/producto\/luxury-perfume-bottles-with-gold-decorative-wholesale\/","title":{"rendered":"Botellas de perfume de lujo de 50 ml con decoraci\u00f3n dorada al por mayor"},"content":{"rendered":"<p>Esta marca de frascos de perfume de lujo est\u00e1 hecha de vidrio de un color cristalino y est\u00e1 disponible en cuatro formas (calabaza, cil\u00edndrica, cuadrada y ovalada). Los frascos est\u00e1n decorados con hermosos dise\u00f1os de tapas ba\u00f1adas en oro y tienen tapas multifac\u00e9ticas que brillan a la luz del sol.<\/p>\n<h2>Caracter\u00edsticas del producto<\/h2>\n<ul>\n<li><strong>Combinaciones de formas m\u00faltiples:<\/strong> Para adaptarse a los gustos de las distintas est\u00e9ticas, hay cuatro formas de botellas, a saber, la de calabaza, cil\u00edndrica, cuadrada y ovalada.<\/li>\n<li><strong>Gorras multifac\u00e9ticas:<\/strong> Las tapas transparentes tienen un corte texturizado y un detalle met\u00e1lico en dorado, que le agrega un toque lujoso en toda su superficie.<\/li>\n<li><strong>Caracter\u00edsticas decorativas del oro:<\/strong> Las botellas est\u00e1n adornadas con un dise\u00f1o calado\/patr\u00f3n dorado que reproduce el cristal y los componentes de metal, lo que refleja la fina mano de obra.<\/li>\n<\/ul>\n<h2 style=\"text-align: left;\">Especificaciones clave<\/h2>\n<table class=\"aligncenter\" style=\"border-collapse: collapse; width: 575.27pt;\" border=\"0\" width=\"767\" cellspacing=\"0\" cellpadding=\"0\">\n<tbody>\n<tr style=\"height: 13.50pt;\">\n<td style=\"height: 13.50pt; width: 117.75pt;\" width=\"157\" height=\"18\">Especificaci\u00f3n<\/td>\n<td style=\"width: 457.50pt;\" width=\"610\">Detalles<\/td>\n<\/tr>\n<tr style=\"height: 13.50pt;\">\n<td style=\"height: 13.50pt;\" height=\"18\">Capacidad<\/td>\n<td>50 ml (todos los estilos)<\/td>\n<\/tr>\n<tr style=\"height: 13.50pt;\">\n<td style=\"height: 13.50pt;\" height=\"18\">Dimensiones<\/td>\n<td>60\u00d764 mm (calabaza) \/ 48\u00d7106 mm (cilindro) \/ 38\u00d787 mm (cuadrado) \/ 67\u00d798 mm (ovalado)<\/td>\n<\/tr>\n<tr style=\"height: 13.50pt;\">\n<td style=\"height: 13.50pt;\" height=\"18\">Material<\/td>\n<td>Vidrio de calidad cristalina, detalles de metal dorado<\/td>\n<\/tr>\n<tr style=\"height: 13.50pt;\">\n<td style=\"height: 13.50pt;\" height=\"18\">Forma de la botella<\/td>\n<td>Calabaza, Cilindro, Cuadrado, Ovalado<\/td>\n<\/tr>\n<tr style=\"height: 13.50pt;\">\n<td style=\"height: 13.50pt;\" height=\"18\">Alcance de personalizaci\u00f3n<\/td>\n<td>Color de vidrio, dise\u00f1o con detalles dorados, estilo de tapa<\/td>\n<\/tr>\n<tr style=\"height: 13.50pt;\">\n<td style=\"height: 13.50pt;\" height=\"18\">Artesan\u00eda<\/td>\n<td>Soplado de vidrio de precisi\u00f3n, aplicaci\u00f3n de filigrana met\u00e1lica<\/td>\n<\/tr>\n<tr style=\"height: 13.50pt;\">\n<td style=\"height: 13.50pt;\" height=\"18\">Prop\u00f3sito del producto<\/td>\n<td>Frascos de perfume de lujo al por mayor, frascos de perfume a granel<\/td>\n<\/tr>\n<tr style=\"height: 13.50pt;\">\n<td style=\"height: 13.50pt;\" height=\"18\">Industrias adecuadas<\/td>\n<td>Alta perfumer\u00eda, hospitalidad de cinco estrellas, venta minorista exclusiva<\/td>\n<\/tr>\n<\/tbody>\n<\/table>\n<h2>Historia de \u00e9xito<\/h2>\n<p>Una de las marcas de perfumes de lujo m\u00e1s conocidas de Francia encarg\u00f3 cuatro de nuestros frascos de perfume de lujo, ba\u00f1ados en oro de 24 quilates y con el logotipo de la marca grabado en la tapa. Los frascos adquirieron gran reconocimiento tras su lanzamiento. Seg\u00fan la marca, la percepci\u00f3n del producto como producto de alta gama aument\u00f3 un 45 % gracias al dise\u00f1o en cristal y oro, y las rese\u00f1as positivas que destacaban su dise\u00f1o lujoso aumentaron un 36 %. La marca se mostr\u00f3 muy satisfecha con su rendimiento en el mercado y recientemente encarg\u00f3 350\u00a0000 frascos m\u00e1s para ampliar sus canales de distribuci\u00f3n a nivel mundial.<\/p>\n<h2>Personalizaci\u00f3n de frascos de perfume de lujo al por mayor<\/h2>\n<ul>\n<li>Estampado en caliente personalizado: tenga patrones \u00fanicos, monogramas o insignias de estampado en caliente en cada forma de botellas.<\/li>\n<li>Ba\u00f1o de metales preciosos: Tiene detalles en oro de varios tipos de ba\u00f1o (oro rosa, platino, rodio).<\/li>\n<li>Cristal de color: Dota a cada botella de colores exclusivos (zafiro, verde esmeralda, rub\u00ed, \u00e1mbar).<\/li>\n<li>Detalles de incrustaciones de esmalte Uso: Aplique color y profundidad adicionales a los patrones de estampado en caliente con decoraciones de esmalte pintadas a mano.<\/li>\n<\/ul>","protected":false},"excerpt":{"rendered":"<p>Frascos de perfume de lujo en cristal con detalles dorados para una apariencia sofisticada. Ideales para marcas de lujo. Frascos de perfume de lujo al por mayor con muestras gratis.<\/p>","protected":false},"featured_media":4389,"template":"","meta":{"postBodyCss":"","postBodyMargin":[],"postBodyPadding":[],"postBodyBackground":{"backgroundType":"classic","gradient":""}},"product_brand":[],"product_cat":[15,16,62],"product_tag":[],"class_list":{"0":"post-4381","1":"product","2":"type-product","3":"status-publish","4":"has-post-thumbnail","6":"product_cat-glass-containers","7":"product_cat-glass-bottles","8":"product_cat-perfume-bottles","10":"first","11":"instock","12":"shipping-taxable","13":"product-type-simple"},"jetpack_sharing_enabled":true,"_links":{"self":[{"href":"https:\/\/minghanggroup.com\/es\/wp-json\/wp\/v2\/product\/4381","targetHints":{"allow":["GET"]}}],"collection":[{"href":"https:\/\/minghanggroup.com\/es\/wp-json\/wp\/v2\/product"}],"about":[{"href":"https:\/\/minghanggroup.com\/es\/wp-json\/wp\/v2\/types\/product"}],"wp:featuredmedia":[{"embeddable":true,"href":"https:\/\/minghanggroup.com\/es\/wp-json\/wp\/v2\/media\/4389"}],"wp:attachment":[{"href":"https:\/\/minghanggroup.com\/es\/wp-json\/wp\/v2\/media?parent=4381"}],"wp:term":[{"taxonomy":"product_brand","embeddable":true,"href":"https:\/\/minghanggroup.com\/es\/wp-json\/wp\/v2\/product_brand?post=4381"},{"taxonomy":"product_cat","embeddable":true,"href":"https:\/\/minghanggroup.com\/es\/wp-json\/wp\/v2\/product_cat?post=4381"},{"taxonomy":"product_tag","embeddable":true,"href":"https:\/\/minghanggroup.com\/es\/wp-json\/wp\/v2\/product_tag?post=4381"}],"curies":[{"name":"wp","href":"https:\/\/api.w.org\/{rel}","templated":true}]}}