{"id":4349,"date":"2026-01-06T15:18:31","date_gmt":"2026-01-06T07:18:31","guid":{"rendered":"https:\/\/minghanggroup.com\/?post_type=product&#038;p=4349"},"modified":"2026-01-06T15:18:32","modified_gmt":"2026-01-06T07:18:32","slug":"custom-square-perfume-bottles-with-marble-lids-bulk","status":"publish","type":"product","link":"https:\/\/minghanggroup.com\/es\/producto\/custom-square-perfume-bottles-with-marble-lids-bulk\/","title":{"rendered":"Botellas de perfume cuadradas personalizadas de 30 ml, 50 ml y 100 ml con tapas de m\u00e1rmol al por mayor"},"content":{"rendered":"<p>Tu frasco de perfume cuadrado deber\u00eda hacer que los clientes se detengan a mitad de la estanter\u00eda. Fabricamos frascos de perfume vintage de vidrio al por mayor, dise\u00f1ados para envases de fragancias que realmente llaman la atenci\u00f3n, donde cada frasco de perfume de vidrio se convierte en el sello distintivo de tu marca.<\/p>\n<h2>Caracter\u00edsticas del producto<\/h2>\n<ul>\n<li><strong>Elegancia cuadrada moderna:<\/strong> L\u00edneas limpias mezcladas con encanto vintage: el empaque de su perfume es simplemente irresistible.<\/li>\n<li><strong>Personalizaci\u00f3n de tapa de m\u00e1rmol:<\/strong> Elija tapas de color naranja, blanco o marr\u00f3n para combinar con su historia de perfume personalizada.<\/li>\n<li><strong>Claridad del cristal:<\/strong> Revele el verdadero color de sus fragancias con esta botella de vidrio de alta gama.<\/li>\n<\/ul>\n<h2>Especificaciones clave<\/h2>\n<table style=\"border-collapse: collapse; width: 80%; margin-left: auto; margin-right: auto;\" border=\"0\" width=\"288\" cellspacing=\"0\" cellpadding=\"0\">\n<tbody>\n<tr style=\"height: 13.50pt;\">\n<td style=\"height: 13.5pt; width: 54pt; text-align: center;\" width=\"72\" height=\"18\">Capacidad<\/td>\n<td style=\"width: 54pt; text-align: center;\" width=\"72\">Dimensiones (mm)<\/td>\n<td style=\"width: 54pt; text-align: center;\" width=\"72\">Forma<\/td>\n<td style=\"width: 54pt; text-align: center;\" width=\"72\">Opciones de tapa<\/td>\n<\/tr>\n<tr style=\"height: 13.50pt;\">\n<td style=\"height: 13.5pt; text-align: center;\" height=\"18\">30 ml \/ 1 onza<\/td>\n<td style=\"text-align: center;\">37 x 37 x 76<\/td>\n<td class=\"et2\" style=\"text-align: center;\" rowspan=\"3\">Cuadrado<\/td>\n<td class=\"et2\" style=\"text-align: center;\" rowspan=\"3\">M\u00e1rmol (naranja\/blanco\/marr\u00f3n)<\/td>\n<\/tr>\n<tr style=\"height: 13.50pt;\">\n<td style=\"height: 13.5pt; text-align: center;\" height=\"18\">50 ml<\/td>\n<td style=\"text-align: center;\">41 x 41 x 85<\/td>\n<\/tr>\n<tr style=\"height: 13.50pt;\">\n<td style=\"height: 13.5pt; text-align: center;\" height=\"18\">100 ml \/ 3,4 oz<\/td>\n<td style=\"text-align: center;\">52 x 52 x 130<\/td>\n<\/tr>\n<\/tbody>\n<\/table>\n<h2>Caso de \u00e9xito<\/h2>\n<p>Nuestros frascos de perfume de vidrio con tapas de m\u00e1rmol y estilo vintage cuadrado se utilizaron para una marca de fragancias de lujo especializada en perfumes de alta gama. El logotipo de la marca se grab\u00f3 directamente en el frasco para unificar la apariencia general. Las tapas de m\u00e1rmol estaban chapadas en oro y el frasco era de vidrio \u00e1mbar coloreado de alta calidad, lo que le daba un toque de lujo.<\/p>\n<p>La marca logr\u00f3 un crecimiento de ventas del 40 % en el primer trimestre tras su lanzamiento y obtuvo una excelente respuesta del mercado. Por ello, ha realizado tres pedidos repetidos en seis meses, lo que ha generado un crecimiento de ventas del 60 %.<\/p>\n<h2>Sus opciones de personalizaci\u00f3n<\/h2>\n<ol>\n<li><strong>Personalizaci\u00f3n de la gorra:<\/strong> Elija entre una variedad de acabados para el capuch\u00f3n: m\u00e1rmol, dorado, chapado o mate, que se adapten a la est\u00e9tica de su marca. El color y la tela del capuch\u00f3n pueden fabricarse con un acabado de alta calidad.<\/li>\n<li><strong>Grabado del logotipo:<\/strong> Marque sus botellas con su logotipo grabado o impreso en el vidrio. Esto le da exclusividad (adem\u00e1s de darle a la marca un lugar m\u00e1s destacado en el estante).<\/li>\n<li><strong>Personalizaci\u00f3n del color:<\/strong> Personaliza el color del vidrio que prefieras y luce una marca \u00fanica. Puedes elegir vidrio tintado, esmerilado o transparente para personalizar tu fragancia.<\/li>\n<\/ol>","protected":false},"excerpt":{"rendered":"<p>Descubra nuestro frasco de perfume cuadrado premium con tap\u00f3n de m\u00e1rmol. Estos frascos de perfume vintage de vidrio son ideales para marcas, con pedidos personalizados al por mayor y env\u00edo r\u00e1pido.<\/p>","protected":false},"featured_media":4388,"template":"","meta":{"postBodyCss":"","postBodyMargin":[],"postBodyPadding":[],"postBodyBackground":{"backgroundType":"classic","gradient":""}},"product_brand":[],"product_cat":[15,16,62],"product_tag":[],"class_list":{"0":"post-4349","1":"product","2":"type-product","3":"status-publish","4":"has-post-thumbnail","6":"product_cat-glass-containers","7":"product_cat-glass-bottles","8":"product_cat-perfume-bottles","10":"first","11":"instock","12":"shipping-taxable","13":"product-type-simple"},"jetpack_sharing_enabled":true,"_links":{"self":[{"href":"https:\/\/minghanggroup.com\/es\/wp-json\/wp\/v2\/product\/4349","targetHints":{"allow":["GET"]}}],"collection":[{"href":"https:\/\/minghanggroup.com\/es\/wp-json\/wp\/v2\/product"}],"about":[{"href":"https:\/\/minghanggroup.com\/es\/wp-json\/wp\/v2\/types\/product"}],"wp:featuredmedia":[{"embeddable":true,"href":"https:\/\/minghanggroup.com\/es\/wp-json\/wp\/v2\/media\/4388"}],"wp:attachment":[{"href":"https:\/\/minghanggroup.com\/es\/wp-json\/wp\/v2\/media?parent=4349"}],"wp:term":[{"taxonomy":"product_brand","embeddable":true,"href":"https:\/\/minghanggroup.com\/es\/wp-json\/wp\/v2\/product_brand?post=4349"},{"taxonomy":"product_cat","embeddable":true,"href":"https:\/\/minghanggroup.com\/es\/wp-json\/wp\/v2\/product_cat?post=4349"},{"taxonomy":"product_tag","embeddable":true,"href":"https:\/\/minghanggroup.com\/es\/wp-json\/wp\/v2\/product_tag?post=4349"}],"curies":[{"name":"wp","href":"https:\/\/api.w.org\/{rel}","templated":true}]}}