{"id":4344,"date":"2026-01-06T13:54:45","date_gmt":"2026-01-06T05:54:45","guid":{"rendered":"https:\/\/minghanggroup.com\/?post_type=product&#038;p=4344"},"modified":"2026-01-06T14:59:09","modified_gmt":"2026-01-06T06:59:09","slug":"glass-perfume-spray-bottle-with-clear-mountain-base-bulk","status":"publish","type":"product","link":"https:\/\/minghanggroup.com\/es\/producto\/glass-perfume-spray-bottle-with-clear-mountain-base-bulk\/","title":{"rendered":"Botella de perfume de vidrio con atomizador y base de monta\u00f1a transparente (30 ml, 50 ml, 100 ml)"},"content":{"rendered":"<p>Estos frascos de perfume vac\u00edos est\u00e1n hechos de vidrio transparente y pulido con un tap\u00f3n de metal negro mate. La base de la estructura transparente en forma de monta\u00f1a se integra delicadamente en el cuerpo de vidrio, lo que le da un toque de serena belleza, un toque realmente impactante.<\/p>\n<h2>Caracter\u00edsticas del producto<\/h2>\n<ul>\n<li><strong>Exquisita escultura de monta\u00f1a transparente:<\/strong> El cuerpo de la botella en forma de monta\u00f1a est\u00e1 hecho de material transparente que agrega algunos complementos textuales finos y distintivos a la botella sin que parezca discordante.<\/li>\n<li><strong>Esquema de color negro minimalista:<\/strong> El cuerpo de vidrio transparente con la parte superior de metal negro da una impresi\u00f3n elegante y moderna.<\/li>\n<li><strong>Tres alternativas de tama\u00f1o:<\/strong> 30 ml, 50 ml y 100 ml son los tres tama\u00f1os que mejor se adaptan a las demandas de diferentes tipos de productos, desde tama\u00f1os de prueba hasta productos de tama\u00f1o completo.<\/li>\n<\/ul>\n<h2 style=\"text-align: left;\">Especificaciones clave<\/h2>\n<table class=\"aligncenter\" style=\"border-collapse: collapse; width: 416.27pt;\" border=\"0\" width=\"555\" cellspacing=\"0\" cellpadding=\"0\">\n<tbody>\n<tr style=\"height: 13.50pt;\">\n<td style=\"height: 13.50pt; width: 117.75pt;\" width=\"157\" height=\"18\">Especificaci\u00f3n<\/td>\n<td style=\"width: 298.50pt;\" width=\"398\">Detalles<\/td>\n<\/tr>\n<tr style=\"height: 13.50pt;\">\n<td style=\"height: 13.50pt;\" height=\"18\">Capacidad<\/td>\n<td>30 ml \/ 50 ml \/ 100 ml<\/td>\n<\/tr>\n<tr style=\"height: 13.50pt;\">\n<td style=\"height: 13.50pt;\" height=\"18\">Dimensiones<\/td>\n<td>46\u00d773 mm \/ 51\u00d780 mm \/ 59\u00d794 mm<\/td>\n<\/tr>\n<tr style=\"height: 13.50pt;\">\n<td style=\"height: 13.50pt;\" height=\"18\">Material<\/td>\n<td>Vidrio transparente, tapa de metal negro<\/td>\n<\/tr>\n<tr style=\"height: 13.50pt;\">\n<td style=\"height: 13.50pt;\" height=\"18\">Forma de la botella<\/td>\n<td>Cilindro con base de escultura<\/td>\n<\/tr>\n<tr style=\"height: 13.50pt;\">\n<td style=\"height: 13.50pt;\" height=\"18\">Alcance de personalizaci\u00f3n<\/td>\n<td>Dise\u00f1o de escultura, color del vidrio, acabado<\/td>\n<\/tr>\n<tr style=\"height: 13.50pt;\">\n<td style=\"height: 13.50pt;\" height=\"18\">Artesan\u00eda<\/td>\n<td>Encapsulaci\u00f3n de vidrio, metalister\u00eda de precisi\u00f3n<\/td>\n<\/tr>\n<tr style=\"height: 13.50pt;\">\n<td style=\"height: 13.50pt;\" height=\"18\">Prop\u00f3sito del producto<\/td>\n<td>Frascos de perfume de vidrio con atomizador, frascos de perfume vac\u00edos<\/td>\n<\/tr>\n<tr style=\"height: 13.50pt;\">\n<td style=\"height: 13.50pt;\" height=\"18\">Industrias adecuadas<\/td>\n<td>Perfumer\u00eda contempor\u00e1nea, estudios de perfumes personalizados<\/td>\n<\/tr>\n<\/tbody>\n<\/table>\n<h2>Historia de \u00e9xito<\/h2>\n<p>Nuestro frasco de perfume en spray de vidrio de 100 ml fue seleccionado por un estudio de fragancias unisex minimalista ubicado en la ciudad de Nueva York, y el cuerpo del frasco se personaliz\u00f3 con vidrio esmerilado. El dise\u00f1o interior especial triplic\u00f3 la interacci\u00f3n con el cliente. Su producto m\u00e1s vendido fueron las recargas de 50 ml, con una tasa de recarga del 70 %. Esta consistencia de la marca y las buenas rese\u00f1as de sus clientes impresionaron al estudio, que encarg\u00f3 250\u00a0000 botellas adicionales para apoyar la nueva l\u00ednea y la colaboraci\u00f3n con la venta al por mayor.<\/p>\n<h2>Personalizaci\u00f3n de botellas de perfume en spray de vidrio<\/h2>\n<ul>\n<li>Colores Esculpidos: Proporciona informaci\u00f3n interna en resina transparente de color (gris ahumado, azul, \u00e1mbar) para lograr peque\u00f1as diferencias tonales.<\/li>\n<li>Colores de vidrio: Los tubos externos se pueden fabricar con vidrio transparente, tintado o esmerilado, con efectos disponibles de vidrio completo o degradado.<\/li>\n<li>Grabado l\u00e1ser sobre vidrio: graba patrones, coordenadas o textos muy m\u00ednimos sobre una superficie de vidrio lisa.<\/li>\n<li>Serigraf\u00eda: este m\u00e9todo implica imprimir un logotipo o una letra sencilla en un lugar poco visible de la botella de vidrio.<\/li>\n<\/ul>","protected":false},"excerpt":{"rendered":"<p>Frasco de perfume de vidrio con atomizador, dise\u00f1ado para ofrecer versatilidad y un toque de lujo. Estos frascos de perfume vac\u00edos est\u00e1n listos para env\u00edo r\u00e1pido a todo el mundo.<\/p>","protected":false},"featured_media":4352,"template":"","meta":{"postBodyCss":"","postBodyMargin":[],"postBodyPadding":[],"postBodyBackground":{"backgroundType":"classic","gradient":""}},"product_brand":[],"product_cat":[15,16,62],"product_tag":[],"class_list":{"0":"post-4344","1":"product","2":"type-product","3":"status-publish","4":"has-post-thumbnail","6":"product_cat-glass-containers","7":"product_cat-glass-bottles","8":"product_cat-perfume-bottles","10":"first","11":"instock","12":"shipping-taxable","13":"product-type-simple"},"jetpack_sharing_enabled":true,"_links":{"self":[{"href":"https:\/\/minghanggroup.com\/es\/wp-json\/wp\/v2\/product\/4344","targetHints":{"allow":["GET"]}}],"collection":[{"href":"https:\/\/minghanggroup.com\/es\/wp-json\/wp\/v2\/product"}],"about":[{"href":"https:\/\/minghanggroup.com\/es\/wp-json\/wp\/v2\/types\/product"}],"wp:featuredmedia":[{"embeddable":true,"href":"https:\/\/minghanggroup.com\/es\/wp-json\/wp\/v2\/media\/4352"}],"wp:attachment":[{"href":"https:\/\/minghanggroup.com\/es\/wp-json\/wp\/v2\/media?parent=4344"}],"wp:term":[{"taxonomy":"product_brand","embeddable":true,"href":"https:\/\/minghanggroup.com\/es\/wp-json\/wp\/v2\/product_brand?post=4344"},{"taxonomy":"product_cat","embeddable":true,"href":"https:\/\/minghanggroup.com\/es\/wp-json\/wp\/v2\/product_cat?post=4344"},{"taxonomy":"product_tag","embeddable":true,"href":"https:\/\/minghanggroup.com\/es\/wp-json\/wp\/v2\/product_tag?post=4344"}],"curies":[{"name":"wp","href":"https:\/\/api.w.org\/{rel}","templated":true}]}}