{"id":4338,"date":"2026-01-06T13:16:46","date_gmt":"2026-01-06T05:16:46","guid":{"rendered":"https:\/\/minghanggroup.com\/?post_type=product&#038;p=4338"},"modified":"2026-01-06T13:46:44","modified_gmt":"2026-01-06T05:46:44","slug":"green-glass-crystal-perfume-bottles-with-mountain-base-bulk","status":"publish","type":"product","link":"https:\/\/minghanggroup.com\/es\/producto\/green-glass-crystal-perfume-bottles-with-mountain-base-bulk\/","title":{"rendered":"Botellas de perfume de cristal verde con base de monta\u00f1a (30 ml, 50 ml y 100 ml)"},"content":{"rendered":"<p>Estos frascos de perfume verdes est\u00e1n hechos de vidrio transparente, lisos y combinan con una moderna tapa met\u00e1lica verde brillante. La base presenta un motivo monta\u00f1oso verde, al igual que el tap\u00f3n.<\/p>\n<h2>Caracter\u00edsticas del producto<\/h2>\n<ul>\n<li><strong>Varios tama\u00f1os:<\/strong> Tienen tres tama\u00f1os para adaptarse al uso diario y port\u00e1til, y otros tipos de almacenamiento de perfumes.<\/li>\n<li><strong>Escultura de la Monta\u00f1a Verde:<\/strong> El tallado realista de monta\u00f1a verde dentro de la botella es audaz, natural y art\u00edstico.<\/li>\n<li><strong>Dise\u00f1o de bloque de color verde oscuro:<\/strong> La tapa verde transparente y el detalle interior en el vidrio transparente brindan una declaraci\u00f3n de marca memorable y llena de energ\u00eda.<\/li>\n<\/ul>\n<h2 style=\"text-align: left;\">Especificaciones clave<\/h2>\n<table class=\"aligncenter\" style=\"border-collapse: collapse; width: 416.27pt;\" border=\"0\" width=\"555\" cellspacing=\"0\" cellpadding=\"0\">\n<tbody>\n<tr style=\"height: 13.50pt;\">\n<td style=\"height: 13.50pt; width: 117.75pt;\" width=\"157\" height=\"18\">Capacidad<\/td>\n<td style=\"width: 298.50pt;\" width=\"398\">30 ml \/ 50 ml \/ 100 ml<\/td>\n<\/tr>\n<tr style=\"height: 13.50pt;\">\n<td style=\"height: 13.50pt;\" height=\"18\">Dimensiones<\/td>\n<td>46\u00d773 mm \/ 51\u00d780 mm \/ 59\u00d794 mm<\/td>\n<\/tr>\n<tr style=\"height: 13.50pt;\">\n<td style=\"height: 13.50pt;\" height=\"18\">Material<\/td>\n<td>Vidrio transparente, tapa de metal verde<\/td>\n<\/tr>\n<tr style=\"height: 13.50pt;\">\n<td style=\"height: 13.50pt;\" height=\"18\">Forma de la botella<\/td>\n<td>Cilindro con base de escultura<\/td>\n<\/tr>\n<tr style=\"height: 13.50pt;\">\n<td style=\"height: 13.50pt;\" height=\"18\">Alcance de personalizaci\u00f3n<\/td>\n<td>Color\/tinte de vidrio, grabado, pintura en aerosol<\/td>\n<\/tr>\n<tr style=\"height: 13.50pt;\">\n<td style=\"height: 13.50pt;\" height=\"18\">Artesan\u00eda<\/td>\n<td>Encapsulaci\u00f3n de vidrio, conformado y recubrimiento de metales de precisi\u00f3n<\/td>\n<\/tr>\n<tr style=\"height: 13.50pt;\">\n<td style=\"height: 13.50pt;\" height=\"18\">Prop\u00f3sito del producto<\/td>\n<td>Frascos de perfume de cristal, frascos de perfume de cristal al por mayor<\/td>\n<\/tr>\n<tr style=\"height: 13.50pt;\">\n<td style=\"height: 13.50pt;\" height=\"18\">Industrias adecuadas<\/td>\n<td>Marcas contempor\u00e1neas de perfumer\u00eda, bienestar y spa<\/td>\n<\/tr>\n<\/tbody>\n<\/table>\n<h2>Historia de \u00e9xito<\/h2>\n<p>Nuestro frasco de perfume verde de 100 ml fue seleccionado por una marca australiana de sostenibilidad y naturaleza, que personaliz\u00f3 el motivo de la monta\u00f1a para que pareciera los Alpes australianos. Su filosof\u00eda de marca se refleja en el vibrante verde, lo que gener\u00f3 un crecimiento del 500 % en la interacci\u00f3n en redes sociales. El atractivo dise\u00f1o del frasco tambi\u00e9n ayud\u00f3 a que el producto se expandiera a m\u00e1s de 200 tiendas de lujo de bienestar y estilo de vida. La marca qued\u00f3 muy satisfecha con la acogida en el mercado y, por ello, volvi\u00f3 a encargar 300\u00a0000 frascos para impulsar su crecimiento en el mercado norteamericano.<\/p>\n<h2>Personalizaci\u00f3n de frascos de perfume de cristal<\/h2>\n<ul>\n<li>Individualice el color y la forma de la escultura interior: proporcione esculturas de varios colores (azul, \u00e1mbar) o formas (bosque, arrecife de coral).<\/li>\n<li>Botella de vidriera: se puede utilizar vidrio coloreado (por ejemplo, verde mar, azul agua) para hacer eco o contrastar con la escultura interior.<\/li>\n<li>Grabado l\u00e1ser sobre vidrio: Decore con patrones en la superficie del vidrio, nombres de marcas o coordenadas.<\/li>\n<li>Textura de la tapa: Se pueden agregar ranuras verticales o un patr\u00f3n moleteado a la tapa para proporcionar un mejor agarre o hacerla m\u00e1s atractiva visualmente.<\/li>\n<\/ul>","protected":false},"excerpt":{"rendered":"<p>Frasco de perfume de cristal con cuerpo cil\u00edndrico transparente y base de monta\u00f1a verde intenso. Este frasco de perfume verde ofrece un toque de lujo, directamente de f\u00e1brica.<\/p>","protected":false},"featured_media":4340,"template":"","meta":{"postBodyCss":"","postBodyMargin":[],"postBodyPadding":[],"postBodyBackground":{"backgroundType":"classic","gradient":""}},"product_brand":[],"product_cat":[15,16,62],"product_tag":[],"class_list":{"0":"post-4338","1":"product","2":"type-product","3":"status-publish","4":"has-post-thumbnail","6":"product_cat-glass-containers","7":"product_cat-glass-bottles","8":"product_cat-perfume-bottles","10":"first","11":"instock","12":"shipping-taxable","13":"product-type-simple"},"jetpack_sharing_enabled":true,"_links":{"self":[{"href":"https:\/\/minghanggroup.com\/es\/wp-json\/wp\/v2\/product\/4338","targetHints":{"allow":["GET"]}}],"collection":[{"href":"https:\/\/minghanggroup.com\/es\/wp-json\/wp\/v2\/product"}],"about":[{"href":"https:\/\/minghanggroup.com\/es\/wp-json\/wp\/v2\/types\/product"}],"wp:featuredmedia":[{"embeddable":true,"href":"https:\/\/minghanggroup.com\/es\/wp-json\/wp\/v2\/media\/4340"}],"wp:attachment":[{"href":"https:\/\/minghanggroup.com\/es\/wp-json\/wp\/v2\/media?parent=4338"}],"wp:term":[{"taxonomy":"product_brand","embeddable":true,"href":"https:\/\/minghanggroup.com\/es\/wp-json\/wp\/v2\/product_brand?post=4338"},{"taxonomy":"product_cat","embeddable":true,"href":"https:\/\/minghanggroup.com\/es\/wp-json\/wp\/v2\/product_cat?post=4338"},{"taxonomy":"product_tag","embeddable":true,"href":"https:\/\/minghanggroup.com\/es\/wp-json\/wp\/v2\/product_tag?post=4338"}],"curies":[{"name":"wp","href":"https:\/\/api.w.org\/{rel}","templated":true}]}}