{"id":4337,"date":"2026-01-06T17:07:46","date_gmt":"2026-01-06T09:07:46","guid":{"rendered":"https:\/\/minghanggroup.com\/?post_type=product&#038;p=4337"},"modified":"2026-01-06T17:07:48","modified_gmt":"2026-01-06T09:07:48","slug":"glass-customized-perfume-bottles-with-lids-wholesale","status":"publish","type":"product","link":"https:\/\/minghanggroup.com\/es\/producto\/glass-customized-perfume-bottles-with-lids-wholesale\/","title":{"rendered":"Botellas de perfume de vidrio personalizadas de 100 ml con tapas al por mayor"},"content":{"rendered":"<p>Tu frasco de perfume personalizado debe cautivar a tus clientes. Fabricamos frascos de colonia de vidrio premium al por mayor, dise\u00f1ados para envases de fragancias que realmente venden, donde cada frasco de perfume de vidrio se convierte en el arma secreta de tu marca.<\/p>\n<h2>Caracter\u00edsticas del producto<\/h2>\n<ul>\n<li><strong>Elegancia octogonal: <\/strong>Este contorno poco convencional refleja la luz de una manera muy \u00fanica; su empaque de perfume se convierte en una pieza llamativa en cualquier estante.<\/li>\n<li><strong>Gorra de oro negro de lujo: <\/strong>\u00bfEsa elegante tapa? Un toque de lujo inmediato para tu botella de vidrio; definitivamente no es una copia barata.<\/li>\n<li><strong>Comodidad ergon\u00f3mica: <\/strong>Hecho para su mano: agarre agradable, pulverizaci\u00f3n sencilla y sin fugas.<\/li>\n<\/ul>\n<h2>Especificaciones clave<\/h2>\n<table style=\"border-collapse: collapse; width: 80%; margin-left: auto; margin-right: auto;\" border=\"0\" width=\"288\" cellspacing=\"0\" cellpadding=\"0\">\n<tbody>\n<tr style=\"height: 13.50pt;\">\n<td style=\"height: 13.5pt; width: 54pt; text-align: center;\" width=\"72\" height=\"18\">Capacidad<\/td>\n<td style=\"width: 54pt; text-align: center;\" width=\"72\">Forma<\/td>\n<td style=\"width: 54pt; text-align: center;\" width=\"72\">Dimensiones (mm)<\/td>\n<td style=\"width: 54pt; text-align: center;\" width=\"72\">Uso<\/td>\n<\/tr>\n<tr style=\"height: 13.50pt;\">\n<td style=\"height: 13.5pt; text-align: center;\" height=\"18\">100 ml \/ 3,4 oz<\/td>\n<td style=\"text-align: center;\">Octagonal<\/td>\n<td style=\"text-align: center;\">75 x 34 x 89<\/td>\n<td style=\"text-align: center;\">Perfumes, colonias, sprays corporales<\/td>\n<\/tr>\n<\/tbody>\n<\/table>\n<h2>Caso de \u00e9xito<\/h2>\n<p>Una de las marcas de perfumes de lujo cambi\u00f3 por completo su forma de envasar sus productos al elegir nuestros frascos de perfume personalizados. Los frascos presentan una elegante forma octogonal con tapa plateada y estampados de seda \u00fanicos, adem\u00e1s de un logotipo de la marca personalizado y detallado.<\/p>\n<p>Estos frascos de perfume especiales tambi\u00e9n dieron al producto una imagen destacada, por lo que sus ventas crecieron un 30 % durante el primer trimestre tras su lanzamiento. La marca ha introducido con \u00e9xito esta actualizaci\u00f3n en cinco nuevas tiendas departamentales de lujo y ha decidido volver a encargar los frascos de perfume personalizados para el pr\u00f3ximo trimestre.<\/p>\n<h2>Sus opciones de personalizaci\u00f3n<\/h2>\n<ol>\n<li><strong>Personalizaci\u00f3n de gorra:<\/strong> Elija entre varios materiales de tapa diferentes, como oro, plata, negro brillante o mate, para adaptarse a la elegancia y la sensaci\u00f3n de marca de lujo.<\/li>\n<li><strong>Color de la botella:<\/strong> Elija un vidrio transparente y esmerilado para a\u00f1adir un toque sofisticado y elegante. Tambi\u00e9n puede optar por vidrio de color si desea que su producto tenga un dise\u00f1o diferente y llamativo.<\/li>\n<li><strong>Acentos dorados y plateados:<\/strong> Se pueden a\u00f1adir detalles dorados o plateados al logotipo, a los detalles alrededor de la tapa o a la botella, para darle un toque a\u00fan m\u00e1s lujoso y sofisticado. Esta caracter\u00edstica es ideal para el desarrollo de una l\u00ednea de fragancias premium de alta gama.<\/li>\n<\/ol>","protected":false},"excerpt":{"rendered":"<p>Descubra frascos de perfume personalizados, dise\u00f1ados para aromas de lujo. Nuestros frascos de vidrio para colonia son ideales para la marca, con personalizaci\u00f3n al por mayor y env\u00edo r\u00e1pido.<\/p>","protected":false},"featured_media":4348,"template":"","meta":{"postBodyCss":"","postBodyMargin":[],"postBodyPadding":[],"postBodyBackground":{"backgroundType":"classic","gradient":""}},"product_brand":[],"product_cat":[15,16,62],"product_tag":[],"class_list":{"0":"post-4337","1":"product","2":"type-product","3":"status-publish","4":"has-post-thumbnail","6":"product_cat-glass-containers","7":"product_cat-glass-bottles","8":"product_cat-perfume-bottles","10":"first","11":"instock","12":"shipping-taxable","13":"product-type-simple"},"jetpack_sharing_enabled":true,"_links":{"self":[{"href":"https:\/\/minghanggroup.com\/es\/wp-json\/wp\/v2\/product\/4337","targetHints":{"allow":["GET"]}}],"collection":[{"href":"https:\/\/minghanggroup.com\/es\/wp-json\/wp\/v2\/product"}],"about":[{"href":"https:\/\/minghanggroup.com\/es\/wp-json\/wp\/v2\/types\/product"}],"wp:featuredmedia":[{"embeddable":true,"href":"https:\/\/minghanggroup.com\/es\/wp-json\/wp\/v2\/media\/4348"}],"wp:attachment":[{"href":"https:\/\/minghanggroup.com\/es\/wp-json\/wp\/v2\/media?parent=4337"}],"wp:term":[{"taxonomy":"product_brand","embeddable":true,"href":"https:\/\/minghanggroup.com\/es\/wp-json\/wp\/v2\/product_brand?post=4337"},{"taxonomy":"product_cat","embeddable":true,"href":"https:\/\/minghanggroup.com\/es\/wp-json\/wp\/v2\/product_cat?post=4337"},{"taxonomy":"product_tag","embeddable":true,"href":"https:\/\/minghanggroup.com\/es\/wp-json\/wp\/v2\/product_tag?post=4337"}],"curies":[{"name":"wp","href":"https:\/\/api.w.org\/{rel}","templated":true}]}}