{"id":4331,"date":"2026-01-06T10:40:23","date_gmt":"2026-01-06T02:40:23","guid":{"rendered":"https:\/\/minghanggroup.com\/?post_type=product&#038;p=4331"},"modified":"2026-01-06T11:57:38","modified_gmt":"2026-01-06T03:57:38","slug":"empty-bottles-for-perfume-with-silver-mountain-base-bulk","status":"publish","type":"product","link":"https:\/\/minghanggroup.com\/es\/producto\/empty-bottles-for-perfume-with-silver-mountain-base-bulk\/","title":{"rendered":"Botellas vac\u00edas de perfume de 30 ml, 50 ml y 100 ml con base Silver Mountain a granel"},"content":{"rendered":"<p>Estos frascos para perfume est\u00e1n hechos de vidrio transparente liso, con una tapa de metal plateado mate y un dise\u00f1o de fondo de metal con un motivo de monta\u00f1a, todo lo cual le da una forma simple de elegancia.<\/p>\n<h2>Caracter\u00edsticas del producto<\/h2>\n<ul>\n<li><strong>Detalle de la base de Silver Mountain:<\/strong> El patr\u00f3n de monta\u00f1a plateada dentro de la botella produce una impresi\u00f3n art\u00edstica especial, notable y sorprendente.<\/li>\n<li><strong>Botella de vidrio Plata Refrescante:<\/strong> El color plateado se combina con la botella de cristal transparente, d\u00e1ndole un aspecto contempor\u00e1neo, de alta gama y unisex.<\/li>\n<li><strong>Tres tama\u00f1os ideales:<\/strong> Seleccione un tama\u00f1o de prueba de 30 ml, un tama\u00f1o diario de 50 ml o un tama\u00f1o de lujo de 100 ml.<\/li>\n<\/ul>\n<h2 style=\"text-align: left;\">Especificaciones clave<\/h2>\n<table class=\"aligncenter\" style=\"border-collapse: collapse; width: 416.27pt;\" border=\"0\" width=\"555\" cellspacing=\"0\" cellpadding=\"0\">\n<tbody>\n<tr style=\"height: 13.50pt;\">\n<td style=\"height: 13.50pt; width: 117.75pt;\" width=\"157\" height=\"18\">Especificaci\u00f3n<\/td>\n<td style=\"width: 298.50pt;\" width=\"398\">Detalles<\/td>\n<\/tr>\n<tr style=\"height: 13.50pt;\">\n<td style=\"height: 13.50pt;\" height=\"18\">Capacidad<\/td>\n<td>30 ml \/ 50 ml \/ 100 ml<\/td>\n<\/tr>\n<tr style=\"height: 13.50pt;\">\n<td style=\"height: 13.50pt;\" height=\"18\">Dimensiones<\/td>\n<td>46\u00d773 mm \/ 51\u00d780 mm \/ 59\u00d794 mm<\/td>\n<\/tr>\n<tr style=\"height: 13.50pt;\">\n<td style=\"height: 13.50pt;\" height=\"18\">Material<\/td>\n<td>Vidrio transparente, tapa de metal plateado<\/td>\n<\/tr>\n<tr style=\"height: 13.50pt;\">\n<td style=\"height: 13.50pt;\" height=\"18\">Forma de la botella<\/td>\n<td>Cilindro con base de escultura<\/td>\n<\/tr>\n<tr style=\"height: 13.50pt;\">\n<td style=\"height: 13.50pt;\" height=\"18\">Alcance de personalizaci\u00f3n<\/td>\n<td>Dise\u00f1o de escultura, color\/tinte de vidrio, acabado de metal<\/td>\n<\/tr>\n<tr style=\"height: 13.50pt;\">\n<td style=\"height: 13.50pt;\" height=\"18\">Artesan\u00eda<\/td>\n<td>Encapsulaci\u00f3n de vidrio, metalister\u00eda de precisi\u00f3n<\/td>\n<\/tr>\n<tr style=\"height: 13.50pt;\">\n<td style=\"height: 13.50pt;\" height=\"18\">Prop\u00f3sito del producto<\/td>\n<td>Frascos de perfume vac\u00edos, frascos de perfume a granel<\/td>\n<\/tr>\n<tr style=\"height: 13.50pt;\">\n<td style=\"height: 13.50pt;\" height=\"18\">Industrias adecuadas<\/td>\n<td>Perfumer\u00eda contempor\u00e1nea, marcas de estilo de vida<\/td>\n<\/tr>\n<\/tbody>\n<\/table>\n<h2>Historia de \u00e9xito<\/h2>\n<p>Una marca n\u00f3rdica de estilo de vida minimalista compr\u00f3 nuestros frascos de perfume vac\u00edos de 50 ml y dise\u00f1\u00f3 la escultura interior como si fueran las monta\u00f1as rocosas de los fiordos n\u00f3rdicos. Su color, gris plateado, encaja a la perfecci\u00f3n con su marca. Su estilo distintivo provoc\u00f3 un aumento del 300 % en las comparticiones en redes sociales. El frasco de 50 ml se vend\u00eda muy bien en las tiendas libres de impuestos de los aeropuertos y su conversi\u00f3n de ventas fue 200 veces superior a la de cualquier otra empresa. Qued\u00f3 tan satisfecha que la marca realiz\u00f3 otro pedido de 250\u00a0000 frascos para sus dos fragancias m\u00e1s.<\/p>\n<h2>Botellas de vidrio vac\u00edas para personalizar perfumes<\/h2>\n<ul>\n<li>Debajo del metal: seleccione el detalle interior y el color de la tapa, plata tradicional, bronce oscuro o cromo cepillado.<\/li>\n<li>Colorea el vidrio: selecciona un vidrio claro y colorido, como gris ahumado o azul claro, para llenar la botella con el objetivo de cambiar el estado de \u00e1nimo de la misma.<\/li>\n<li>Botella esmerilada: Ser\u00e1 una botella esmerilada, sin embargo, si deseas un aspecto suave, moderno y opaco, deber\u00e1s esmerilar toda la botella.<\/li>\n<li>Tapa texturizada: en caso de que la tapa sea una experiencia t\u00e1ctil, puedes proporcionarle un acabado cepillado o mate, o ligeramente texturizado.<\/li>\n<\/ul>","protected":false},"excerpt":{"rendered":"<p>Frascos para perfume de vidrio transparente con una refinada base plateada. Estos frascos vac\u00edos para perfume ofrecen elegancia moderna, directamente de f\u00e1brica.<\/p>","protected":false},"featured_media":4336,"template":"","meta":{"postBodyCss":"","postBodyMargin":[],"postBodyPadding":[],"postBodyBackground":{"backgroundType":"classic","gradient":""}},"product_brand":[],"product_cat":[15,16,62],"product_tag":[],"class_list":{"0":"post-4331","1":"product","2":"type-product","3":"status-publish","4":"has-post-thumbnail","6":"product_cat-glass-containers","7":"product_cat-glass-bottles","8":"product_cat-perfume-bottles","10":"first","11":"instock","12":"shipping-taxable","13":"product-type-simple"},"jetpack_sharing_enabled":true,"_links":{"self":[{"href":"https:\/\/minghanggroup.com\/es\/wp-json\/wp\/v2\/product\/4331","targetHints":{"allow":["GET"]}}],"collection":[{"href":"https:\/\/minghanggroup.com\/es\/wp-json\/wp\/v2\/product"}],"about":[{"href":"https:\/\/minghanggroup.com\/es\/wp-json\/wp\/v2\/types\/product"}],"wp:featuredmedia":[{"embeddable":true,"href":"https:\/\/minghanggroup.com\/es\/wp-json\/wp\/v2\/media\/4336"}],"wp:attachment":[{"href":"https:\/\/minghanggroup.com\/es\/wp-json\/wp\/v2\/media?parent=4331"}],"wp:term":[{"taxonomy":"product_brand","embeddable":true,"href":"https:\/\/minghanggroup.com\/es\/wp-json\/wp\/v2\/product_brand?post=4331"},{"taxonomy":"product_cat","embeddable":true,"href":"https:\/\/minghanggroup.com\/es\/wp-json\/wp\/v2\/product_cat?post=4331"},{"taxonomy":"product_tag","embeddable":true,"href":"https:\/\/minghanggroup.com\/es\/wp-json\/wp\/v2\/product_tag?post=4331"}],"curies":[{"name":"wp","href":"https:\/\/api.w.org\/{rel}","templated":true}]}}