{"id":4321,"date":"2026-01-06T10:43:01","date_gmt":"2026-01-06T02:43:01","guid":{"rendered":"https:\/\/minghanggroup.com\/?post_type=product&#038;p=4321"},"modified":"2026-01-06T17:05:38","modified_gmt":"2026-01-06T09:05:38","slug":"rectangle-1-ounce-perfume-bottles-for-brand-packaging-bulk","status":"publish","type":"product","link":"https:\/\/minghanggroup.com\/es\/producto\/rectangle-1-ounce-perfume-bottles-for-brand-packaging-bulk\/","title":{"rendered":"Frascos de perfume rectangulares de 1 onza para empaque de marca a granel"},"content":{"rendered":"<p>Tu frasco de perfume rectangular debe llamar la atenci\u00f3n de tus clientes. Creamos soluciones premium para frascos de perfume de 28 ml, dise\u00f1ados para el \u00e9xito en el empaquetado de fragancias, donde cada frasco de perfume de vidrio se convierte en el sello distintivo de tu marca.<\/p>\n<h2>Caracter\u00edsticas del producto<\/h2>\n<ul>\n<li><strong>Silueta de rect\u00e1ngulo moderno:<\/strong> Sus frascos de perfume rectangulares se definen por l\u00edneas limpias que los convierten en un \u00edcono instant\u00e1neo en cualquier estante.<\/li>\n<li><strong>1 onza Tama\u00f1o perfecto:<\/strong> Con la cantidad justa para muestras o uso diario, los frascos de perfume de 1 onza son una gran idea.<\/li>\n<li><strong>Adecuado para diversos productos de fragancias:<\/strong> El uso de este producto no se limita \u00fanicamente a perfumes sino tambi\u00e9n a aceites de aromaterapia y otros productos, proporcionando usos flexibles y diversos.<\/li>\n<\/ul>\n<h2>Especificaciones clave<\/h2>\n<table style=\"border-collapse: collapse; width: 80%; margin-left: AUTO; margin-right: AUTO;\" border=\"0\" width=\"288\" cellspacing=\"0\" cellpadding=\"0\">\n<tbody>\n<tr style=\"height: 13.50pt;\">\n<td style=\"height: 13.5pt; width: 54pt; text-align: center;\" width=\"72\" height=\"18\">Capacidad<\/td>\n<td style=\"width: 54pt; text-align: center;\" width=\"72\">Forma<\/td>\n<td style=\"width: 54pt; text-align: center;\" width=\"72\">Dimensiones (mm)<\/td>\n<td style=\"width: 54pt; text-align: center;\" width=\"72\">Opciones de superficie<\/td>\n<\/tr>\n<tr style=\"height: 13.50pt;\">\n<td style=\"height: 13.5pt; text-align: center;\" height=\"18\">30 ml (1 onza)<\/td>\n<td style=\"text-align: center;\">Rect\u00e1ngulo<\/td>\n<td style=\"text-align: center;\">37 x 25 x 95<\/td>\n<td style=\"text-align: center;\">Vidrio esmerilado, serigraf\u00eda, estampaci\u00f3n en caliente<\/td>\n<\/tr>\n<\/tbody>\n<\/table>\n<h2>Caso de \u00e9xito<\/h2>\n<p>Una de las marcas de perfumes m\u00e1s singulares y especiales, famosa por sus aromas incre\u00edblemente atractivos y f\u00f3rmulas suaves y uniformes, buscaba un envase que hiciera que su producto luciera a\u00fan m\u00e1s lujoso. Eligieron nuestros frascos de perfume rectangulares de vidrio de 28 ml para presentar su producto y decidieron darle un acabado esmerilado y un tap\u00f3n plateado met\u00e1lico para mayor elegancia. El servicio adicional que ofrecieron fue grabar su logotipo en relieve, creando as\u00ed un producto elegante, atractivo y de excelente apariencia que reflejaba su posicionamiento premium en el mercado.<\/p>\n<p>Las ventas han crecido un 35% en el primer trimestre tras el redise\u00f1o, y la respuesta de los clientes ha sido muy positiva. Se han convertido en clientes habituales con pedidos que superan las 100.000 unidades anuales.<\/p>\n<h2>Sus opciones de personalizaci\u00f3n<\/h2>\n<ol>\n<li><strong>Acabado esmerilado o transparente:<\/strong> Seleccione un acabado de vidrio esmerilado o transparente para lograr una apariencia rica y de alta gama, a la vez que permite que el color de la fragancia sea el centro de atenci\u00f3n. El acabado esmerilado proporciona una sensaci\u00f3n m\u00e1s t\u00e1ctil y lujosa, mientras que el acabado transparente proporciona pulcritud y pureza.<\/li>\n<li><strong>Tapas de colores personalizados:<\/strong> Elija entre una gama de colores de tap\u00f3n met\u00e1lico, como dorado, plateado u oro rosa, para que no solo combine con la marca del aroma, sino que tambi\u00e9n transmita la esencia de una tem\u00e1tica espec\u00edfica. Se convierte en un peque\u00f1o detalle personal que, al realzar el dise\u00f1o general y el atractivo del producto, hace que el cliente se sienta especial.<\/li>\n<li><strong>Serigraf\u00eda:<\/strong> Considere a\u00f1adir seda decorativa, ilustraciones serigrafiadas o personajes a una botella, aumentando as\u00ed su valor visual como obra de arte. Es una forma de crear una personalidad de marca sutil y minuciosa, con dise\u00f1os afines que, junto con la identidad de la fragancia, conforman el concepto de una marca cohesiva.<\/li>\n<\/ol>","protected":false},"excerpt":{"rendered":"<p>Estos frascos de perfume de 1 onza son perfectos para personalizar tu marca. Env\u00edo directo de f\u00e1brica y entrega r\u00e1pida para negocios.<\/p>","protected":false},"featured_media":4329,"template":"","meta":{"postBodyCss":"","postBodyMargin":[],"postBodyPadding":[],"postBodyBackground":{"backgroundType":"classic","gradient":""}},"product_brand":[],"product_cat":[15,16,62],"product_tag":[],"class_list":{"0":"post-4321","1":"product","2":"type-product","3":"status-publish","4":"has-post-thumbnail","6":"product_cat-glass-containers","7":"product_cat-glass-bottles","8":"product_cat-perfume-bottles","10":"first","11":"instock","12":"shipping-taxable","13":"product-type-simple"},"jetpack_sharing_enabled":true,"_links":{"self":[{"href":"https:\/\/minghanggroup.com\/es\/wp-json\/wp\/v2\/product\/4321","targetHints":{"allow":["GET"]}}],"collection":[{"href":"https:\/\/minghanggroup.com\/es\/wp-json\/wp\/v2\/product"}],"about":[{"href":"https:\/\/minghanggroup.com\/es\/wp-json\/wp\/v2\/types\/product"}],"wp:featuredmedia":[{"embeddable":true,"href":"https:\/\/minghanggroup.com\/es\/wp-json\/wp\/v2\/media\/4329"}],"wp:attachment":[{"href":"https:\/\/minghanggroup.com\/es\/wp-json\/wp\/v2\/media?parent=4321"}],"wp:term":[{"taxonomy":"product_brand","embeddable":true,"href":"https:\/\/minghanggroup.com\/es\/wp-json\/wp\/v2\/product_brand?post=4321"},{"taxonomy":"product_cat","embeddable":true,"href":"https:\/\/minghanggroup.com\/es\/wp-json\/wp\/v2\/product_cat?post=4321"},{"taxonomy":"product_tag","embeddable":true,"href":"https:\/\/minghanggroup.com\/es\/wp-json\/wp\/v2\/product_tag?post=4321"}],"curies":[{"name":"wp","href":"https:\/\/api.w.org\/{rel}","templated":true}]}}