{"id":4320,"date":"2026-01-06T08:49:17","date_gmt":"2026-01-06T00:49:17","guid":{"rendered":"https:\/\/minghanggroup.com\/?post_type=product&#038;p=4320"},"modified":"2026-01-06T11:40:53","modified_gmt":"2026-01-06T03:40:53","slug":"custom-golden-perfume-bottle-with-mountain-base","status":"publish","type":"product","link":"https:\/\/minghanggroup.com\/es\/producto\/custom-golden-perfume-bottle-with-mountain-base\/","title":{"rendered":"Botellas de perfume personalizadas doradas de 30 ml, 50 ml y 100 ml con base de monta\u00f1a al por mayor"},"content":{"rendered":"<p>Estos frascos de perfume dorados est\u00e1n hechos de vidrio transparente (que fluye en forma cil\u00edndrica) y un tap\u00f3n de metal dorado pulido. Lo m\u00e1s llamativo es la escultura de monta\u00f1a dorada en la base, que le confiere una elegancia exquisita.<\/p>\n<h2>Caracter\u00edsticas del producto<\/h2>\n<ul>\n<li><strong>Escultura de la Monta\u00f1a Dorada Colgante:<\/strong> La escultura de monta\u00f1a dorada dentro de la botella produce una sensaci\u00f3n art\u00edstica perfecta y grandiosa.<\/li>\n<li><strong>Forma cl\u00e1sica de botella cil\u00edndrica:<\/strong> Es notablemente estable y presenta una textura de alta gama, siendo as\u00ed la mejor opci\u00f3n para mostrar una imagen de marca refinada.<\/li>\n<li><strong>Esquema de color dorado:<\/strong> El vidrio transparente y la decoraci\u00f3n en la tapa y la base ser\u00e1n de color dorado y formar\u00e1n una hermosa combinaci\u00f3n de colores de elegancia y lujo discreto.<\/li>\n<\/ul>\n<h2 style=\"text-align: left;\">Especificaciones clave<\/h2>\n<table class=\"aligncenter\" style=\"border-collapse: collapse; width: 465.77pt;\" border=\"0\" width=\"621\" cellspacing=\"0\" cellpadding=\"0\">\n<tbody>\n<tr style=\"height: 13.50pt;\">\n<td style=\"height: 13.50pt; width: 117.75pt;\" width=\"157\" height=\"18\">Especificaci\u00f3n<\/td>\n<td style=\"width: 348.00pt;\" width=\"464\">Detalles<\/td>\n<\/tr>\n<tr style=\"height: 13.50pt;\">\n<td style=\"height: 13.50pt;\" height=\"18\">Capacidad<\/td>\n<td>30 ml \/ 50 ml \/ 100 ml<\/td>\n<\/tr>\n<tr style=\"height: 13.50pt;\">\n<td style=\"height: 13.50pt;\" height=\"18\">Dimensiones<\/td>\n<td>46\u00d773 mm \/ 51\u00d780 mm \/ 59\u00d794 mm<\/td>\n<\/tr>\n<tr style=\"height: 13.50pt;\">\n<td style=\"height: 13.50pt;\" height=\"18\">Material<\/td>\n<td>Vidrio transparente, tapa de metal dorado<\/td>\n<\/tr>\n<tr style=\"height: 13.50pt;\">\n<td style=\"height: 13.50pt;\" height=\"18\">Forma de la botella<\/td>\n<td>Cilindro con base de escultura encapsulada<\/td>\n<\/tr>\n<tr style=\"height: 13.50pt;\">\n<td style=\"height: 13.50pt;\" height=\"18\">Alcance de personalizaci\u00f3n<\/td>\n<td>Dise\u00f1o de esculturas, color\/tinte de vidrio, acabado de metal, impresi\u00f3n<\/td>\n<\/tr>\n<tr style=\"height: 13.50pt;\">\n<td style=\"height: 13.50pt;\" height=\"18\">Artesan\u00eda<\/td>\n<td>Encapsulaci\u00f3n de vidrio de precisi\u00f3n, fundici\u00f3n y enchapado de metales<\/td>\n<\/tr>\n<tr style=\"height: 13.50pt;\">\n<td style=\"height: 13.50pt;\" height=\"18\">Prop\u00f3sito del producto<\/td>\n<td>Frascos de perfume personalizados, frascos de perfume dorados de lujo<\/td>\n<\/tr>\n<tr style=\"height: 13.50pt;\">\n<td style=\"height: 13.50pt;\" height=\"18\">Industrias adecuadas<\/td>\n<td>Art\u00edculos de lujo, Alta perfumer\u00eda, Hospitalidad exclusiva<\/td>\n<\/tr>\n<\/tbody>\n<\/table>\n<h2>Caso de \u00e9xito: Lanzamiento de un producto estrella de un grupo de lujo de Oriente Medio<\/h2>\n<p>Una de las empresas de alta gama m\u00e1s reconocidas de los Emiratos \u00c1rabes Unidos eligi\u00f3 nuestro frasco de perfume dorado de 100 ml y dise\u00f1\u00f3 la escultura interna para que imite las monta\u00f1as Hajar. Su alta calidad y su impecable fabricaci\u00f3n lo hacen a\u00fan m\u00e1s atractivo, con un sobreprecio del 400 % sobre el coste de producci\u00f3n. El frasco de 50 ml ha representado m\u00e1s del 40 % de las ventas totales de la venta al por menor en viajes, convirti\u00e9ndose en un \u00e9xito de ventas en las tiendas libres de impuestos de los aeropuertos. El cliente qued\u00f3 impresionado con la r\u00e1pida penetraci\u00f3n de la marca en el mercado y firm\u00f3 un compromiso de exclusividad de 5 a\u00f1os, con un pedido de 800\u00a0000 frascos m\u00e1s.<\/p>\n<h2>Opciones personalizadas para frascos de perfume<\/h2>\n<ul>\n<li>Escultura y Capuch\u00f3n de Metal: El interior de la escultura as\u00ed como el capuch\u00f3n (oro rosa, oro antiguo, platino) pueden ser realizados en diferentes metales o chapados.<\/li>\n<li>Botella de vidrio: El vidrio est\u00e1 disponible en diferentes colores (\u00e1mbar, azul cobalto y verde esmeralda) para crear un contraste o un complemento con la botella dorada.<\/li>\n<li>Grabado l\u00e1ser sobre vidrio: Los patrones, nombres o coordenadas que se graban en la superficie del vidrio quedan sobre la escultura.<\/li>\n<li>Efecto Vidrio Esmerilado: a\u00f1aden un toque esmerilado al vidrio para facilitar la impresi\u00f3n visual de la escultura d\u00e1ndole un aspecto suave y elegante.<\/li>\n<\/ul>\n<p>&nbsp;<\/p>","protected":false},"excerpt":{"rendered":"<p>Frascos de perfume dise\u00f1ados a medida con detalles dorados esculpidos y tapas de metal. Frasco de perfume dorado premium para marcas de renombre. Descuento por pedido al por mayor. Env\u00edo r\u00e1pido.<\/p>","protected":false},"featured_media":4322,"template":"","meta":{"postBodyCss":"","postBodyMargin":[],"postBodyPadding":[],"postBodyBackground":{"backgroundType":"classic","gradient":""}},"product_brand":[],"product_cat":[15,16,62],"product_tag":[],"class_list":{"0":"post-4320","1":"product","2":"type-product","3":"status-publish","4":"has-post-thumbnail","6":"product_cat-glass-containers","7":"product_cat-glass-bottles","8":"product_cat-perfume-bottles","10":"first","11":"instock","12":"shipping-taxable","13":"product-type-simple"},"jetpack_sharing_enabled":true,"_links":{"self":[{"href":"https:\/\/minghanggroup.com\/es\/wp-json\/wp\/v2\/product\/4320","targetHints":{"allow":["GET"]}}],"collection":[{"href":"https:\/\/minghanggroup.com\/es\/wp-json\/wp\/v2\/product"}],"about":[{"href":"https:\/\/minghanggroup.com\/es\/wp-json\/wp\/v2\/types\/product"}],"wp:featuredmedia":[{"embeddable":true,"href":"https:\/\/minghanggroup.com\/es\/wp-json\/wp\/v2\/media\/4322"}],"wp:attachment":[{"href":"https:\/\/minghanggroup.com\/es\/wp-json\/wp\/v2\/media?parent=4320"}],"wp:term":[{"taxonomy":"product_brand","embeddable":true,"href":"https:\/\/minghanggroup.com\/es\/wp-json\/wp\/v2\/product_brand?post=4320"},{"taxonomy":"product_cat","embeddable":true,"href":"https:\/\/minghanggroup.com\/es\/wp-json\/wp\/v2\/product_cat?post=4320"},{"taxonomy":"product_tag","embeddable":true,"href":"https:\/\/minghanggroup.com\/es\/wp-json\/wp\/v2\/product_tag?post=4320"}],"curies":[{"name":"wp","href":"https:\/\/api.w.org\/{rel}","templated":true}]}}