{"id":4307,"date":"2026-01-05T14:59:24","date_gmt":"2026-01-05T06:59:24","guid":{"rendered":"https:\/\/minghanggroup.com\/?post_type=product&#038;p=4307"},"modified":"2026-01-05T15:49:42","modified_gmt":"2026-01-05T07:49:42","slug":"red-containers-perfume-glass-with-mountain-base-bulk","status":"publish","type":"product","link":"https:\/\/minghanggroup.com\/es\/producto\/red-containers-perfume-glass-with-mountain-base-bulk\/","title":{"rendered":"Frascos de perfume de cristal rojo con base de monta\u00f1a de 30 ml, 50 ml y 100 ml a granel"},"content":{"rendered":"<p>Este frasco de perfume rojo bien dise\u00f1ado tiene un cuerpo de vidrio transparente de forma cil\u00edndrica suave que se completa con una tapa met\u00e1lica roja y un adorno rojo en forma de monta\u00f1a en la parte inferior que se suma a su belleza exclusiva.<\/p>\n<h2>Caracter\u00edsticas del producto<\/h2>\n<ul>\n<li><strong>Varios tama\u00f1os:<\/strong> Hay tres tama\u00f1os en los que uno puede guardar sus perfumes dependiendo de sus necesidades diarias, viajes y otras ocasiones.<\/li>\n<li><strong>Escultura de Monta\u00f1a Roja Integrada:<\/strong> El paisaje monta\u00f1oso interior es en 3D, lo que le proporciona un efecto art\u00edstico especial y se convierte en un elemento visual distintivo.<\/li>\n<li><strong>Esquema de color rojo:<\/strong> La tapa roja y la decoraci\u00f3n de la base contrastan marcadamente con la botella transparente y forman una imagen v\u00edvida e inolvidable.<\/li>\n<\/ul>\n<h2 style=\"text-align: left;\">Especificaciones clave<\/h2>\n<table class=\"aligncenter\" style=\"border-collapse: collapse; width: 529.52pt;\" border=\"0\" width=\"706\" cellspacing=\"0\" cellpadding=\"0\">\n<tbody>\n<tr style=\"height: 13.50pt;\">\n<td style=\"height: 13.50pt; width: 119.25pt;\" width=\"159\" height=\"18\">Especificaci\u00f3n<\/td>\n<td style=\"width: 410.25pt;\" width=\"547\">Detalles<\/td>\n<\/tr>\n<tr style=\"height: 13.50pt;\">\n<td style=\"height: 13.50pt;\" height=\"18\">Capacidad<\/td>\n<td>30 ml, 50 ml, 100 ml<\/td>\n<\/tr>\n<tr style=\"height: 13.50pt;\">\n<td style=\"height: 13.50pt;\" height=\"18\">Dimensiones<\/td>\n<td>73\u00d746 mm, 80\u00d751 mm, 94\u00d759 mm<\/td>\n<\/tr>\n<tr style=\"height: 13.50pt;\">\n<td style=\"height: 13.50pt;\" height=\"18\">Material<\/td>\n<td>Vidrio transparente + componentes met\u00e1licos con acabado rojo<\/td>\n<\/tr>\n<tr style=\"height: 13.50pt;\">\n<td style=\"height: 13.50pt;\" height=\"18\">Forma de la botella<\/td>\n<td>Cil\u00edndrico con decoraci\u00f3n interna de base de monta\u00f1a roja.<\/td>\n<\/tr>\n<tr style=\"height: 13.50pt;\">\n<td style=\"height: 13.50pt;\" height=\"18\">Alcance de personalizaci\u00f3n<\/td>\n<td>Tinte de vidrio, acabado, profundidad del contorno de la base, bomba, acentos de color internos<\/td>\n<\/tr>\n<tr style=\"height: 13.50pt;\">\n<td style=\"height: 13.50pt;\" height=\"18\">Artesan\u00eda<\/td>\n<td>Fusi\u00f3n de vidrio coloreado, enchapado de metal<\/td>\n<\/tr>\n<tr style=\"height: 13.50pt;\">\n<td style=\"height: 13.50pt;\" height=\"18\">Prop\u00f3sito del producto<\/td>\n<td>Contenedores de perfume de vidrio premium, frascos de perfume rojos personalizados<\/td>\n<\/tr>\n<tr style=\"height: 13.50pt;\">\n<td style=\"height: 13.50pt;\" height=\"18\">Industrias adecuadas<\/td>\n<td>Perfumer\u00eda de nicho, marcas de belleza, art\u00edculos de tocador para hoteles<\/td>\n<\/tr>\n<\/tbody>\n<\/table>\n<h2>Historia de \u00e9xito: Cooperaci\u00f3n art\u00edstica con una marca de estilo de vida japonesa<\/h2>\n<p>Una reconocida marca japonesa de estilo de vida, que se inspira en la naturaleza para sus dise\u00f1os, decidi\u00f3 usar nuestro frasco de perfume rojo de 100 ml como nuevo producto y encarg\u00f3 una escultura interior del Monte Fuji. El dise\u00f1o \u00fanico de esta obra de arte gener\u00f3 un aumento del 700 % en las comparticiones en redes sociales, en comparaci\u00f3n con otros productos de la marca. El dise\u00f1o distintivo de la botella tambi\u00e9n contribuy\u00f3 a aumentar la tasa de recompra en un 78 %. La marca ya estaba encantada con la demanda del mercado y la interacci\u00f3n con los clientes, hasta el punto de encargar 300\u00a0000 botellas m\u00e1s para continuar con la siguiente etapa de su l\u00ednea de productos.<\/p>\n<h2>Personalizaci\u00f3n de envases de perfume de vidrio<\/h2>\n<ul>\n<li>Escultura interior personalizada: Dise\u00f1e un paisaje interior exclusivo (paisaje urbano, bosque, animal, estructura abstracta).<\/li>\n<li>Colores de la escultura y la tapa: seleccione el arte interior y los colores de la tapa en funci\u00f3n de un esquema de colores de marca espec\u00edfico o de un esquema de colores de temporada espec\u00edfico.<\/li>\n<li>Grabado l\u00e1ser sobre vidrio: Esmalte o nombre o dise\u00f1o sobre la superficie del vidrio encima de la escultura.<\/li>\n<li>Botella de vidrio esmerilado: roc\u00ede la superficie de la botella de vidrio para permitir que la escultura interior parezca m\u00e1s so\u00f1adora y et\u00e9rea.<\/li>\n<\/ul>","protected":false},"excerpt":{"rendered":"<p>Elegantes frascos de perfume de cristal que combinan cristal transparente con llamativos detalles en rojo. Este frasco de perfume rojo ofrece un gran atractivo visual y se entrega directamente de f\u00e1brica.<\/p>","protected":false},"featured_media":4311,"template":"","meta":{"postBodyCss":"","postBodyMargin":[],"postBodyPadding":[],"postBodyBackground":{"backgroundType":"classic","gradient":""}},"product_brand":[],"product_cat":[15,16,62],"product_tag":[],"class_list":{"0":"post-4307","1":"product","2":"type-product","3":"status-publish","4":"has-post-thumbnail","6":"product_cat-glass-containers","7":"product_cat-glass-bottles","8":"product_cat-perfume-bottles","10":"first","11":"instock","12":"shipping-taxable","13":"product-type-simple"},"jetpack_sharing_enabled":true,"_links":{"self":[{"href":"https:\/\/minghanggroup.com\/es\/wp-json\/wp\/v2\/product\/4307","targetHints":{"allow":["GET"]}}],"collection":[{"href":"https:\/\/minghanggroup.com\/es\/wp-json\/wp\/v2\/product"}],"about":[{"href":"https:\/\/minghanggroup.com\/es\/wp-json\/wp\/v2\/types\/product"}],"wp:featuredmedia":[{"embeddable":true,"href":"https:\/\/minghanggroup.com\/es\/wp-json\/wp\/v2\/media\/4311"}],"wp:attachment":[{"href":"https:\/\/minghanggroup.com\/es\/wp-json\/wp\/v2\/media?parent=4307"}],"wp:term":[{"taxonomy":"product_brand","embeddable":true,"href":"https:\/\/minghanggroup.com\/es\/wp-json\/wp\/v2\/product_brand?post=4307"},{"taxonomy":"product_cat","embeddable":true,"href":"https:\/\/minghanggroup.com\/es\/wp-json\/wp\/v2\/product_cat?post=4307"},{"taxonomy":"product_tag","embeddable":true,"href":"https:\/\/minghanggroup.com\/es\/wp-json\/wp\/v2\/product_tag?post=4307"}],"curies":[{"name":"wp","href":"https:\/\/api.w.org\/{rel}","templated":true}]}}