{"id":4306,"date":"2026-01-05T16:46:51","date_gmt":"2026-01-05T08:46:51","guid":{"rendered":"https:\/\/minghanggroup.com\/?post_type=product&#038;p=4306"},"modified":"2026-01-05T16:59:12","modified_gmt":"2026-01-05T08:59:12","slug":"glass-empty-perfume-bottles-with-vertical-texture-wholesale","status":"publish","type":"product","link":"https:\/\/minghanggroup.com\/es\/producto\/glass-empty-perfume-bottles-with-vertical-texture-wholesale\/","title":{"rendered":"Botellas de perfume vac\u00edas de vidrio de 40 ml con textura vertical al por mayor"},"content":{"rendered":"<p>Tus frascos de perfume vac\u00edos de vidrio deber\u00edan llamar la atenci\u00f3n de tus clientes. Fabricamos frascos de perfume de vidrio premium al por mayor, dise\u00f1ados para el \u00e9xito en el empaquetado de fragancias, donde cada frasco se convierte en el centro de atenci\u00f3n de tu marca.<\/p>\n<h2>Caracter\u00edsticas del producto<\/h2>\n<ul>\n<li><strong>Elegancia con textura acanalada: <\/strong>Las nervaduras verticales no solo a\u00f1aden lujo t\u00e1ctil sino que tambi\u00e9n hacen que el objeto sea visualmente atractivo al captar la luz.<\/li>\n<li><strong>Contraste de gorra roja llamativa: <\/strong>\u00bfEse casquete esf\u00e9rico rojo brillante? El cristal transparente le da un toque visual inmediato.<\/li>\n<li><strong>Tama\u00f1o vers\u00e1til de 40 ml: <\/strong>Ideal para fragancias para hombres o mujeres, aerosoles corporales o aceites esenciales.<\/li>\n<\/ul>\n<h2>Especificaciones clave<\/h2>\n<table style=\"border-collapse: collapse; width: 80%; margin-left: auto; margin-right: auto;\" border=\"0\" width=\"360\" cellspacing=\"0\" cellpadding=\"0\">\n<tbody>\n<tr style=\"height: 13.50pt;\">\n<td style=\"height: 13.5pt; width: 54pt; text-align: center;\" width=\"72\" height=\"18\">Capacidad<\/td>\n<td style=\"width: 54pt; text-align: center;\" width=\"72\">Forma<\/td>\n<td style=\"width: 54pt; text-align: center;\" width=\"72\">Dimensiones<\/td>\n<td style=\"width: 54pt; text-align: center;\" width=\"72\">Di\u00e1metro<\/td>\n<td style=\"width: 54pt; text-align: center;\" width=\"72\">Usos<\/td>\n<\/tr>\n<tr style=\"height: 13.50pt;\">\n<td style=\"height: 13.5pt; text-align: center;\" height=\"18\">40 ml<\/td>\n<td style=\"text-align: center;\">Cilindro acanalado<\/td>\n<td style=\"text-align: center;\">50x50 mm<\/td>\n<td style=\"text-align: center;\">15 mm<\/td>\n<td style=\"text-align: center;\">Fragancias para hombres y mujeres, aerosoles corporales<\/td>\n<\/tr>\n<\/tbody>\n<\/table>\n<h2>Caso de \u00e9xito<\/h2>\n<p>Una marca de perfumes de lujo ha elegido nuestra tienda con su nueva colecci\u00f3n de frascos de perfume de vidrio al por mayor con tapas esf\u00e9ricas rojas. Las dos formas creativas que la marca utiliz\u00f3 para promocionar su imagen fueron la marca personalizada en relieve en el fondo de los frascos y el vidrio \u00e1mbar coloreado para proteger el perfume de los rayos UV.<\/p>\n<p>La marca ha logrado un crecimiento del 30 por ciento en el monto de sus ventas en un lapso de dos meses y esta historia de \u00e9xito se ha convertido en un tema candente de conversaci\u00f3n entre muchos consumidores.<\/p>\n<h2>Sus opciones de personalizaci\u00f3n<\/h2>\n<ol>\n<li><strong>Logotipos en relieve o bajo relieve:<\/strong> Puede estampar o grabar en bajo relieve un logotipo en la botella para comunicar el aspecto lujoso al cliente tanto visual como f\u00edsicamente y as\u00ed hacer una distinci\u00f3n entre su marca en el estante y el resto.<\/li>\n<li><strong>Serigraf\u00eda decorativa:<\/strong> Seleccione la serigraf\u00eda o seda detallada para que la botella luzca bonita y agregue gr\u00e1ficos, patrones o texto excepcionales que publiciten indirectamente su marca.<\/li>\n<li><strong>Cajas y fundas de regalo personalizadas:<\/strong> Se pueden dise\u00f1ar cajas o fundas exteriores de marca para darle a las ediciones especiales u ofertas de obsequio un toque personal, una soluci\u00f3n ideal para vender en las temporadas o vender su l\u00ednea de lujo.<\/li>\n<\/ol>","protected":false},"excerpt":{"rendered":"<p>Explora nuestras opciones al por mayor de frascos de perfume de vidrio. Venta directa de f\u00e1brica, muestras gratuitas y personalizaci\u00f3n de estos frascos de perfume vac\u00edos de vidrio para empresas.<\/p>","protected":false},"featured_media":4316,"template":"","meta":{"postBodyCss":"","postBodyMargin":[],"postBodyPadding":[],"postBodyBackground":{"backgroundType":"classic","gradient":""}},"product_brand":[],"product_cat":[15,16,62],"product_tag":[],"class_list":{"0":"post-4306","1":"product","2":"type-product","3":"status-publish","4":"has-post-thumbnail","6":"product_cat-glass-containers","7":"product_cat-glass-bottles","8":"product_cat-perfume-bottles","10":"first","11":"instock","12":"shipping-taxable","13":"product-type-simple"},"jetpack_sharing_enabled":true,"_links":{"self":[{"href":"https:\/\/minghanggroup.com\/es\/wp-json\/wp\/v2\/product\/4306","targetHints":{"allow":["GET"]}}],"collection":[{"href":"https:\/\/minghanggroup.com\/es\/wp-json\/wp\/v2\/product"}],"about":[{"href":"https:\/\/minghanggroup.com\/es\/wp-json\/wp\/v2\/types\/product"}],"wp:featuredmedia":[{"embeddable":true,"href":"https:\/\/minghanggroup.com\/es\/wp-json\/wp\/v2\/media\/4316"}],"wp:attachment":[{"href":"https:\/\/minghanggroup.com\/es\/wp-json\/wp\/v2\/media?parent=4306"}],"wp:term":[{"taxonomy":"product_brand","embeddable":true,"href":"https:\/\/minghanggroup.com\/es\/wp-json\/wp\/v2\/product_brand?post=4306"},{"taxonomy":"product_cat","embeddable":true,"href":"https:\/\/minghanggroup.com\/es\/wp-json\/wp\/v2\/product_cat?post=4306"},{"taxonomy":"product_tag","embeddable":true,"href":"https:\/\/minghanggroup.com\/es\/wp-json\/wp\/v2\/product_tag?post=4306"}],"curies":[{"name":"wp","href":"https:\/\/api.w.org\/{rel}","templated":true}]}}