{"id":4297,"date":"2026-01-05T13:41:08","date_gmt":"2026-01-05T05:41:08","guid":{"rendered":"https:\/\/minghanggroup.com\/?post_type=product&#038;p=4297"},"modified":"2026-01-05T14:19:43","modified_gmt":"2026-01-05T06:19:43","slug":"perfume-glass-spray-bottles-with-gold-lids-bulk","status":"publish","type":"product","link":"https:\/\/minghanggroup.com\/es\/producto\/perfume-glass-spray-bottles-with-gold-lids-bulk\/","title":{"rendered":"Botellas de spray de perfume de vidrio de 2.5 oz con tapas doradas al por mayor"},"content":{"rendered":"<p>Es un frasco de perfume de 2,5 oz (transparente, de l\u00edneas suaves y redondeadas con base pesada) con una tapa met\u00e1lica en tono dorado y un anillo de adorno dorado en el collar.<\/p>\n<h2>Caracter\u00edsticas del producto<\/h2>\n<ul>\n<li><strong>Cuerpo curvo aerodin\u00e1mico:<\/strong> La refracci\u00f3n de la luz es suave y redondeada y le da al cuerpo una sensaci\u00f3n de suavidad, que se complementa a\u00fan m\u00e1s con los bordes esculpidos.<\/li>\n<li><strong>Tapa de metal asim\u00e9trica en tono dorado:<\/strong> La tapa dorada de dise\u00f1o distintivo es un toque de estilo sofisticado y est\u00e1 llena de lujo.<\/li>\n<li><strong>Anillo decorativo de metal en tono dorado:<\/strong> El anillo met\u00e1lico que existe entre la botella y el tap\u00f3n a\u00f1ade el nivel de sofisticaci\u00f3n y elegancia a los detalles.<\/li>\n<\/ul>\n<h2 style=\"text-align: left;\">Especificaciones clave<\/h2>\n<table class=\"aligncenter\" style=\"border-collapse: collapse; width: 421.52pt;\" border=\"0\" width=\"562\" cellspacing=\"0\" cellpadding=\"0\">\n<tbody>\n<tr style=\"height: 13.50pt;\">\n<td style=\"height: 13.50pt; width: 119.25pt;\" width=\"159\" height=\"18\">Especificaci\u00f3n<\/td>\n<td style=\"width: 302.25pt;\" width=\"403\">Detalles<\/td>\n<\/tr>\n<tr style=\"height: 13.50pt;\">\n<td style=\"height: 13.50pt;\" height=\"18\">Capacidad<\/td>\n<td>75 ml (2,5 oz)<\/td>\n<\/tr>\n<tr style=\"height: 13.50pt;\">\n<td style=\"height: 13.50pt;\" height=\"18\">Dimensiones<\/td>\n<td>39 \u00d7 76 \u00d7 94 mm<\/td>\n<\/tr>\n<tr style=\"height: 13.50pt;\">\n<td style=\"height: 13.50pt;\" height=\"18\">Material<\/td>\n<td>Vidrio transparente + componentes met\u00e1licos<\/td>\n<\/tr>\n<tr style=\"height: 13.50pt;\">\n<td style=\"height: 13.50pt;\" height=\"18\">Forma de la botella<\/td>\n<td>Redondo con base engrosada<\/td>\n<\/tr>\n<tr style=\"height: 13.50pt;\">\n<td style=\"height: 13.50pt;\" height=\"18\">Alcance de personalizaci\u00f3n<\/td>\n<td>Color\/acabado del vidrio, grabado\/impresi\u00f3n<\/td>\n<\/tr>\n<tr style=\"height: 13.50pt;\">\n<td style=\"height: 13.50pt;\" height=\"18\">Artesan\u00eda<\/td>\n<td>Moldeo de vidrio curvo, enchapado de metal y ensamblaje<\/td>\n<\/tr>\n<tr style=\"height: 13.50pt;\">\n<td style=\"height: 13.50pt;\" height=\"18\">Prop\u00f3sito del producto<\/td>\n<td>Frascos de perfume de vidrio con atomizador, frascos de perfume redondos<\/td>\n<\/tr>\n<tr style=\"height: 13.50pt;\">\n<td style=\"height: 13.50pt;\" height=\"18\">Industrias adecuadas<\/td>\n<td>Perfumer\u00eda de nicho, marcas de belleza, tiendas de lujo<\/td>\n<\/tr>\n<\/tbody>\n<\/table>\n<h2>Historia de \u00e9xito: El perfume m\u00e1s vendido de una marca de estilo de vida de California<\/h2>\n<p>Una de las marcas de estilo de vida m\u00e1s famosas de California se acerc\u00f3 a nuestro frasco de perfume de 75 ml y dise\u00f1\u00f3 un cuerpo de vidrio rosa claro. Este dise\u00f1o elegante y ergon\u00f3mico de estos frascos de perfume con atomizador tambi\u00e9n fue todo un \u00e9xito, ya que el 85 % de las rese\u00f1as de los clientes le dieron una alta calificaci\u00f3n gracias a su facilidad de agarre. Su atractivo dise\u00f1o justifica un precio un 60 % superior al de otros productos. La marca qued\u00f3 muy satisfecha con el rendimiento y la recepci\u00f3n del producto en el mercado, por lo que encarg\u00f3 500\u00a0000 frascos adicionales para facilitar su introducci\u00f3n en los canales de distribuci\u00f3n de todo el pa\u00eds.<\/p>\n<h2>Personalizaci\u00f3n de botellas de spray de vidrio para perfume<\/h2>\n<ul>\n<li>Colores\/Efectos Vidrio: Transparente, tintado (champ\u00e1n, vidrio marino) o esmerilado (efectos degradados disponibles).<\/li>\n<li>Acabados met\u00e1licos personalizados: Hay numerosos acabados met\u00e1licos que se pueden aplicar al capuch\u00f3n y al cuello (oro, oro rosa, cromo, negro).<\/li>\n<li>Grabado l\u00e1ser de contorno: se cortan patrones m\u00e1s detallados, nombres de marcas o logotipos en l\u00edneas de contorno elevadas.<\/li>\n<li>Serigraf\u00eda: Se imprimen hermosos dise\u00f1os o logotipos en una superficie de vidrio de curvatura uniforme.<\/li>\n<li>Boquillas de pulverizaci\u00f3n personalizadas: la botella tiene l\u00edneas fluidas que se complementan con formas de boquillas de pulverizaci\u00f3n de dise\u00f1o \u00fanico.<\/li>\n<\/ul>","protected":false},"excerpt":{"rendered":"<p>Botellas de spray de perfume de vidrio redondas de lujo con silueta fluida y detalles dorados. Botella de perfume de 2.5 oz ofrecida con descuento por pedido al por mayor, muestras gratis.<\/p>","protected":false},"featured_media":4301,"template":"","meta":{"postBodyCss":"","postBodyMargin":[],"postBodyPadding":[],"postBodyBackground":{"backgroundType":"classic","gradient":""}},"product_brand":[],"product_cat":[15,16,62],"product_tag":[],"class_list":{"0":"post-4297","1":"product","2":"type-product","3":"status-publish","4":"has-post-thumbnail","6":"product_cat-glass-containers","7":"product_cat-glass-bottles","8":"product_cat-perfume-bottles","10":"first","11":"instock","12":"shipping-taxable","13":"product-type-simple"},"jetpack_sharing_enabled":true,"_links":{"self":[{"href":"https:\/\/minghanggroup.com\/es\/wp-json\/wp\/v2\/product\/4297","targetHints":{"allow":["GET"]}}],"collection":[{"href":"https:\/\/minghanggroup.com\/es\/wp-json\/wp\/v2\/product"}],"about":[{"href":"https:\/\/minghanggroup.com\/es\/wp-json\/wp\/v2\/types\/product"}],"wp:featuredmedia":[{"embeddable":true,"href":"https:\/\/minghanggroup.com\/es\/wp-json\/wp\/v2\/media\/4301"}],"wp:attachment":[{"href":"https:\/\/minghanggroup.com\/es\/wp-json\/wp\/v2\/media?parent=4297"}],"wp:term":[{"taxonomy":"product_brand","embeddable":true,"href":"https:\/\/minghanggroup.com\/es\/wp-json\/wp\/v2\/product_brand?post=4297"},{"taxonomy":"product_cat","embeddable":true,"href":"https:\/\/minghanggroup.com\/es\/wp-json\/wp\/v2\/product_cat?post=4297"},{"taxonomy":"product_tag","embeddable":true,"href":"https:\/\/minghanggroup.com\/es\/wp-json\/wp\/v2\/product_tag?post=4297"}],"curies":[{"name":"wp","href":"https:\/\/api.w.org\/{rel}","templated":true}]}}