{"id":4296,"date":"2026-01-05T14:28:22","date_gmt":"2026-01-05T06:28:22","guid":{"rendered":"https:\/\/minghanggroup.com\/?post_type=product&#038;p=4296"},"modified":"2026-01-05T17:06:56","modified_gmt":"2026-01-05T09:06:56","slug":"rectangular-custom-100ml-empty-perfume-bottles-wholesale","status":"publish","type":"product","link":"https:\/\/minghanggroup.com\/es\/producto\/rectangular-custom-100ml-empty-perfume-bottles-wholesale\/","title":{"rendered":"Botellas de perfume vac\u00edas rectangulares personalizadas de 100 ml al por mayor"},"content":{"rendered":"<p>Tus frascos de perfume vac\u00edos de 100 ml deber\u00edan llamar la atenci\u00f3n de tus clientes. Fabricamos frascos de perfume vac\u00edos de primera calidad al por mayor, dise\u00f1ados para el \u00e9xito en el envasado de fragancias, donde cada frasco de perfume de vidrio se convierte en la se\u00f1a de identidad de tu marca.<\/p>\n<h2>Caracter\u00edsticas del producto<\/h2>\n<ul>\n<li><strong>Dise\u00f1o elegante: <\/strong>La silueta rectangular limpia y simple junto con la tapa dorada brindan una est\u00e9tica elegante y cl\u00e1sica, ideal para fragancias de alta gama.<\/li>\n<li><strong>Gorra de oro premium: <\/strong>La tapa de metal dorado le agrega un toque opulento a la botella, lo que la convierte en una combinaci\u00f3n perfecta tanto para l\u00edneas de fragancias modernas como vintage.<\/li>\n<li><strong>Opciones personalizables: <\/strong>Puedes personalizar este producto con un logotipo en relieve, seda, serigraf\u00eda y eligiendo un color personalizado para la botella y el tap\u00f3n.<\/li>\n<\/ul>\n<h2>Especificaciones clave<\/h2>\n<table style=\"border-collapse: collapse; width: 80%; margin-left: auto; margin-right: auto;\" border=\"0\" width=\"360\" cellspacing=\"0\" cellpadding=\"0\">\n<tbody>\n<tr style=\"height: 13.50pt;\">\n<td style=\"height: 13.5pt; width: 54pt; text-align: center;\" width=\"72\" height=\"18\">Capacidad<\/td>\n<td style=\"width: 54pt; text-align: center;\" width=\"72\">Dimensiones (mm)<\/td>\n<td style=\"width: 54pt; text-align: center;\" width=\"72\">Forma<\/td>\n<td style=\"width: 54pt; text-align: center;\" width=\"72\">Caracter\u00edstica principal<\/td>\n<td style=\"width: 54pt; text-align: center;\" width=\"72\">Opciones de superficie<\/td>\n<\/tr>\n<tr style=\"height: 13.50pt;\">\n<td style=\"height: 13.5pt; text-align: center;\" height=\"18\">100 ml \/ 3,4 oz<\/td>\n<td style=\"text-align: center;\">55 x 30 x 118<\/td>\n<td style=\"text-align: center;\">Rectangular<\/td>\n<td style=\"text-align: center;\">Casquillo esf\u00e9rico + atomizador<\/td>\n<td style=\"text-align: center;\">Chorro de arena, serigraf\u00eda, dorado, calcas<\/td>\n<\/tr>\n<\/tbody>\n<\/table>\n<h2>Caso de \u00e9xito<\/h2>\n<p>La empresa de perfumes deseaba elevar el nivel de sus envases a la par con la calidad de sus perfumes. Su nuevo lanzamiento consist\u00eda en experimentar con nuestros frascos de perfume vac\u00edos de 100 ml con tapones dorados. Para llevar el envase al siguiente nivel, estamparon el logotipo en los frascos y aplicaron una textura mate al cuerpo para darles un aspecto moderno y suave. Los frascos tambi\u00e9n se dise\u00f1aron con un fino patr\u00f3n serigrafiado para resultar atractivos y agradables a la vista.<\/p>\n<p>La marca registr\u00f3 un crecimiento de ventas del 35% en su primer mes de operaciones. La empresa ha sido vigorosa en continuar realizando compras al por mayor de las botellas personalizadas y este se ha convertido en su empaque para todos los lanzamientos posteriores.<\/p>\n<h2>Sus opciones de personalizaci\u00f3n<\/h2>\n<ol>\n<li><strong>Logotipos en relieve\/bajo relieve: <\/strong>Eleve la huella de su marca al siguiente nivel creando un logotipo grabado o en relieve en la botella.<\/li>\n<li><strong>Serigraf\u00eda, Serigraf\u00eda: <\/strong>Decore la botella con seda o serigraf\u00eda para agregar detalles intrincados, palabras o gr\u00e1ficos para comercializar la singularidad de la fragancia.<\/li>\n<li><strong>Variaciones de gorra: <\/strong>Permite elegir entre distintos materiales y acabados de tapa (dorado, plateado o mate) para combinar con el dise\u00f1o de la botella.<\/li>\n<\/ol>","protected":false},"excerpt":{"rendered":"<p>Explora nuestros frascos de perfume vac\u00edos de 100 ml al por mayor con dise\u00f1o rectangular. Disponibles para mayoristas, con opciones de personalizaci\u00f3n y precios directos de f\u00e1brica.<\/p>","protected":false},"featured_media":4305,"template":"","meta":{"postBodyCss":"","postBodyMargin":[],"postBodyPadding":[],"postBodyBackground":{"backgroundType":"classic","gradient":""}},"product_brand":[],"product_cat":[16,15,62],"product_tag":[],"class_list":{"0":"post-4296","1":"product","2":"type-product","3":"status-publish","4":"has-post-thumbnail","6":"product_cat-glass-bottles","7":"product_cat-glass-containers","8":"product_cat-perfume-bottles","10":"first","11":"instock","12":"shipping-taxable","13":"product-type-simple"},"jetpack_sharing_enabled":true,"_links":{"self":[{"href":"https:\/\/minghanggroup.com\/es\/wp-json\/wp\/v2\/product\/4296","targetHints":{"allow":["GET"]}}],"collection":[{"href":"https:\/\/minghanggroup.com\/es\/wp-json\/wp\/v2\/product"}],"about":[{"href":"https:\/\/minghanggroup.com\/es\/wp-json\/wp\/v2\/types\/product"}],"wp:featuredmedia":[{"embeddable":true,"href":"https:\/\/minghanggroup.com\/es\/wp-json\/wp\/v2\/media\/4305"}],"wp:attachment":[{"href":"https:\/\/minghanggroup.com\/es\/wp-json\/wp\/v2\/media?parent=4296"}],"wp:term":[{"taxonomy":"product_brand","embeddable":true,"href":"https:\/\/minghanggroup.com\/es\/wp-json\/wp\/v2\/product_brand?post=4296"},{"taxonomy":"product_cat","embeddable":true,"href":"https:\/\/minghanggroup.com\/es\/wp-json\/wp\/v2\/product_cat?post=4296"},{"taxonomy":"product_tag","embeddable":true,"href":"https:\/\/minghanggroup.com\/es\/wp-json\/wp\/v2\/product_tag?post=4296"}],"curies":[{"name":"wp","href":"https:\/\/api.w.org\/{rel}","templated":true}]}}