{"id":4287,"date":"2026-01-05T13:35:46","date_gmt":"2026-01-05T05:35:46","guid":{"rendered":"https:\/\/minghanggroup.com\/?post_type=product&#038;p=4287"},"modified":"2026-01-05T16:51:56","modified_gmt":"2026-01-05T08:51:56","slug":"glass-unique-fragrance-bottles-for-packaging-bulk","status":"publish","type":"product","link":"https:\/\/minghanggroup.com\/es\/producto\/glass-unique-fragrance-bottles-for-packaging-bulk\/","title":{"rendered":"Frascos de vidrio con fragancias \u00fanicas de 30 ml y 100 ml para envasado a granel"},"content":{"rendered":"<p>Tus frascos de fragancia \u00fanicos deber\u00edan cautivar a tus clientes. Creamos soluciones premium en frascos de colonia de 95 ml, dise\u00f1ados para el \u00e9xito en el empaquetado de fragancias, donde cada frasco de perfume de vidrio se convierte en el tema de conversaci\u00f3n de tu marca.<\/p>\n<h2>Caracter\u00edsticas del producto<\/h2>\n<ul>\n<li><strong>Dise\u00f1o geom\u00e9trico n\u00edtido:<\/strong> El uso de l\u00edneas limpias y cortes precisos proporciona un impacto visual instant\u00e1neo al empaque de su perfume.<\/li>\n<li><strong>Acento de tapa dorada de lujo:<\/strong> Su caracter\u00edstica tapa cuadrada dorada a\u00f1ade una sofisticaci\u00f3n moderna a su botella de vidrio.<\/li>\n<li><strong>Doble versatilidad de tama\u00f1o:<\/strong> Se pueden crear juegos de envases de fragancias completos mezclando viales de 30 ml para muestras con botellas de colonia de 100 ml (3,4 oz).<\/li>\n<\/ul>\n<h2>Especificaciones clave<\/h2>\n<table style=\"border-collapse: collapse; width: 80%; margin-left: auto; margin-right: auto;\" border=\"0\" width=\"288\" cellspacing=\"0\" cellpadding=\"0\">\n<tbody>\n<tr style=\"height: 13.50pt;\">\n<td style=\"height: 13.5pt; width: 54pt; text-align: center;\" width=\"72\" height=\"18\">Capacidad<\/td>\n<td style=\"width: 54pt; text-align: center;\" width=\"72\">Dimensiones (mm)<\/td>\n<td style=\"width: 54pt; text-align: center;\" width=\"72\">Uso<\/td>\n<td style=\"width: 54pt; text-align: center;\" width=\"72\">Color de la tapa<\/td>\n<\/tr>\n<tr style=\"height: 13.50pt;\">\n<td style=\"height: 13.5pt; text-align: center;\" height=\"18\">30 ml \/ 1 onza<\/td>\n<td style=\"text-align: center;\">45 x 45 x 59<\/td>\n<td class=\"et2\" style=\"text-align: center;\" rowspan=\"2\">Perfumes, colonias, sprays corporales<\/td>\n<td class=\"et2\" style=\"text-align: center;\" rowspan=\"2\">Oro<\/td>\n<\/tr>\n<tr style=\"height: 13.50pt;\">\n<td style=\"height: 13.5pt; text-align: center;\" height=\"18\">100 ml \/ 3,4 oz<\/td>\n<td style=\"text-align: center;\">60 x 60 x 79<\/td>\n<\/tr>\n<\/tbody>\n<\/table>\n<h2>Caso de \u00e9xito<\/h2>\n<p>Una marca de perfumes de lujo buscaba renovar su empaque y realzar su aura de lujo. Tras experimentar con diversas alternativas, se decidieron por nuestros frascos de colonia de vidrio transparente de 95 ml y los personalizaron con un exclusivo dise\u00f1o geom\u00e9trico: los frascos, con un llamativo tap\u00f3n cuadrado chapado en oro, estampados con su logotipo y un acabado mate en la parte inferior, transmit\u00edan una atm\u00f3sfera refinada que capt\u00f3 la atenci\u00f3n de los clientes. En tan solo un mes, las ventas en tienda se dispararon un 30 %. La combinaci\u00f3n de empaque premium y una s\u00f3lida imagen de marca fue clave para el crecimiento del 50 % en la tasa de recompra.<\/p>\n<h2>Sus opciones de personalizaci\u00f3n<\/h2>\n<ol>\n<li><strong>Personalizaci\u00f3n del dise\u00f1o geom\u00e9trico:<\/strong> Modifique las formas y los \u00e1ngulos del cuerpo de la botella a partir de una amplia gama de opciones para comunicar visualmente la esencia de la marca, por ejemplo, l\u00edneas angulares, facetadas o suaves y fluidas.<\/li>\n<li><strong>Opciones de tapa: <\/strong>Elija una amplia variedad de materiales de tapa y acabados, como oro, plata o metal mate, junto con modificaciones de forma, como cuadrada o redonda, para realzar la marca de su fragancia.<\/li>\n<li><strong>Logotipos en relieve o bajo relieve:<\/strong> Incorpore un logotipo de marca en forma elevada o hundida en la botella o la tapa para facilitar el reconocimiento de la marca y la interacci\u00f3n sensorial.<\/li>\n<\/ol>","protected":false},"excerpt":{"rendered":"<p>Frascos de fragancia \u00fanicos, fabricados directamente de f\u00e1brica y con un acabado artesanal. Venta al por mayor, dise\u00f1o personalizable. Estos frascos de colonia de 95 ml se adaptan a las necesidades de su marca de fragancias.<\/p>","protected":false},"featured_media":4295,"template":"","meta":{"postBodyCss":"","postBodyMargin":[],"postBodyPadding":[],"postBodyBackground":{"backgroundType":"classic","gradient":""}},"product_brand":[],"product_cat":[15,16,62],"product_tag":[],"class_list":{"0":"post-4287","1":"product","2":"type-product","3":"status-publish","4":"has-post-thumbnail","6":"product_cat-glass-containers","7":"product_cat-glass-bottles","8":"product_cat-perfume-bottles","10":"first","11":"instock","12":"shipping-taxable","13":"product-type-simple"},"jetpack_sharing_enabled":true,"_links":{"self":[{"href":"https:\/\/minghanggroup.com\/es\/wp-json\/wp\/v2\/product\/4287","targetHints":{"allow":["GET"]}}],"collection":[{"href":"https:\/\/minghanggroup.com\/es\/wp-json\/wp\/v2\/product"}],"about":[{"href":"https:\/\/minghanggroup.com\/es\/wp-json\/wp\/v2\/types\/product"}],"wp:featuredmedia":[{"embeddable":true,"href":"https:\/\/minghanggroup.com\/es\/wp-json\/wp\/v2\/media\/4295"}],"wp:attachment":[{"href":"https:\/\/minghanggroup.com\/es\/wp-json\/wp\/v2\/media?parent=4287"}],"wp:term":[{"taxonomy":"product_brand","embeddable":true,"href":"https:\/\/minghanggroup.com\/es\/wp-json\/wp\/v2\/product_brand?post=4287"},{"taxonomy":"product_cat","embeddable":true,"href":"https:\/\/minghanggroup.com\/es\/wp-json\/wp\/v2\/product_cat?post=4287"},{"taxonomy":"product_tag","embeddable":true,"href":"https:\/\/minghanggroup.com\/es\/wp-json\/wp\/v2\/product_tag?post=4287"}],"curies":[{"name":"wp","href":"https:\/\/api.w.org\/{rel}","templated":true}]}}