{"id":4286,"date":"2026-01-05T11:34:24","date_gmt":"2026-01-05T03:34:24","guid":{"rendered":"https:\/\/minghanggroup.com\/?post_type=product&#038;p=4286"},"modified":"2026-01-05T13:40:36","modified_gmt":"2026-01-05T05:40:36","slug":"unique-perfume-bottles-with-pumpkin-design-bulk","status":"publish","type":"product","link":"https:\/\/minghanggroup.com\/es\/producto\/unique-perfume-bottles-with-pumpkin-design-bulk\/","title":{"rendered":"Frascos de perfume \u00fanicos de 50 ml con dise\u00f1o de calabaza al por mayor"},"content":{"rendered":"<p>Estos hermosos frascos de perfume est\u00e1n hechos de vidrio cristal y la forma de la calabaza es redondeada, acanalada y en forma de calabaza acompa\u00f1ada de una tapa multifac\u00e9tica y un anillo de metal dorado pulido.<\/p>\n<h2>Caracter\u00edsticas del producto<\/h2>\n<ul>\n<li><strong>Botella acanalada en forma de calabaza:<\/strong> El dise\u00f1o de calabaza plana con la adici\u00f3n de nervaduras verticales tridimensionales aumenta el brillo de la refracci\u00f3n de la luz para brindarle una sofisticaci\u00f3n similar a la de una joya.<\/li>\n<li><strong>Textura ranurada vertical profunda:<\/strong> La textura clara proporciona el efecto visual de luz y sombra que crea una sensaci\u00f3n rica y le da una sensaci\u00f3n cl\u00e1sica de sofisticaci\u00f3n.<\/li>\n<li><strong>Anillo de metal dorado:<\/strong> El anillo de metal dorado entre la botella y la tapa a\u00f1ade a\u00fan m\u00e1s detalle d\u00e1ndole al material transparente un toque de elegancia.<\/li>\n<\/ul>\n<h2 style=\"text-align: left;\">Especificaciones clave<\/h2>\n<table class=\"aligncenter\" style=\"border-collapse: collapse; width: 533.27pt;\" border=\"0\" width=\"711\" cellspacing=\"0\" cellpadding=\"0\">\n<tbody>\n<tr style=\"height: 13.50pt;\">\n<td style=\"height: 13.50pt; width: 144.75pt;\" width=\"193\" height=\"18\">Caracter\u00edstica<\/td>\n<td style=\"width: 388.50pt;\" width=\"518\">Detalles<\/td>\n<\/tr>\n<tr style=\"height: 13.50pt;\">\n<td style=\"height: 13.50pt;\" height=\"18\">Capacidad<\/td>\n<td>50 ml<\/td>\n<\/tr>\n<tr style=\"height: 13.50pt;\">\n<td style=\"height: 13.50pt;\" height=\"18\">Dimensiones<\/td>\n<td>64 mm \u00d7 62 mm<\/td>\n<\/tr>\n<tr style=\"height: 13.50pt;\">\n<td style=\"height: 13.50pt;\" height=\"18\">Material<\/td>\n<td>Vidrio de alta claridad, componentes met\u00e1licos<\/td>\n<\/tr>\n<tr style=\"height: 13.50pt;\">\n<td style=\"height: 13.50pt;\" height=\"18\">Forma de la botella<\/td>\n<td>Calabaza acanalada<\/td>\n<\/tr>\n<tr style=\"height: 13.50pt;\">\n<td style=\"height: 13.50pt;\" height=\"18\">Gama de personalizaci\u00f3n<\/td>\n<td>Color\/tinte del vidrio, dise\u00f1o de nervadura, acabado met\u00e1lico, estilo de tapa, grabado<\/td>\n<\/tr>\n<tr style=\"height: 13.50pt;\">\n<td style=\"height: 13.50pt;\" height=\"18\">Aspectos destacados de la artesan\u00eda<\/td>\n<td>Moldeo de vidrio estriado, enchapado y ensamblaje de metal<\/td>\n<\/tr>\n<tr style=\"height: 13.50pt;\">\n<td style=\"height: 13.50pt;\" height=\"18\">Uso principal<\/td>\n<td>Frascos de perfume \u00fanicos, frascos de perfume de lujo<\/td>\n<\/tr>\n<tr style=\"height: 13.50pt;\">\n<td style=\"height: 13.50pt;\" height=\"18\">Industrias objetivo<\/td>\n<td>Alta Perfumer\u00eda, Marcas de Lujo, Minoristas Exclusivos<\/td>\n<\/tr>\n<\/tbody>\n<\/table>\n<h2>Historia de \u00e9xito: Una obra maestra a peque\u00f1a escala, una marca de perfumes francesa<\/h2>\n<p>Una de las marcas francesas de perfumes m\u00e1s antiguas del mundo seleccion\u00f3 nuestro frasco especial de 50 ml con ba\u00f1o de oro galvanizado de 24 quilates y cristal \u00e1mbar intenso. La forma de calabaza fue un \u00e9xito inmediato y la colecci\u00f3n se vendi\u00f3 en l\u00ednea en menos de 12 horas. Su dise\u00f1o elegante provoc\u00f3 un aumento del 500 % en el contenido generado por los usuarios en redes sociales. La demanda y el \u00e9xito de estos frascos de perfume \u00fanicos en el mercado alegraron a la marca, que encarg\u00f3 100\u00a0000 frascos adicionales como edici\u00f3n limitada anual.<\/p>\n<h2>Personalizaci\u00f3n de hermosos frascos de perfume<\/h2>\n<ul>\n<li>Colores de vidrio: Ofrecen una amplia selecci\u00f3n de colores de vidrio que incluyen el verde esmeralda, el azul cobalto y el rojo rub\u00ed.<\/li>\n<li>Cuello de botella y acabado de metal: Adornos de metal personalizados de todo tipo (oro rosa, paladio) y acabado (pulido, cepillado, antiguo).<\/li>\n<li>Variaciones de ritmo: a\u00f1adir, restar o ampliar, profundizar una serie de surcos verticales, para obtener variaciones de ritmo visual.<\/li>\n<li>Dise\u00f1o personal de tapa de cristal: Dise\u00f1e patrones de corte especiales o formas de la tapa de cristal.<\/li>\n<\/ul>","protected":false},"excerpt":{"rendered":"<p>Frascos de perfume \u00fanicos, elaborados en cristal con forma de calabaza y detalles dorados. Hermosos frascos de perfume suministrados directamente de f\u00e1brica para las marcas. Env\u00edo r\u00e1pido.<\/p>","protected":false},"featured_media":4291,"template":"","meta":{"postBodyCss":"","postBodyMargin":[],"postBodyPadding":[],"postBodyBackground":{"backgroundType":"classic","gradient":""}},"product_brand":[],"product_cat":[15,16,62],"product_tag":[],"class_list":{"0":"post-4286","1":"product","2":"type-product","3":"status-publish","4":"has-post-thumbnail","6":"product_cat-glass-containers","7":"product_cat-glass-bottles","8":"product_cat-perfume-bottles","10":"first","11":"instock","12":"shipping-taxable","13":"product-type-simple"},"jetpack_sharing_enabled":true,"_links":{"self":[{"href":"https:\/\/minghanggroup.com\/es\/wp-json\/wp\/v2\/product\/4286","targetHints":{"allow":["GET"]}}],"collection":[{"href":"https:\/\/minghanggroup.com\/es\/wp-json\/wp\/v2\/product"}],"about":[{"href":"https:\/\/minghanggroup.com\/es\/wp-json\/wp\/v2\/types\/product"}],"wp:featuredmedia":[{"embeddable":true,"href":"https:\/\/minghanggroup.com\/es\/wp-json\/wp\/v2\/media\/4291"}],"wp:attachment":[{"href":"https:\/\/minghanggroup.com\/es\/wp-json\/wp\/v2\/media?parent=4286"}],"wp:term":[{"taxonomy":"product_brand","embeddable":true,"href":"https:\/\/minghanggroup.com\/es\/wp-json\/wp\/v2\/product_brand?post=4286"},{"taxonomy":"product_cat","embeddable":true,"href":"https:\/\/minghanggroup.com\/es\/wp-json\/wp\/v2\/product_cat?post=4286"},{"taxonomy":"product_tag","embeddable":true,"href":"https:\/\/minghanggroup.com\/es\/wp-json\/wp\/v2\/product_tag?post=4286"}],"curies":[{"name":"wp","href":"https:\/\/api.w.org\/{rel}","templated":true}]}}