{"id":4281,"date":"2026-01-05T10:28:11","date_gmt":"2026-01-05T02:28:11","guid":{"rendered":"https:\/\/minghanggroup.com\/?post_type=product&#038;p=4281"},"modified":"2026-01-05T17:22:36","modified_gmt":"2026-01-05T09:22:36","slug":"crystal-bottles-for-perfume-with-black-lids-bulk","status":"publish","type":"product","link":"https:\/\/minghanggroup.com\/es\/producto\/crystal-bottles-for-perfume-with-black-lids-bulk\/","title":{"rendered":"Botellas de cristal de 100 ml para perfume con tapas negras al por mayor"},"content":{"rendered":"<p>Este frasco de cristal para perfume es est\u00e1ndar, ligeramente vertical y rectangular, con dos profundas ranuras horizontales a cada lado del cuerpo de vidrio que realzan su toque especial y su efecto visual. El frasco y el tap\u00f3n cil\u00edndrico de metal negro contrastan con una modernidad impactante.<\/p>\n<h2>Caracter\u00edsticas del producto<\/h2>\n<ul>\n<li><strong>Botella ranurada rectangular:<\/strong> La delgada figura rectangular con dos l\u00edneas horizontales le da a la botella una profundidad a la vista y mejora el agarre.<\/li>\n<li><strong>Tapa de metal negro:<\/strong> La tapa cil\u00edndrica de metal negra tiene un dise\u00f1o minimalista, que contrasta con la botella transparente, que tiene un dise\u00f1o muy sofisticado y moderno.<\/li>\n<li><strong>Material de vidrio transparente:<\/strong> La estructura de vidrio completamente transparente presenta claramente el resto de la fragancia adem\u00e1s de amplificar los peque\u00f1os impactos del reflejo de la luz.<\/li>\n<\/ul>\n<h2 style=\"text-align: left;\">Especificaciones clave<\/h2>\n<table class=\"aligncenter\" style=\"border-collapse: collapse; width: 599.27pt;\" border=\"0\" width=\"799\" cellspacing=\"0\" cellpadding=\"0\">\n<tbody>\n<tr style=\"height: 13.50pt;\">\n<td style=\"height: 13.50pt; width: 146.25pt;\" width=\"195\" height=\"18\">Caracter\u00edstica<\/td>\n<td style=\"width: 453.00pt;\" width=\"604\">Detalles<\/td>\n<\/tr>\n<tr style=\"height: 13.50pt;\">\n<td style=\"height: 13.50pt;\" height=\"18\">Capacidad<\/td>\n<td>100 ml<\/td>\n<\/tr>\n<tr style=\"height: 13.50pt;\">\n<td style=\"height: 13.50pt;\" height=\"18\">Dimensiones<\/td>\n<td>65 mm \u00d7 33 mm \u00d7 108 mm<\/td>\n<\/tr>\n<tr style=\"height: 13.50pt;\">\n<td style=\"height: 13.50pt;\" height=\"18\">Material<\/td>\n<td>Vidrio transparente, tapa de metal<\/td>\n<\/tr>\n<tr style=\"height: 13.50pt;\">\n<td style=\"height: 13.50pt;\" height=\"18\">Forma de la botella<\/td>\n<td>Rect\u00e1ngulo vertical con ranuras horizontales<\/td>\n<\/tr>\n<tr style=\"height: 13.50pt;\">\n<td style=\"height: 13.50pt;\" height=\"18\">Gama de personalizaci\u00f3n<\/td>\n<td>Color\/acabado del vidrio, color\/acabado de la tapa, dise\u00f1o de ranura, impresi\u00f3n\/grabado l\u00e1ser<\/td>\n<\/tr>\n<tr style=\"height: 13.50pt;\">\n<td style=\"height: 13.50pt;\" height=\"18\">Aspectos destacados de la artesan\u00eda<\/td>\n<td>Moldeo de ranuras horizontales de precisi\u00f3n, vidrio de alta claridad, metalister\u00eda<\/td>\n<\/tr>\n<tr style=\"height: 13.50pt;\">\n<td style=\"height: 13.50pt;\" height=\"18\">Uso principal<\/td>\n<td>Frascos de cristal para perfumes y fragancias<\/td>\n<\/tr>\n<tr style=\"height: 13.50pt;\">\n<td style=\"height: 13.50pt;\" height=\"18\">Industrias objetivo<\/td>\n<td>Marcas de cuidado personal masculino, estilos de botica, marcas de dise\u00f1ador<\/td>\n<\/tr>\n<\/tbody>\n<\/table>\n<h2>Historia de \u00e9xito: Colecci\u00f3n de fragancias de un estudio de dise\u00f1o n\u00f3rdico<\/h2>\n<p>Nuestros frascos vac\u00edos de cristal de 100 ml para perfume fueron encargados por un estudio de dise\u00f1o n\u00f3rdico especializado en muebles minimalistas, y personalizaron el vidrio gris ahumado de los frascos de 100 ml. El frasco cuenta con ranuras horizontales que garantizan un buen agarre, lo cual fue muy apreciado por los clientes, como se puede apreciar en m\u00e1s del 40 % de las rese\u00f1as en l\u00ednea. El dise\u00f1o del frasco tuvo un gran impacto en redes sociales y el reconocimiento de marca mejor\u00f3 un 35 %. El estudio qued\u00f3 muy satisfecho con el rendimiento del producto en el mercado y obtuvo una buena acogida, por lo que encarg\u00f3 250\u00a0000 frascos adicionales para expandir su negocio de fragancias personales.<\/p>\n<h2>Botellas de cristal para la personalizaci\u00f3n de perfumes<\/h2>\n<ul>\n<li>Serigraf\u00eda en vidrio Pegue su logotipo, dise\u00f1o o texto en la superficie plana entre las ranuras<\/li>\n<li>Dise\u00f1o de ranuras personalizado: var\u00ede el n\u00famero, la profundidad o el patr\u00f3n de las ranuras horizontales (por ejemplo, agregue una tercera ranura o haga que las ranuras sean verticales)<\/li>\n<li>Marca incorporada: tenga una marca de marca insignificante y elevada grabada en la parte inferior de la botella, un peque\u00f1o toque<\/li>\n<li>Efecto de vidrio de dos tonos: implica el uso de m\u00faltiples capas de vidrio para descubrir los distintos colores debajo de las ranuras.<\/li>\n<\/ul>","protected":false},"excerpt":{"rendered":"<p>Frascos de perfume modernos vac\u00edos de cristal transparente con tap\u00f3n de metal negro. Frascos de cristal ideales para marcas de perfumes. Suministro directo de f\u00e1brica. Muestras gratuitas.<\/p>","protected":false},"featured_media":4282,"template":"","meta":{"postBodyCss":"","postBodyMargin":[],"postBodyPadding":[],"postBodyBackground":{"backgroundType":"classic","gradient":""}},"product_brand":[],"product_cat":[15,16,62],"product_tag":[],"class_list":{"0":"post-4281","1":"product","2":"type-product","3":"status-publish","4":"has-post-thumbnail","6":"product_cat-glass-containers","7":"product_cat-glass-bottles","8":"product_cat-perfume-bottles","10":"first","11":"instock","12":"shipping-taxable","13":"product-type-simple"},"jetpack_sharing_enabled":true,"_links":{"self":[{"href":"https:\/\/minghanggroup.com\/es\/wp-json\/wp\/v2\/product\/4281","targetHints":{"allow":["GET"]}}],"collection":[{"href":"https:\/\/minghanggroup.com\/es\/wp-json\/wp\/v2\/product"}],"about":[{"href":"https:\/\/minghanggroup.com\/es\/wp-json\/wp\/v2\/types\/product"}],"wp:featuredmedia":[{"embeddable":true,"href":"https:\/\/minghanggroup.com\/es\/wp-json\/wp\/v2\/media\/4282"}],"wp:attachment":[{"href":"https:\/\/minghanggroup.com\/es\/wp-json\/wp\/v2\/media?parent=4281"}],"wp:term":[{"taxonomy":"product_brand","embeddable":true,"href":"https:\/\/minghanggroup.com\/es\/wp-json\/wp\/v2\/product_brand?post=4281"},{"taxonomy":"product_cat","embeddable":true,"href":"https:\/\/minghanggroup.com\/es\/wp-json\/wp\/v2\/product_cat?post=4281"},{"taxonomy":"product_tag","embeddable":true,"href":"https:\/\/minghanggroup.com\/es\/wp-json\/wp\/v2\/product_tag?post=4281"}],"curies":[{"name":"wp","href":"https:\/\/api.w.org\/{rel}","templated":true}]}}