{"id":4276,"date":"2026-01-05T10:20:58","date_gmt":"2026-01-05T02:20:58","guid":{"rendered":"https:\/\/minghanggroup.com\/?post_type=product&#038;p=4276"},"modified":"2026-01-05T16:50:30","modified_gmt":"2026-01-05T08:50:30","slug":"glass-clear-cologne-bottles-with-spray-wholesale","status":"publish","type":"product","link":"https:\/\/minghanggroup.com\/es\/producto\/glass-clear-cologne-bottles-with-spray-wholesale\/","title":{"rendered":"Botellas de colonia de vidrio transparente con pulverizador, 50 ml y 100 ml, venta al por mayor"},"content":{"rendered":"<p>Tus frascos de colonia transparentes deben llamar la atenci\u00f3n de tus clientes. Creamos soluciones premium en frascos de colonia de 100 ml, dise\u00f1ados para el \u00e9xito en el envasado de fragancias, donde cada frasco de perfume de vidrio se convierte en la se\u00f1a de identidad de tu marca.<\/p>\n<h2>Caracter\u00edsticas del producto<\/h2>\n<ul>\n<li><strong>Cuerpo de vidrio de alta claridad:<\/strong> El vidrio ultra transparente es un veh\u00edculo perfecto para el color de la fragancia, que se puede ver en toda su vitalidad, haciendo as\u00ed visualmente atractivo el estante.<\/li>\n<li><strong>Forma moderna y equilibrada: <\/strong>La combinaci\u00f3n de l\u00edneas limpias y un perfil suavemente redondeado hace que el dise\u00f1o tenga un aspecto atemporal adecuado para los diferentes estilos de fragancias.<\/li>\n<li><strong>Vers\u00e1til para la marca: <\/strong>El dise\u00f1o neutro de la botella es compatible con el etiquetado, la impresi\u00f3n o la personalizaci\u00f3n del logotipo para las diferentes identidades de marca.<\/li>\n<\/ul>\n<h2>Especificaciones clave<\/h2>\n<table style=\"border-collapse: collapse; width: 80%; margin-left: auto; margin-right: auto;\" border=\"0\" width=\"288\" cellspacing=\"0\" cellpadding=\"0\">\n<tbody>\n<tr style=\"height: 13.50pt;\">\n<td class=\"et2\" style=\"height: 13.5pt; width: 54pt; text-align: center;\" width=\"72\" height=\"18\">Capacidad (ml)<\/td>\n<td style=\"width: 54pt; text-align: center;\" width=\"72\">Dimensiones (mm)<\/td>\n<td style=\"width: 54pt; text-align: center;\" width=\"72\">Color del vidrio<\/td>\n<td style=\"width: 54pt; text-align: center;\" width=\"72\">Colores de tapa<\/td>\n<\/tr>\n<tr style=\"height: 13.50pt;\">\n<td style=\"height: 13.5pt; text-align: center;\" align=\"right\" height=\"18\">50<\/td>\n<td style=\"text-align: center;\">62 x 22 x 88<\/td>\n<td class=\"et2\" style=\"text-align: center;\" rowspan=\"2\">Transparente, personalizado<\/td>\n<td class=\"et2\" style=\"text-align: center;\" rowspan=\"2\">Oro, Plata, Personalizado<\/td>\n<\/tr>\n<tr style=\"height: 13.50pt;\">\n<td style=\"height: 13.5pt; text-align: center;\" align=\"right\" height=\"18\">100<\/td>\n<td style=\"text-align: center;\">74 x 26 x 110<\/td>\n<\/tr>\n<\/tbody>\n<\/table>\n<h2>Caso de \u00e9xito<\/h2>\n<p>Una marca de fragancias buscaba elevar su presencia en el mercado con un packaging que reflejara fielmente la pureza y la artesan\u00eda de sus aromas. Para el lanzamiento de su nueva colecci\u00f3n, seleccionaron nuestros frascos transparentes de colonia de 100 ml y los personalizaron con un acabado de vidrio esmerilado, un logotipo en relieve muy sutil en el hombro y un collar\u00edn de pulverizaci\u00f3n met\u00e1lico cepillado. En menos de tres meses, las ventas minoristas aumentaron un 32%, y los comentarios de los clientes se centraron principalmente en el toque lujoso y la elegancia de los frascos. Motivada por el impacto de la campa\u00f1a, la marca aplic\u00f3 el dise\u00f1o a su l\u00ednea principal de productos, incrementando as\u00ed el volumen de pedidos en un 45%.<\/p>\n<h2>Sus opciones de personalizaci\u00f3n<\/h2>\n<ol>\n<li><strong>Acabado de la superficie de la botella:<\/strong> Seleccione entre opciones transparentes y esmeriladas para resaltar visualmente la inscripci\u00f3n de la marca creando contraste.<\/li>\n<li><strong>Tratamiento de vidrio degradado:<\/strong> El degradado o desvanecimiento de color claro se puede utilizar en el vidrio para darle un aspecto tridimensional.<\/li>\n<li><strong>Detalles de la edici\u00f3n limitada:<\/strong> Se pueden utilizar elementos de lotes peque\u00f1os, como marcas numeradas o texturas de superficie \u00fanicas, para lanzamientos de temporada o de lujo.<\/li>\n<\/ol>","protected":false},"excerpt":{"rendered":"<p>Los frascos de colonia transparentes realzan la pureza del aroma. Ideales en frascos de colonia de 100 ml, con precios directos de f\u00e1brica y opciones personalizadas disponibles.<\/p>","protected":false},"featured_media":4280,"template":"","meta":{"postBodyCss":"","postBodyMargin":[],"postBodyPadding":[],"postBodyBackground":{"backgroundType":"classic","gradient":""}},"product_brand":[],"product_cat":[15,16,62],"product_tag":[],"class_list":{"0":"post-4276","1":"product","2":"type-product","3":"status-publish","4":"has-post-thumbnail","6":"product_cat-glass-containers","7":"product_cat-glass-bottles","8":"product_cat-perfume-bottles","10":"first","11":"instock","12":"shipping-taxable","13":"product-type-simple"},"jetpack_sharing_enabled":true,"_links":{"self":[{"href":"https:\/\/minghanggroup.com\/es\/wp-json\/wp\/v2\/product\/4276","targetHints":{"allow":["GET"]}}],"collection":[{"href":"https:\/\/minghanggroup.com\/es\/wp-json\/wp\/v2\/product"}],"about":[{"href":"https:\/\/minghanggroup.com\/es\/wp-json\/wp\/v2\/types\/product"}],"wp:featuredmedia":[{"embeddable":true,"href":"https:\/\/minghanggroup.com\/es\/wp-json\/wp\/v2\/media\/4280"}],"wp:attachment":[{"href":"https:\/\/minghanggroup.com\/es\/wp-json\/wp\/v2\/media?parent=4276"}],"wp:term":[{"taxonomy":"product_brand","embeddable":true,"href":"https:\/\/minghanggroup.com\/es\/wp-json\/wp\/v2\/product_brand?post=4276"},{"taxonomy":"product_cat","embeddable":true,"href":"https:\/\/minghanggroup.com\/es\/wp-json\/wp\/v2\/product_cat?post=4276"},{"taxonomy":"product_tag","embeddable":true,"href":"https:\/\/minghanggroup.com\/es\/wp-json\/wp\/v2\/product_tag?post=4276"}],"curies":[{"name":"wp","href":"https:\/\/api.w.org\/{rel}","templated":true}]}}