{"id":4266,"date":"2026-01-04T17:00:07","date_gmt":"2026-01-04T09:00:07","guid":{"rendered":"https:\/\/minghanggroup.com\/?post_type=product&#038;p=4266"},"modified":"2026-01-04T17:00:09","modified_gmt":"2026-01-04T09:00:09","slug":"glass-perfume-containers-with-metal-sprayer-wholesale","status":"publish","type":"product","link":"https:\/\/minghanggroup.com\/es\/producto\/glass-perfume-containers-with-metal-sprayer-wholesale\/","title":{"rendered":"Envases de perfume de vidrio de 30 ml y 50 ml con pulverizador de metal al por mayor"},"content":{"rendered":"<p>Tus peque\u00f1os frascos de colonia deber\u00edan llamar la atenci\u00f3n de tus clientes. Fabricamos envases de perfume premium a granel, dise\u00f1ados para el \u00e9xito del empaquetado de fragancias, donde cada peque\u00f1o frasco de colonia se convierte en el sello distintivo de tu marca.<\/p>\n<h2>Caracter\u00edsticas del producto<\/h2>\n<ul>\n<li><strong>Silueta limpia y moderna:<\/strong> Las proporciones equilibradas con lados suavemente angulados crean una apariencia moderna que es adecuada para una amplia gama de estilos de fragancias.<\/li>\n<li><strong>Cuerpo de vidrio de alta claridad:<\/strong> El vidrio transparente permite que el color del perfume sea visible sin ninguna obstrucci\u00f3n, por lo tanto, una visi\u00f3n clara del producto desde el estante mejora su atractivo y visibilidad.<\/li>\n<li><strong>Dise\u00f1o personalizado y listo para usar:<\/strong> La botella es ideal para recubrimiento de color, seda, serigraf\u00eda o decoraci\u00f3n de logotipos para ayudar a la diferenciaci\u00f3n de la marca.<\/li>\n<\/ul>\n<h2>Especificaciones clave<\/h2>\n<table style=\"border-collapse: collapse; width: 80%; margin-left: auto; margin-right: auto;\" border=\"0\" width=\"288\" cellspacing=\"0\" cellpadding=\"0\">\n<tbody>\n<tr style=\"height: 13.50pt;\">\n<td style=\"height: 13.5pt; width: 54pt; text-align: center;\" width=\"72\" height=\"18\">Capacidad (ml)<\/td>\n<td style=\"width: 54pt; text-align: center;\" width=\"72\">Dimensiones (mm)<\/td>\n<td style=\"width: 54pt; text-align: center;\" width=\"72\">Material<\/td>\n<td style=\"width: 54pt; text-align: center;\" width=\"72\">Colores disponibles<\/td>\n<\/tr>\n<tr style=\"height: 13.50pt;\">\n<td style=\"height: 13.5pt; text-align: center;\" align=\"right\" height=\"18\">30<\/td>\n<td style=\"text-align: center;\">55 x 25 x 85<\/td>\n<td class=\"et2\" style=\"text-align: center;\" rowspan=\"2\">Cristal<\/td>\n<td class=\"et2\" style=\"text-align: center;\" rowspan=\"2\">Oro, Plata, Negro, Blanco, Madera<\/td>\n<\/tr>\n<tr style=\"height: 13.50pt;\">\n<td style=\"height: 13.5pt; text-align: center;\" align=\"right\" height=\"18\">50<\/td>\n<td style=\"text-align: center;\">66 x 30 x 100<\/td>\n<\/tr>\n<\/tbody>\n<\/table>\n<h2>Caso de \u00e9xito<\/h2>\n<p>Una marca de perfumes cre\u00f3 una nueva fragancia y opt\u00f3 por presentarla en nuestros peque\u00f1os frascos, lo que permiti\u00f3 una primera compra de 5000 unidades. Para realzar su marca, estos frascos contaban con un acabado de vidrio esmerilado, un hermoso logotipo grabado en relieve en la parte frontal y un vidrio suave y coloreado.<\/p>\n<p>Tras unos meses, la tasa de recompra ha aumentado un 65%, por lo que la marca realiza pedidos al por mayor con regularidad. Para ampliar a\u00fan m\u00e1s su l\u00ednea de productos, han lanzado un producto de mayor tama\u00f1o con los mismos frascos de perfume personalizados.<\/p>\n<h2>Sus opciones de personalizaci\u00f3n<\/h2>\n<ol>\n<li><strong>Dise\u00f1o de procesos particionados:<\/strong> Permite el uso de procesos combinados en varias partes del cuerpo de la botella, por ejemplo, acabados transparentes y esmerilados en diferentes \u00e1reas, creando as\u00ed capas visuales del producto.<\/li>\n<li><strong>Elementos de identificaci\u00f3n en relieve:<\/strong> Se pueden introducir l\u00edneas o s\u00edmbolos en relieve muy peque\u00f1os en el hombro o en el costado de la botella para generar puntos de identificaci\u00f3n \u00fanicos.<\/li>\n<li><strong>Espesor de vidrio personalizado:<\/strong> Presenta diferentes opciones de espesor de vidrio, permitiendo as\u00ed una combinaci\u00f3n flexible de control de costos y lujo de alta calidad.<\/li>\n<li><strong>Detalles personalizados contra la falsificaci\u00f3n:<\/strong> Los detalles anti-falsificaci\u00f3n se pueden personalizar dependiendo de los canales de venta, por ejemplo, marcas invisibles o patrones de fondo especiales, aumentando as\u00ed la potencia de protecci\u00f3n de la marca.<\/li>\n<\/ol>","protected":false},"excerpt":{"rendered":"<p>Envases de perfume elaborados en vidrio transparente con un toque refinado. Soporte directo de f\u00e1brica, opciones de muestreo y personalizaci\u00f3n flexible para frascos de colonia peque\u00f1os.<\/p>","protected":false},"featured_media":4270,"template":"","meta":{"postBodyCss":"","postBodyMargin":[],"postBodyPadding":[],"postBodyBackground":{"backgroundType":"classic","gradient":""}},"product_brand":[],"product_cat":[15,16,62],"product_tag":[],"class_list":{"0":"post-4266","1":"product","2":"type-product","3":"status-publish","4":"has-post-thumbnail","6":"product_cat-glass-containers","7":"product_cat-glass-bottles","8":"product_cat-perfume-bottles","10":"first","11":"instock","12":"shipping-taxable","13":"product-type-simple"},"jetpack_sharing_enabled":true,"_links":{"self":[{"href":"https:\/\/minghanggroup.com\/es\/wp-json\/wp\/v2\/product\/4266","targetHints":{"allow":["GET"]}}],"collection":[{"href":"https:\/\/minghanggroup.com\/es\/wp-json\/wp\/v2\/product"}],"about":[{"href":"https:\/\/minghanggroup.com\/es\/wp-json\/wp\/v2\/types\/product"}],"wp:featuredmedia":[{"embeddable":true,"href":"https:\/\/minghanggroup.com\/es\/wp-json\/wp\/v2\/media\/4270"}],"wp:attachment":[{"href":"https:\/\/minghanggroup.com\/es\/wp-json\/wp\/v2\/media?parent=4266"}],"wp:term":[{"taxonomy":"product_brand","embeddable":true,"href":"https:\/\/minghanggroup.com\/es\/wp-json\/wp\/v2\/product_brand?post=4266"},{"taxonomy":"product_cat","embeddable":true,"href":"https:\/\/minghanggroup.com\/es\/wp-json\/wp\/v2\/product_cat?post=4266"},{"taxonomy":"product_tag","embeddable":true,"href":"https:\/\/minghanggroup.com\/es\/wp-json\/wp\/v2\/product_tag?post=4266"}],"curies":[{"name":"wp","href":"https:\/\/api.w.org\/{rel}","templated":true}]}}