{"id":4256,"date":"2026-01-04T15:11:18","date_gmt":"2026-01-04T07:11:18","guid":{"rendered":"https:\/\/minghanggroup.com\/?post_type=product&#038;p=4256"},"modified":"2026-01-04T16:59:12","modified_gmt":"2026-01-04T08:59:12","slug":"round-customized-perfume-bottles-wholesale","status":"publish","type":"product","link":"https:\/\/minghanggroup.com\/es\/producto\/round-customized-perfume-bottles-wholesale\/","title":{"rendered":"Botellas de perfume redondas personalizadas de 30 ml, 50 ml y 100 ml al por mayor"},"content":{"rendered":"<p>Est\u00e1n dise\u00f1ados como frascos de colonia al por mayor perfectos, y cada frasco tiene una tapa de cristal tallado con diamante brillante y una boquilla plateada muy pulida, y est\u00e1n hechos de vidrio tallado con cristal.<\/p>\n<h2>Caracter\u00edsticas del producto<\/h2>\n<ul>\n<li><strong>Curvas y l\u00edneas:<\/strong> El cuello c\u00f3nico y las l\u00edneas fluidas y esculpidas brindan un agarre lujoso y natural al cuerpo elegantemente curvado.<\/li>\n<li><strong>Tapa transparente y boquilla met\u00e1lica:<\/strong> El capuch\u00f3n facetado y la boquilla plateada, al ser una pieza perfectamente fusionada, forman un dise\u00f1o que asemeja una joya.<\/li>\n<li><strong>Tres paquetes:<\/strong> Paquetes de 30 ml, 50 ml y 100 ml que incluyen paquetes de prueba de lujo, productos b\u00e1sicos y fragancias exclusivas.<\/li>\n<\/ul>\n<h2 style=\"text-align: left;\">Especificaciones clave<\/h2>\n<table class=\"aligncenter\" style=\"border-collapse: collapse; width: 658.52pt;\" border=\"0\" width=\"878\" cellspacing=\"0\" cellpadding=\"0\">\n<tbody>\n<tr style=\"height: 13.50pt;\">\n<td style=\"height: 13.50pt; width: 130.50pt;\" width=\"174\" height=\"18\">Especificaci\u00f3n<\/td>\n<td style=\"width: 528.00pt;\" width=\"704\">Detalles<\/td>\n<\/tr>\n<tr style=\"height: 13.50pt;\">\n<td style=\"height: 13.50pt;\" height=\"18\">Dimensiones<\/td>\n<td>30 ml: 64 \u00d7 28 \u00d7 72 mm; 50 ml: 75 \u00d7 25 \u00d7 85 mm; 100 ml: 86 \u00d7 36 \u00d7 90 mm<\/td>\n<\/tr>\n<tr style=\"height: 13.50pt;\">\n<td style=\"height: 13.50pt;\" height=\"18\">Material<\/td>\n<td>Cuerpo de vidrio de alta claridad; componentes met\u00e1licos<\/td>\n<\/tr>\n<tr style=\"height: 13.50pt;\">\n<td style=\"height: 13.50pt;\" height=\"18\">Forma de la botella<\/td>\n<td>Forma c\u00f3nica curva con cortes superficiales arqueados en 3D<\/td>\n<\/tr>\n<tr style=\"height: 13.50pt;\">\n<td style=\"height: 13.50pt;\" height=\"18\">Alcance de personalizaci\u00f3n<\/td>\n<td>Color (humo, \u00e1mbar, degradado) Marca: Grabado de superficie 3D, serigraf\u00eda de precisi\u00f3n<\/td>\n<\/tr>\n<tr style=\"height: 13.50pt;\">\n<td style=\"height: 13.50pt;\" height=\"18\">Caracter\u00edstica de la artesan\u00eda<\/td>\n<td>Talla de vidrio con corte de arco en 3D<\/td>\n<\/tr>\n<tr style=\"height: 13.50pt;\">\n<td style=\"height: 13.50pt;\" height=\"18\">Prop\u00f3sito del producto<\/td>\n<td>Frascos de fragancias de ultra lujo, frascos de colonia al por mayor<\/td>\n<\/tr>\n<tr style=\"height: 13.50pt;\">\n<td style=\"height: 13.50pt;\" height=\"18\">Industrias adecuadas<\/td>\n<td>Perfumer\u00eda de lujo y de nicho, marcas de moda de dise\u00f1o, venta minorista exclusiva<\/td>\n<\/tr>\n<\/tbody>\n<\/table>\n<h2>Caso de \u00e9xito: Presentaci\u00f3n del producto estrella de un grupo de lujo de Oriente Medio<\/h2>\n<p>Uno de los grupos de lujo de Dub\u00e1i eligi\u00f3 nuestros frascos de perfume personalizados de 100 ml como su producto estrella. Se desarroll\u00f3 un frasco con un cristal de color zafiro personalizado. El peso del frasco y su aspecto de joya hicieron que costara un 400 % m\u00e1s al minorista que su fabricaci\u00f3n. Las caracter\u00edsticas especiales de reflexi\u00f3n de la luz del frasco hicieron que los clientes pasaran un 60 % m\u00e1s de tiempo en el mostrador. El equipo, conmovido por la rapidez del auge de la marca y la importancia del frasco en este, encarg\u00f3 otro lote de 750\u00a0000 frascos para garantizar la exclusividad de la empresa en la zona.<\/p>\n<h2>Personalizaci\u00f3n al por mayor de botellas de colonia<\/h2>\n<ul>\n<li>Colores y transparencias del vidrio: se ofrece en varios colores de piedras preciosas (esmeralda, rub\u00ed, \u00e1mbar) y varios grados de incoloridad.<\/li>\n<li>Acabados met\u00e1licos: El collar de la boquilla y otras piezas met\u00e1licas se pueden personalizar con acabados que incluyen oro rosa, PVD negro o plata antigua.<\/li>\n<li>Grabado arqueado personalizado: Dise\u00f1e patrones especiales de grabado de superficies, es decir, ondas, hojas o patrones geom\u00e9tricos.<\/li>\n<li>Grabado l\u00e1ser curvo: grabe logotipos, monogramas o patrones en la superficie lisa y curva de la botella.<\/li>\n<\/ul>","protected":false},"excerpt":{"rendered":"<p>Descubra frascos de colonia al por mayor con vidrio de alta transparencia. Estos frascos de perfume personalizados se pueden personalizar con su logotipo para una apariencia lujosa. Muestra gratis.<\/p>","protected":false},"featured_media":4259,"template":"","meta":{"postBodyCss":"","postBodyMargin":[],"postBodyPadding":[],"postBodyBackground":{"backgroundType":"classic","gradient":""}},"product_brand":[],"product_cat":[15,16,62],"product_tag":[],"class_list":{"0":"post-4256","1":"product","2":"type-product","3":"status-publish","4":"has-post-thumbnail","6":"product_cat-glass-containers","7":"product_cat-glass-bottles","8":"product_cat-perfume-bottles","10":"first","11":"instock","12":"shipping-taxable","13":"product-type-simple"},"jetpack_sharing_enabled":true,"_links":{"self":[{"href":"https:\/\/minghanggroup.com\/es\/wp-json\/wp\/v2\/product\/4256","targetHints":{"allow":["GET"]}}],"collection":[{"href":"https:\/\/minghanggroup.com\/es\/wp-json\/wp\/v2\/product"}],"about":[{"href":"https:\/\/minghanggroup.com\/es\/wp-json\/wp\/v2\/types\/product"}],"wp:featuredmedia":[{"embeddable":true,"href":"https:\/\/minghanggroup.com\/es\/wp-json\/wp\/v2\/media\/4259"}],"wp:attachment":[{"href":"https:\/\/minghanggroup.com\/es\/wp-json\/wp\/v2\/media?parent=4256"}],"wp:term":[{"taxonomy":"product_brand","embeddable":true,"href":"https:\/\/minghanggroup.com\/es\/wp-json\/wp\/v2\/product_brand?post=4256"},{"taxonomy":"product_cat","embeddable":true,"href":"https:\/\/minghanggroup.com\/es\/wp-json\/wp\/v2\/product_cat?post=4256"},{"taxonomy":"product_tag","embeddable":true,"href":"https:\/\/minghanggroup.com\/es\/wp-json\/wp\/v2\/product_tag?post=4256"}],"curies":[{"name":"wp","href":"https:\/\/api.w.org\/{rel}","templated":true}]}}