{"id":4250,"date":"2026-01-04T14:36:11","date_gmt":"2026-01-04T06:36:11","guid":{"rendered":"https:\/\/minghanggroup.com\/?post_type=product&#038;p=4250"},"modified":"2026-01-04T17:18:47","modified_gmt":"2026-01-04T09:18:47","slug":"small-empty-travel-cologne-bottles-bulk","status":"publish","type":"product","link":"https:\/\/minghanggroup.com\/es\/producto\/small-empty-travel-cologne-bottles-bulk\/","title":{"rendered":"Botellas de colonia de viaje vac\u00edas peque\u00f1as de 25 ml a granel"},"content":{"rendered":"<p>El tama\u00f1o de este frasco de colonia de viaje es muy compacto, de 25 ml, y por lo tanto muy port\u00e1til. Est\u00e1 dise\u00f1ado en vidrio puro y limpio, pulido y cuenta con un encantador tap\u00f3n met\u00e1lico plateado que se adapta perfectamente a su dise\u00f1o minimalista.<\/p>\n<h2>Caracter\u00edsticas del producto<\/h2>\n<ul>\n<li><strong>Dise\u00f1o rectangular con dimensiones ultracompactas:<\/strong> La botella delgada no ocupar\u00e1 mucho espacio y podr\u00e1 caber en cualquier bolsillo, bolso o bolsa de viaje.<\/li>\n<li><strong>Tapa met\u00e1lica segura a prueba de fugas:<\/strong> El tap\u00f3n met\u00e1lico de rosca te proporcionar\u00e1 un cierre herm\u00e9tico que te proporcionar\u00e1 tranquilidad durante tu viaje.<\/li>\n<li><strong>Capacidad de 25 ml:<\/strong> 25 ml es el tama\u00f1o \u00f3ptimo para almacenar fragancia porque no es demasiado peque\u00f1o ni demasiado grande para llevarlo a diario durante todo el d\u00eda o durante excursiones cortas.<\/li>\n<\/ul>\n<h2 style=\"text-align: left;\">Especificaciones clave<\/h2>\n<table class=\"aligncenter\" style=\"border-collapse: collapse; width: 523.52pt;\" border=\"0\" width=\"698\" cellspacing=\"0\" cellpadding=\"0\">\n<tbody>\n<tr style=\"height: 13.50pt;\">\n<td style=\"height: 13.50pt; width: 130.50pt;\" width=\"174\" height=\"18\">Especificaci\u00f3n<\/td>\n<td style=\"width: 393.00pt;\" width=\"524\">Detalles<\/td>\n<\/tr>\n<tr style=\"height: 13.50pt;\">\n<td style=\"height: 13.50pt;\" height=\"18\">Capacidad<\/td>\n<td>25 ml<\/td>\n<\/tr>\n<tr style=\"height: 13.50pt;\">\n<td style=\"height: 13.50pt;\" height=\"18\">Dimensiones<\/td>\n<td>32\u00d720\u00d775 mm<\/td>\n<\/tr>\n<tr style=\"height: 13.50pt;\">\n<td style=\"height: 13.50pt;\" height=\"18\">Material<\/td>\n<td>Cuerpo de vidrio transparente; tapa de rosca de metal de alta calidad<\/td>\n<\/tr>\n<tr style=\"height: 13.50pt;\">\n<td style=\"height: 13.50pt;\" height=\"18\">Forma de la botella<\/td>\n<td>Rect\u00e1ngulo delgado con bordes biselados de precisi\u00f3n<\/td>\n<\/tr>\n<tr style=\"height: 13.50pt;\">\n<td style=\"height: 13.50pt;\" height=\"18\">Alcance de personalizaci\u00f3n<\/td>\n<td>Esmerilado \/ Degradado \/ Cepillado \/ Pulido \/ Serigraf\u00eda<\/td>\n<\/tr>\n<tr style=\"height: 13.50pt;\">\n<td style=\"height: 13.50pt;\" height=\"18\">Caracter\u00edstica de la artesan\u00eda<\/td>\n<td>Corte de vidrio con borde biselado de precisi\u00f3n, cierre roscado a prueba de fugas<\/td>\n<\/tr>\n<tr style=\"height: 13.50pt;\">\n<td style=\"height: 13.50pt;\" height=\"18\">Prop\u00f3sito del producto<\/td>\n<td>Frascos de fragancia para viajes, frascos de prueba de colonia<\/td>\n<\/tr>\n<tr style=\"height: 13.50pt;\">\n<td style=\"height: 13.50pt;\" height=\"18\">Industrias adecuadas<\/td>\n<td>Perfumer\u00eda, Hosteler\u00eda, Travel Retail<\/td>\n<\/tr>\n<\/tbody>\n<\/table>\n<h2>Caso de \u00e9xito: Fragancia exclusiva para una cadena hotelera internacional<\/h2>\n<p>Una cadena hotelera asi\u00e1tica eligi\u00f3 nuestra colonia de viaje de 25 ml y la personaliz\u00f3 con un frasco de vidrio esmerilado con el logotipo de la marca grabado a l\u00e1ser en la parte frontal. El tama\u00f1o peque\u00f1o fue muy popular, ya que el 88 % de los clientes se la llevaron a casa. Su aspecto lujoso aument\u00f3 la percepci\u00f3n del hotel por parte de los hu\u00e9spedes, lo que se tradujo en un aumento del 15 % en la satisfacci\u00f3n tras la estancia. El hotel qued\u00f3 muy satisfecho con los comentarios de los hu\u00e9spedes y el impacto en la mejora de la marca, por lo que encarg\u00f3 500\u00a0000 botellas adicionales para todos los hoteles.<\/p>\n<h2>Alternativas de personalizaci\u00f3n de frascos de fragancias de viaje<\/h2>\n<ul>\n<li>Color del vidrio: Est\u00e1n disponibles tanto la versi\u00f3n transparente como la tintada (\u00e1mbar, gris humo).<\/li>\n<li>Serigraf\u00eda: muestre una imagen n\u00edtida de su logotipo, gr\u00e1fico o nombre de fragancia en una superficie de vidrio plana.<\/li>\n<li>Grabado l\u00e1ser: profundice los detalles, monogramas o n\u00fameros de lote de su intrincado dise\u00f1o grabado en el vidrio para crear una marca permanente de alta calidad que dura para siempre.<\/li>\n<li>Agarre texturizado: Los bordes de la botella cuentan con tiras antideslizantes pulidas con chorro de arena o revestidas de goma dise\u00f1adas para mejorar el agarre.<\/li>\n<\/ul>","protected":false},"excerpt":{"rendered":"<p>Descubre la colonia de viaje de 25 ml. Frascos de vidrio de alta transparencia con un minimalista tap\u00f3n cil\u00edndrico plateado. \u00a1Solicita muestras gratis ahora!<\/p>","protected":false},"featured_media":4253,"template":"","meta":{"postBodyCss":"","postBodyMargin":[],"postBodyPadding":[],"postBodyBackground":{"backgroundType":"classic","gradient":""}},"product_brand":[],"product_cat":[15,16,62],"product_tag":[],"class_list":{"0":"post-4250","1":"product","2":"type-product","3":"status-publish","4":"has-post-thumbnail","6":"product_cat-glass-containers","7":"product_cat-glass-bottles","8":"product_cat-perfume-bottles","10":"first","11":"instock","12":"shipping-taxable","13":"product-type-simple"},"jetpack_sharing_enabled":true,"_links":{"self":[{"href":"https:\/\/minghanggroup.com\/es\/wp-json\/wp\/v2\/product\/4250","targetHints":{"allow":["GET"]}}],"collection":[{"href":"https:\/\/minghanggroup.com\/es\/wp-json\/wp\/v2\/product"}],"about":[{"href":"https:\/\/minghanggroup.com\/es\/wp-json\/wp\/v2\/types\/product"}],"wp:featuredmedia":[{"embeddable":true,"href":"https:\/\/minghanggroup.com\/es\/wp-json\/wp\/v2\/media\/4253"}],"wp:attachment":[{"href":"https:\/\/minghanggroup.com\/es\/wp-json\/wp\/v2\/media?parent=4250"}],"wp:term":[{"taxonomy":"product_brand","embeddable":true,"href":"https:\/\/minghanggroup.com\/es\/wp-json\/wp\/v2\/product_brand?post=4250"},{"taxonomy":"product_cat","embeddable":true,"href":"https:\/\/minghanggroup.com\/es\/wp-json\/wp\/v2\/product_cat?post=4250"},{"taxonomy":"product_tag","embeddable":true,"href":"https:\/\/minghanggroup.com\/es\/wp-json\/wp\/v2\/product_tag?post=4250"}],"curies":[{"name":"wp","href":"https:\/\/api.w.org\/{rel}","templated":true}]}}