{"id":4249,"date":"2026-01-04T15:56:50","date_gmt":"2026-01-04T07:56:50","guid":{"rendered":"https:\/\/minghanggroup.com\/?post_type=product&#038;p=4249"},"modified":"2026-01-30T15:43:59","modified_gmt":"2026-01-30T07:43:59","slug":"vertical-cut-glass-mens-cologne-bottles-bulk","status":"publish","type":"product","link":"https:\/\/minghanggroup.com\/es\/producto\/vertical-cut-glass-mens-cologne-bottles-bulk\/","title":{"rendered":"Frascos de colonia para hombre de vidrio cortado verticalmente de 100 ml a granel"},"content":{"rendered":"<p>Tus frascos de colonia para hombre deber\u00edan llamar la atenci\u00f3n de tus clientes. Fabricamos frascos de perfume premium a granel, dise\u00f1ados para el \u00e9xito en el envasado de fragancias, donde cada frasco de perfume de vidrio se convierte en el sello distintivo de tu marca.<\/p>\n<h2>Caracter\u00edsticas del producto<\/h2>\n<ul>\n<li><strong>Claridad del cristal:<\/strong>Nuestro frasco de perfume de cristal revela el verdadero color de su fragancia: perfecto para l\u00edneas de fragancias premium.<\/li>\n<li><strong>Dise\u00f1o de textura vertical:<\/strong>Las l\u00edneas verticales n\u00edtidas captan la luz maravillosamente y a\u00f1aden profundidad al empaque de su perfume.<\/li>\n<li><strong>Versatilidad de color:<\/strong>Elija entre acabados en oro, plata, negro, blanco o madera para combinar con su marca masculina.<\/li>\n<li><strong>Atomizador en aerosol premium:<\/strong>Proporciona una fina niebla uniforme para una aplicaci\u00f3n suave con su perfume personalizado.<\/li>\n<\/ul>\n<h2>Especificaciones clave<\/h2>\n<table style=\"border-collapse: collapse; width: 80%; margin-left: auto; margin-right: auto;\" border=\"0\" width=\"360\" cellspacing=\"0\" cellpadding=\"0\">\n<tbody>\n<tr style=\"height: 13.50pt;\">\n<td style=\"height: 13.5pt; text-align: center;\" width=\"72\" height=\"18\">Capacidad<\/td>\n<td style=\"width: 54pt; text-align: center;\" width=\"72\">Dimensiones<\/td>\n<td style=\"width: 54pt; text-align: center;\" width=\"72\">Material<\/td>\n<td style=\"width: 54pt; text-align: center;\" width=\"72\">Tipo de pulverizaci\u00f3n<\/td>\n<td style=\"width: 54pt; text-align: center;\" width=\"72\">Colores disponibles<\/td>\n<\/tr>\n<tr style=\"height: 13.50pt;\">\n<td class=\"et2\" style=\"height: 27pt; text-align: center;\" rowspan=\"2\" height=\"36\">100 ml (3,4 oz)<\/td>\n<td style=\"text-align: center;\">52 x 52 x 119 mm<\/td>\n<td class=\"et2\" style=\"text-align: center;\" rowspan=\"2\">Cristal<\/td>\n<td class=\"et2\" style=\"text-align: center;\" rowspan=\"2\">Atomizador<\/td>\n<td class=\"et2\" style=\"text-align: center;\" rowspan=\"2\">Oro, Plata, Negro, Blanco, Madera<\/td>\n<\/tr>\n<tr style=\"height: 13.50pt;\">\n<td style=\"text-align: center;\">52 x 52 x 126 mm<\/td>\n<\/tr>\n<\/tbody>\n<\/table>\n<h2>Caso de \u00e9xito<\/h2>\n<p>Una marca de fragancias masculinas, orgullosa de su aroma, cre\u00eda que el envase original no proyectaba una imagen de alta gama. Decidieron adoptar nuestros frascos de colonia para hombre y personalizarlos con un acabado de vidrio mate, un color carb\u00f3n oscuro y un logotipo grabado en relieve en la parte frontal. Tras el lanzamiento del nuevo envase, el atractivo visual del producto en los estantes mejor\u00f3 significativamente, lo que result\u00f3 en un aumento del 32 % en las ventas minoristas en tres meses.<\/p>\n<h2>Sus opciones de personalizaci\u00f3n<\/h2>\n<ol>\n<li><strong>Opciones de color de botella:<\/strong>El producto es compatible con esquemas de colores naturales transparentes, gris ahumado oscuro, \u00e1mbar o exclusivos de la marca para crear un posicionamiento diferente para las fragancias masculinas.<\/li>\n<li><strong>Personalizaci\u00f3n del logotipo de la marca:<\/strong>Proporciona combinaciones de letras en relieve, logotipos grabados o serigraf\u00eda de alta precisi\u00f3n, que son aplicables para el uso a largo plazo de series de marcas.<\/li>\n<li><strong>Combinaciones de estilos de tapas de botellas:<\/strong>Las tapas de metal, galvanizadas o con textura de cuero sint\u00e9tico se complementan con el producto para realzar el car\u00e1cter en\u00e9rgico y elegante de las fragancias masculinas.<\/li>\n<\/ol>","protected":false},"excerpt":{"rendered":"<p>Frascos de colonia premium para hombre con vidrio transparente y l\u00edneas verticales refinadas. Suministro directo de f\u00e1brica, opciones personalizadas disponibles. Frascos de perfume ideales para pedidos al por mayor.<\/p>","protected":false},"featured_media":4262,"template":"","meta":{"postBodyCss":"","postBodyMargin":[],"postBodyPadding":[],"postBodyBackground":{"backgroundType":"classic","gradient":""}},"product_brand":[],"product_cat":[15,16,62],"product_tag":[],"class_list":{"0":"post-4249","1":"product","2":"type-product","3":"status-publish","4":"has-post-thumbnail","6":"product_cat-glass-containers","7":"product_cat-glass-bottles","8":"product_cat-perfume-bottles","10":"first","11":"instock","12":"shipping-taxable","13":"product-type-simple"},"jetpack_sharing_enabled":true,"_links":{"self":[{"href":"https:\/\/minghanggroup.com\/es\/wp-json\/wp\/v2\/product\/4249","targetHints":{"allow":["GET"]}}],"collection":[{"href":"https:\/\/minghanggroup.com\/es\/wp-json\/wp\/v2\/product"}],"about":[{"href":"https:\/\/minghanggroup.com\/es\/wp-json\/wp\/v2\/types\/product"}],"wp:featuredmedia":[{"embeddable":true,"href":"https:\/\/minghanggroup.com\/es\/wp-json\/wp\/v2\/media\/4262"}],"wp:attachment":[{"href":"https:\/\/minghanggroup.com\/es\/wp-json\/wp\/v2\/media?parent=4249"}],"wp:term":[{"taxonomy":"product_brand","embeddable":true,"href":"https:\/\/minghanggroup.com\/es\/wp-json\/wp\/v2\/product_brand?post=4249"},{"taxonomy":"product_cat","embeddable":true,"href":"https:\/\/minghanggroup.com\/es\/wp-json\/wp\/v2\/product_cat?post=4249"},{"taxonomy":"product_tag","embeddable":true,"href":"https:\/\/minghanggroup.com\/es\/wp-json\/wp\/v2\/product_tag?post=4249"}],"curies":[{"name":"wp","href":"https:\/\/api.w.org\/{rel}","templated":true}]}}