{"id":4237,"date":"2026-01-04T14:30:19","date_gmt":"2026-01-04T06:30:19","guid":{"rendered":"https:\/\/minghanggroup.com\/?post_type=product&#038;p=4237"},"modified":"2026-01-04T14:30:20","modified_gmt":"2026-01-04T06:30:20","slug":"glass-vintage-fragrance-bottles-with-pump-bulk","status":"publish","type":"product","link":"https:\/\/minghanggroup.com\/es\/producto\/glass-vintage-fragrance-bottles-with-pump-bulk\/","title":{"rendered":"Frascos de vidrio vintage para fragancias, de 50 ml y 100 ml, con bomba, a granel"},"content":{"rendered":"<p>Tus frascos de fragancia vintage deber\u00edan cautivar a tus clientes. Fabricamos frascos de perfume premium con dosificador, dise\u00f1ados para el \u00e9xito en el envasado de fragancias, donde cada frasco de perfume de vidrio se convierte en el sello distintivo de tu marca.<\/p>\n<p>Caracter\u00edsticas del producto<\/p>\n<ul>\n<li><strong>Silueta cl\u00e1sica vintage:<\/strong> Dise\u00f1o vintage cl\u00e1sico con l\u00edneas suaves y fluidas, que da como resultado una apariencia general estable y elegante que se puede adaptar a una variedad de estilos de perfumes diferentes.<\/li>\n<li><strong>Cuerpo de vidrio alto y transparente:<\/strong> Cuerpo de botella de vidrio de alta transparencia, muy claro y puro, que muestra naturalmente el color y la textura del perfume.<\/li>\n<li><strong>Base de vidrio engrosado:<\/strong> La estructura de base de vidrio engrosado no solo le da m\u00e1s estabilidad a la botella, sino que tambi\u00e9n aumenta la sensaci\u00f3n general de calidad superior.<\/li>\n<li><strong>Tapa transparente a juego:<\/strong> Un dise\u00f1o de tapa transparente que combina con el material de la botella crea una fuerte unidad visual.<\/li>\n<\/ul>\n<h2>Especificaciones clave<\/h2>\n<table style=\"border-collapse: collapse; width: 80%; margin-left: auto; margin-right: auto;\" border=\"0\" width=\"360\" cellspacing=\"0\" cellpadding=\"0\">\n<tbody>\n<tr style=\"height: 13.50pt;\">\n<td style=\"height: 13.5pt; width: 54pt; text-align: center;\" width=\"72\" height=\"18\">Capacidad (ml)<\/td>\n<td style=\"width: 54pt; text-align: center;\" width=\"72\">Dimensiones (mm)<\/td>\n<td style=\"width: 54pt; text-align: center;\" width=\"72\">Calibre<\/td>\n<td style=\"width: 54pt; text-align: center;\" width=\"72\">Color del vidrio<\/td>\n<td style=\"width: 54pt; text-align: center;\" width=\"72\">Opciones de bomba<\/td>\n<\/tr>\n<tr style=\"height: 13.50pt;\">\n<td style=\"height: 13.5pt; text-align: center;\" align=\"right\" height=\"18\">50<\/td>\n<td style=\"text-align: center;\">49 x 49 x 80<\/td>\n<td class=\"et2\" style=\"text-align: center;\" rowspan=\"2\">15 mm<\/td>\n<td class=\"et2\" style=\"text-align: center;\" rowspan=\"2\">Transparente<\/td>\n<td class=\"et2\" style=\"text-align: center;\" rowspan=\"2\">Oro, Plata<\/td>\n<\/tr>\n<tr style=\"height: 13.50pt;\">\n<td style=\"height: 13.5pt; text-align: center;\" align=\"right\" height=\"18\">100<\/td>\n<td style=\"text-align: center;\">58 x 58 x 101<\/td>\n<\/tr>\n<\/tbody>\n<\/table>\n<h2>Caso de \u00e9xito de los frascos de fragancia vintage<\/h2>\n<p>Una marca de perfumes utiliz\u00f3 nuestros frascos de perfume de vidrio de estilo vintage para el lanzamiento de su nuevo producto. Los personalizaron con un logotipo \u00fanico en relieve para resaltar la marca. Tambi\u00e9n optaron por un acabado mate suave para darle un aspecto m\u00e1s lujoso y utilizaron serigraf\u00eda para un dise\u00f1o m\u00e1s elegante.<\/p>\n<p>El atractivo del producto en las estanter\u00edas aument\u00f3 instant\u00e1neamente y, por lo tanto, se registr\u00f3 un aumento de ventas del 32% en dos meses.<\/p>\n<h2>Sus opciones de personalizaci\u00f3n<\/h2>\n<ul>\n<li><strong>Tratamiento de la superficie de la botella:<\/strong> Separe visualmente diferentes fragancias o l\u00edneas de productos eligiendo entre un acabado brillante, un acabado mate esmerilado o efectos de arenado selectivos.<\/li>\n<li><strong>Personalizaci\u00f3n del logotipo de la marca:<\/strong> Mejore el reconocimiento de marca y dele un toque premium implementando logotipos de marca grabados en relieve, serigrafiados, serigrafiados o estampados en caliente.<\/li>\n<li><strong>Esquema de colores:<\/strong> Una botella se puede personalizar con recubrimientos transparentes, degradados o de color s\u00f3lido, que son ideales para ediciones limitadas o fragancias de temporada.<\/li>\n<\/ul>","protected":false},"excerpt":{"rendered":"<p>Frascos de fragancia vintage con dise\u00f1o redondeado y cuerpo de vidrio transparente. Suministro directo de f\u00e1brica, personalizaci\u00f3n al por mayor de frascos de perfume con dosificador. Env\u00edo r\u00e1pido.<\/p>","protected":false},"featured_media":4247,"template":"","meta":{"postBodyCss":"","postBodyMargin":[],"postBodyPadding":[],"postBodyBackground":{"backgroundType":"classic","gradient":""}},"product_brand":[],"product_cat":[15,16],"product_tag":[],"class_list":{"0":"post-4237","1":"product","2":"type-product","3":"status-publish","4":"has-post-thumbnail","6":"product_cat-glass-containers","7":"product_cat-glass-bottles","9":"first","10":"instock","11":"shipping-taxable","12":"product-type-simple"},"jetpack_sharing_enabled":true,"_links":{"self":[{"href":"https:\/\/minghanggroup.com\/es\/wp-json\/wp\/v2\/product\/4237","targetHints":{"allow":["GET"]}}],"collection":[{"href":"https:\/\/minghanggroup.com\/es\/wp-json\/wp\/v2\/product"}],"about":[{"href":"https:\/\/minghanggroup.com\/es\/wp-json\/wp\/v2\/types\/product"}],"wp:featuredmedia":[{"embeddable":true,"href":"https:\/\/minghanggroup.com\/es\/wp-json\/wp\/v2\/media\/4247"}],"wp:attachment":[{"href":"https:\/\/minghanggroup.com\/es\/wp-json\/wp\/v2\/media?parent=4237"}],"wp:term":[{"taxonomy":"product_brand","embeddable":true,"href":"https:\/\/minghanggroup.com\/es\/wp-json\/wp\/v2\/product_brand?post=4237"},{"taxonomy":"product_cat","embeddable":true,"href":"https:\/\/minghanggroup.com\/es\/wp-json\/wp\/v2\/product_cat?post=4237"},{"taxonomy":"product_tag","embeddable":true,"href":"https:\/\/minghanggroup.com\/es\/wp-json\/wp\/v2\/product_tag?post=4237"}],"curies":[{"name":"wp","href":"https:\/\/api.w.org\/{rel}","templated":true}]}}