{"id":4236,"date":"2026-01-04T11:26:54","date_gmt":"2026-01-04T03:26:54","guid":{"rendered":"https:\/\/minghanggroup.com\/?post_type=product&#038;p=4236"},"modified":"2026-01-04T13:35:29","modified_gmt":"2026-01-04T05:35:29","slug":"clear-cologne-empty-bottles-with-metal-lids-bulk","status":"publish","type":"product","link":"https:\/\/minghanggroup.com\/es\/producto\/clear-cologne-empty-bottles-with-metal-lids-bulk\/","title":{"rendered":"Botellas vac\u00edas de colonia transparente de 50 ml y 100 ml con tapas met\u00e1licas al por mayor"},"content":{"rendered":"<p>Esta botella vac\u00eda de colonia est\u00e1 hecha de vidrio pulido, transparente y plana, y su cuerpo es rectangular con esquinas redondeadas. Est\u00e1 disponible en dos tama\u00f1os y tiene tapones negros o dorados, adem\u00e1s de ser personalizable.<\/p>\n<h2>Caracter\u00edsticas del producto<\/h2>\n<ul>\n<li><strong>Carrocer\u00eda inclinada dise\u00f1ada estructuralmente:<\/strong> Se trata de un cuerpo delgado y recto, que tiene bordes biselados y le da un aspecto audaz, moderno y masculino.<\/li>\n<li><strong>Tapas met\u00e1licas de dos tonos:<\/strong> Fabricadas con tapas cil\u00edndricas de metal negro y dorado con un ligero toque de sofisticaci\u00f3n, se ofrecen tapas de metal de dos tonos en ambos sabores para hacerlas atractivas para varios gustos de fragancias.<\/li>\n<li><strong>Doble capacidad:<\/strong> Dos tama\u00f1os de botella se adaptar\u00e1n al uso diario y al almacenamiento conveniente con m\u00e1s flexibilidad y utilidad.<\/li>\n<\/ul>\n<h2 style=\"text-align: left;\">Especificaciones clave<\/h2>\n<table class=\"aligncenter\" style=\"border-collapse: collapse; width: 471.02pt;\" border=\"0\" width=\"628\" cellspacing=\"0\" cellpadding=\"0\">\n<tbody>\n<tr style=\"height: 13.50pt;\">\n<td style=\"height: 13.50pt; width: 130.50pt;\" width=\"174\" height=\"18\">Especificaci\u00f3n<\/td>\n<td style=\"width: 340.50pt;\" width=\"454\">Detalles<\/td>\n<\/tr>\n<tr style=\"height: 13.50pt;\">\n<td style=\"height: 13.50pt;\" height=\"18\">Dimensiones<\/td>\n<td>50 ml: 42 \u00d7 25 \u00d7 92 mm; 100 ml: 53 \u00d7 31 \u00d7 114 mm<\/td>\n<\/tr>\n<tr style=\"height: 13.50pt;\">\n<td style=\"height: 13.50pt;\" height=\"18\">Material<\/td>\n<td>Cuerpo de vidrio transparente; tapa de rosca de metal de alta calidad<\/td>\n<\/tr>\n<tr style=\"height: 13.50pt;\">\n<td style=\"height: 13.50pt;\" height=\"18\">Forma de la botella<\/td>\n<td>Rect\u00e1ngulo alto con bordes biselados de precisi\u00f3n<\/td>\n<\/tr>\n<tr style=\"height: 13.50pt;\">\n<td style=\"height: 13.50pt;\" height=\"18\">Alcance de personalizaci\u00f3n<\/td>\n<td>Esmerilado \/ Mate \/ Serigraf\u00eda \/ Grabado l\u00e1ser<\/td>\n<\/tr>\n<tr style=\"height: 13.50pt;\">\n<td style=\"height: 13.50pt;\" height=\"18\">Prop\u00f3sito del producto<\/td>\n<td>Botellas vac\u00edas de colonia, botellas de fragancia<\/td>\n<\/tr>\n<tr style=\"height: 13.50pt;\">\n<td style=\"height: 13.50pt;\" height=\"18\">Industrias adecuadas<\/td>\n<td>Marcas de cuidado personal, marcas blancas, estudios de fragancias personalizadas<\/td>\n<\/tr>\n<\/tbody>\n<\/table>\n<h2>Historia de \u00e9xito<\/h2>\n<p>Nuestro frasco de colonia en espray de 100 ml fue seleccionado por un negocio de cuidado personal DTC en pleno crecimiento. Este frasco se combin\u00f3 con una tapa negra mate personalizada y un cuerpo de vidrio esmerilado. El dise\u00f1o de borde biselado le proporciona un buen agarre y una sensaci\u00f3n distintiva, elogiado por el 40 % de las opiniones de los clientes. El dise\u00f1o es impermeable y el vidrio es resistente, lo que garantiza un 99,8 % de \u00e9xito en los env\u00edos. La marca qued\u00f3 muy satisfecha con la adaptaci\u00f3n al mercado y la calidad del producto, por lo que realiz\u00f3 un pedido de 300\u00a0000 frascos para distribuir la nueva l\u00ednea de productos y expandirse al mercado internacional.<\/p>\n<h2>Opciones de personalizaci\u00f3n de botellas vac\u00edas de colonia<\/h2>\n<ul>\n<li>Colores y acabados del vidrio: est\u00e1n disponibles en diferentes tonos (\u00e1mbar, gris) y tambi\u00e9n se pueden terminar con acabado esmerilado completo, grabado satinado, etc.<\/li>\n<li>Serigraf\u00eda sobre vidrio: serigraf\u00eda de logotipos, patrones o textos sobre superficies de vidrio planas.<\/li>\n<li>Marcas de volumen elevadas: la parte inferior de la botella tiene marcas de volumen elevadas integradas (por ejemplo, \u201c100 ml\u201d).<\/li>\n<li>Integraci\u00f3n de bomba de pulverizaci\u00f3n: es una integraci\u00f3n de una bomba de pulverizaci\u00f3n de niebla fina que se adapta a la interfaz est\u00e1ndar de la botella.<\/li>\n<\/ul>","protected":false},"excerpt":{"rendered":"<p>Botellas vac\u00edas y espray de colonia para marcas. Fabricadas con vidrio transparente y tapas met\u00e1licas, disponibles para venta al por mayor con env\u00edo r\u00e1pido.<\/p>","protected":false},"featured_media":4241,"template":"","meta":{"postBodyCss":"","postBodyMargin":[],"postBodyPadding":[],"postBodyBackground":{"backgroundType":"classic","gradient":""}},"product_brand":[],"product_cat":[15,16,62],"product_tag":[],"class_list":{"0":"post-4236","1":"product","2":"type-product","3":"status-publish","4":"has-post-thumbnail","6":"product_cat-glass-containers","7":"product_cat-glass-bottles","8":"product_cat-perfume-bottles","10":"first","11":"instock","12":"shipping-taxable","13":"product-type-simple"},"jetpack_sharing_enabled":true,"_links":{"self":[{"href":"https:\/\/minghanggroup.com\/es\/wp-json\/wp\/v2\/product\/4236","targetHints":{"allow":["GET"]}}],"collection":[{"href":"https:\/\/minghanggroup.com\/es\/wp-json\/wp\/v2\/product"}],"about":[{"href":"https:\/\/minghanggroup.com\/es\/wp-json\/wp\/v2\/types\/product"}],"wp:featuredmedia":[{"embeddable":true,"href":"https:\/\/minghanggroup.com\/es\/wp-json\/wp\/v2\/media\/4241"}],"wp:attachment":[{"href":"https:\/\/minghanggroup.com\/es\/wp-json\/wp\/v2\/media?parent=4236"}],"wp:term":[{"taxonomy":"product_brand","embeddable":true,"href":"https:\/\/minghanggroup.com\/es\/wp-json\/wp\/v2\/product_brand?post=4236"},{"taxonomy":"product_cat","embeddable":true,"href":"https:\/\/minghanggroup.com\/es\/wp-json\/wp\/v2\/product_cat?post=4236"},{"taxonomy":"product_tag","embeddable":true,"href":"https:\/\/minghanggroup.com\/es\/wp-json\/wp\/v2\/product_tag?post=4236"}],"curies":[{"name":"wp","href":"https:\/\/api.w.org\/{rel}","templated":true}]}}