{"id":4230,"date":"2026-01-04T10:39:15","date_gmt":"2026-01-04T02:39:15","guid":{"rendered":"https:\/\/minghanggroup.com\/?post_type=product&#038;p=4230"},"modified":"2026-01-04T17:54:13","modified_gmt":"2026-01-04T09:54:13","slug":"small-customizable-perfume-bottles-for-fragrance-brands","status":"publish","type":"product","link":"https:\/\/minghanggroup.com\/es\/producto\/small-customizable-perfume-bottles-for-fragrance-brands\/","title":{"rendered":"Frascos de perfume peque\u00f1os personalizables de 30 ml y 45 ml para marcas de fragancias"},"content":{"rendered":"<p>Tus frascos de perfume peque\u00f1os deben llamar la atenci\u00f3n de tus clientes. Creamos frascos de perfume premium personalizables, dise\u00f1ados para el \u00e9xito en el empaquetado de fragancias, donde cada frasco de perfume de vidrio se convierte en el sello distintivo de tu marca.<\/p>\n<h2>Caracter\u00edsticas del producto<\/h2>\n<ul>\n<li><strong>Silueta triangular limpia:<\/strong>Las l\u00edneas rectas y definidas y una forma triangular uniforme brindan un aspecto arquitect\u00f3nico moderno con una fuerte presencia en el estante.<\/li>\n<li><strong>Cuerpo de vidrio de alta transparencia:<\/strong>El vidrio puro y pesado enfatiza el color real del perfume y, al mismo tiempo, emite una sensaci\u00f3n elegante y lujosa.<\/li>\n<li><strong>Listo para personalizaci\u00f3n:<\/strong>Perfecto para colores personalizados, logotipos impresos o en relieve y cambios de tapa para combinar con diferentes estilos de marca.<\/li>\n<\/ul>\n<h2>Especificaciones clave<\/h2>\n<table style=\"border-collapse: collapse; width: 80%; margin-left: auto; margin-right: auto;\" border=\"0\" width=\"360\" cellspacing=\"0\" cellpadding=\"0\">\n<tbody>\n<tr style=\"height: 13.50pt;\">\n<td style=\"height: 13.5pt; width: 54pt; text-align: center;\" width=\"72\" height=\"18\">Capacidad (ml)<\/td>\n<td style=\"width: 54pt; text-align: center;\" width=\"72\">Dimensiones (mm)<\/td>\n<td style=\"width: 54pt; text-align: center;\" width=\"72\">Calibre<\/td>\n<td style=\"width: 54pt; text-align: center;\" width=\"72\">Color del vidrio<\/td>\n<td style=\"width: 54pt; text-align: center;\" width=\"72\">Opciones de bomba<\/td>\n<\/tr>\n<tr style=\"height: 13.50pt;\">\n<td style=\"height: 13.5pt; text-align: center;\" align=\"right\" height=\"18\">30<\/td>\n<td style=\"text-align: center;\">38 x 38 x 80<\/td>\n<td class=\"et2\" style=\"text-align: center;\" rowspan=\"2\">15 mm<\/td>\n<td class=\"et2\" style=\"text-align: center;\" rowspan=\"2\">Transparente<\/td>\n<td class=\"et2\" style=\"text-align: center;\" rowspan=\"2\">Oro, Plata<\/td>\n<\/tr>\n<tr style=\"height: 13.50pt;\">\n<td style=\"height: 13.5pt; text-align: center;\" align=\"right\" height=\"18\">45<\/td>\n<td style=\"text-align: center;\">38 x 38 x 116<\/td>\n<\/tr>\n<\/tbody>\n<\/table>\n<h2>Caso de \u00e9xito<\/h2>\n<p>Una marca de perfumes quer\u00eda renovar el empaque de su l\u00ednea cl\u00e1sica de fragancias de una forma \u00fanica. Tras probar varias opciones de empaque, la marca decidi\u00f3 optar por nuestros frascos de perfume de vidrio peque\u00f1os y realiz\u00f3 un pedido inicial de 5000 unidades. Para reflejar su identidad de marca, decor\u00f3 los frascos con un logotipo grabado en relieve en la parte frontal y un color de vidrio personalizado.<\/p>\n<p>La marca, con la ayuda de un nuevo empaque, logr\u00f3 un aumento del 32% en las ventas en tres meses, y los pedidos repetidos de los distribuidores aumentaron en un 65%, por lo tanto, la marca tuvo tres repedidos de las botellas peque\u00f1as de perfume en seis meses.<\/p>\n<h2>Sus opciones de personalizaci\u00f3n<\/h2>\n<ol>\n<li><strong>Logotipo en relieve o bajo relieve:<\/strong> Agregue un logotipo elevado o empotrado en la superficie de la botella para aumentar el reconocimiento de la marca.<\/li>\n<li><strong>Color de botella personalizado:<\/strong> Elija entre vidrio transparente, esmerilado o tintado personalizado que armonice con los diferentes conceptos o colecciones de fragancias.<\/li>\n<li><strong>T\u00e9cnicas de decoraci\u00f3n de superficies:<\/strong> Decore con seda, serigraf\u00eda, estampaci\u00f3n en caliente o impresi\u00f3n UV para logotipos, patrones o texto.<\/li>\n<\/ol>","protected":false},"excerpt":{"rendered":"<p>Frascos de perfume peque\u00f1os con dise\u00f1o transparente. Suministro directo de f\u00e1brica, muestras gratuitas, pedidos al por mayor y frascos de perfume personalizables para una identidad de marca \u00fanica.<\/p>","protected":false},"featured_media":4235,"template":"","meta":{"postBodyCss":"","postBodyMargin":[],"postBodyPadding":[],"postBodyBackground":{"backgroundType":"classic","gradient":""}},"product_brand":[],"product_cat":[15,16,62],"product_tag":[],"class_list":{"0":"post-4230","1":"product","2":"type-product","3":"status-publish","4":"has-post-thumbnail","6":"product_cat-glass-containers","7":"product_cat-glass-bottles","8":"product_cat-perfume-bottles","10":"first","11":"instock","12":"shipping-taxable","13":"product-type-simple"},"jetpack_sharing_enabled":true,"_links":{"self":[{"href":"https:\/\/minghanggroup.com\/es\/wp-json\/wp\/v2\/product\/4230","targetHints":{"allow":["GET"]}}],"collection":[{"href":"https:\/\/minghanggroup.com\/es\/wp-json\/wp\/v2\/product"}],"about":[{"href":"https:\/\/minghanggroup.com\/es\/wp-json\/wp\/v2\/types\/product"}],"wp:featuredmedia":[{"embeddable":true,"href":"https:\/\/minghanggroup.com\/es\/wp-json\/wp\/v2\/media\/4235"}],"wp:attachment":[{"href":"https:\/\/minghanggroup.com\/es\/wp-json\/wp\/v2\/media?parent=4230"}],"wp:term":[{"taxonomy":"product_brand","embeddable":true,"href":"https:\/\/minghanggroup.com\/es\/wp-json\/wp\/v2\/product_brand?post=4230"},{"taxonomy":"product_cat","embeddable":true,"href":"https:\/\/minghanggroup.com\/es\/wp-json\/wp\/v2\/product_cat?post=4230"},{"taxonomy":"product_tag","embeddable":true,"href":"https:\/\/minghanggroup.com\/es\/wp-json\/wp\/v2\/product_tag?post=4230"}],"curies":[{"name":"wp","href":"https:\/\/api.w.org\/{rel}","templated":true}]}}