{"id":4225,"date":"2025-12-31T11:26:29","date_gmt":"2025-12-31T03:26:29","guid":{"rendered":"https:\/\/minghanggroup.com\/?post_type=product&#038;p=4225"},"modified":"2025-12-31T11:55:45","modified_gmt":"2025-12-31T03:55:45","slug":"round-glass-perfume-containers-with-metal-lids-bulk","status":"publish","type":"product","link":"https:\/\/minghanggroup.com\/es\/producto\/round-glass-perfume-containers-with-metal-lids-bulk\/","title":{"rendered":"Envases redondos de vidrio para perfumes de 30 ml, 50 ml y 80 ml con tapas met\u00e1licas a granel"},"content":{"rendered":"<p>El frasco redondo de perfume est\u00e1 elaborado con vidrio liso transparente, y la base est\u00e1 engrosada para proporcionar una gran estabilidad y las tapas de metal son cil\u00edndricas.<\/p>\n<h2>Caracter\u00edsticas del producto<\/h2>\n<ul>\n<li><strong>Botella esf\u00e9rica de tacto suave:<\/strong> El dise\u00f1o esf\u00e9rico y liso de la botella de vidrio tiene una est\u00e9tica suave y es m\u00e1s f\u00e1cil de sostener.<\/li>\n<li><strong>Tapas de metal multicolor:<\/strong> Viene con tapas met\u00e1licas negras, doradas y plateadas que son cil\u00edndricas y ofrecen una alternativa de estilo sorprendente adem\u00e1s de mejorar la sofisticaci\u00f3n del producto.<\/li>\n<li><strong>Tres tama\u00f1os:<\/strong> El producto est\u00e1 disponible en tama\u00f1os de 30 ml, 50 ml y 80 ml para satisfacer los requisitos de tama\u00f1os de prueba, fragancias diarias y regalos perfectos.<\/li>\n<\/ul>\n<h2 style=\"text-align: left;\">Especificaciones clave<\/h2>\n<table class=\"aligncenter\" style=\"border-collapse: collapse; width: 482.27pt;\" border=\"0\" width=\"643\" cellspacing=\"0\" cellpadding=\"0\">\n<tbody>\n<tr style=\"height: 13.50pt;\">\n<td style=\"height: 13.50pt; width: 131.25pt;\" width=\"175\" height=\"18\">Especificaci\u00f3n<\/td>\n<td style=\"width: 351.00pt;\" width=\"468\">Detalles<\/td>\n<\/tr>\n<tr style=\"height: 13.50pt;\">\n<td style=\"height: 13.50pt;\" height=\"18\">Dimensiones<\/td>\n<td>30 ml: 50 \u00d7 64 mm; 50 ml: 57 \u00d7 63 mm; 80 ml: 70 \u00d7 75 mm<\/td>\n<\/tr>\n<tr style=\"height: 13.50pt;\">\n<td style=\"height: 13.50pt;\" height=\"18\">Material<\/td>\n<td>Cuerpo de vidrio transparente; tapas cil\u00edndricas de metal negro\/dorado\/plateado<\/td>\n<\/tr>\n<tr style=\"height: 13.50pt;\">\n<td style=\"height: 13.50pt;\" height=\"18\">Forma de la botella<\/td>\n<td>Esfera con base ponderada (dise\u00f1o de exhibici\u00f3n estable)<\/td>\n<\/tr>\n<tr style=\"height: 13.50pt;\">\n<td style=\"height: 13.50pt;\" height=\"18\">Caracter\u00edstica de la artesan\u00eda<\/td>\n<td>Soplado de vidrio esf\u00e9rico de precisi\u00f3n, moldeo de base ponderada<\/td>\n<\/tr>\n<tr style=\"height: 13.50pt;\">\n<td style=\"height: 13.50pt;\" height=\"18\">Ideal para<\/td>\n<td>Envases de perfume, frascos de perfume redondos a granel<\/td>\n<\/tr>\n<\/tbody>\n<\/table>\n<h2>Historia de \u00e9xito<\/h2>\n<p>Una marca coreana de moda en belleza y estilo de vida anunci\u00f3 su primera gama de perfumes. Eligieron nuestro envase redondo de 50 ml, acompa\u00f1ado de un tap\u00f3n en tonos suaves. Este encantador perfume redondo fue un \u00e9xito inmediato, incrementando sus menciones en redes sociales en un 500 % durante el primer mes desde su lanzamiento. La distintiva forma del frasco se ha convertido en una de las se\u00f1as de identidad de la marca, y el 90 % de sus consumidores objetivo la identifican sin necesidad de recordatorio. La marca ha continuado este \u00e9xito masivo con pedidos adicionales de 600\u00a0000 frascos para expandirse en el mercado global.<\/p>\n<h2>Opciones de embotellado de perfumes en botellas redondas<\/h2>\n<ul>\n<li>Color de tapa de metal personalizado: el PVD en la tapa se puede personalizar con el color de una marca o temporada.<\/li>\n<li>Color y transparencia del vidrio: las botellas de vidrio esf\u00e9ricas vienen en una variedad de acabados (rosa, azul, \u00e1mbar) o esmerilados.<\/li>\n<li>Serigraf\u00eda sobre vidrio \u2013 Vidrio curvo: Imprima logotipos, patrones o textos simples sobre la superficie.<\/li>\n<li>Grabado l\u00e1ser: grabe im\u00e1genes detalladas, constelaciones o combinaciones de letras sobre vidrio.<\/li>\n<\/ul>","protected":false},"excerpt":{"rendered":"<p>Frasco redondo de perfume con vidrio transparente y tap\u00f3n met\u00e1lico. Dise\u00f1o esf\u00e9rico liso, disponible en varios tama\u00f1os. Suministro directo de f\u00e1brica para las marcas.<\/p>","protected":false},"featured_media":4226,"template":"","meta":{"postBodyCss":"","postBodyMargin":[],"postBodyPadding":[],"postBodyBackground":{"backgroundType":"classic","gradient":""}},"product_brand":[],"product_cat":[15,16,62],"product_tag":[],"class_list":{"0":"post-4225","1":"product","2":"type-product","3":"status-publish","4":"has-post-thumbnail","6":"product_cat-glass-containers","7":"product_cat-glass-bottles","8":"product_cat-perfume-bottles","10":"first","11":"instock","12":"shipping-taxable","13":"product-type-simple"},"jetpack_sharing_enabled":true,"_links":{"self":[{"href":"https:\/\/minghanggroup.com\/es\/wp-json\/wp\/v2\/product\/4225","targetHints":{"allow":["GET"]}}],"collection":[{"href":"https:\/\/minghanggroup.com\/es\/wp-json\/wp\/v2\/product"}],"about":[{"href":"https:\/\/minghanggroup.com\/es\/wp-json\/wp\/v2\/types\/product"}],"wp:featuredmedia":[{"embeddable":true,"href":"https:\/\/minghanggroup.com\/es\/wp-json\/wp\/v2\/media\/4226"}],"wp:attachment":[{"href":"https:\/\/minghanggroup.com\/es\/wp-json\/wp\/v2\/media?parent=4225"}],"wp:term":[{"taxonomy":"product_brand","embeddable":true,"href":"https:\/\/minghanggroup.com\/es\/wp-json\/wp\/v2\/product_brand?post=4225"},{"taxonomy":"product_cat","embeddable":true,"href":"https:\/\/minghanggroup.com\/es\/wp-json\/wp\/v2\/product_cat?post=4225"},{"taxonomy":"product_tag","embeddable":true,"href":"https:\/\/minghanggroup.com\/es\/wp-json\/wp\/v2\/product_tag?post=4225"}],"curies":[{"name":"wp","href":"https:\/\/api.w.org\/{rel}","templated":true}]}}