{"id":4213,"date":"2025-12-31T10:25:29","date_gmt":"2025-12-31T02:25:29","guid":{"rendered":"https:\/\/minghanggroup.com\/?post_type=product&#038;p=4213"},"modified":"2025-12-31T12:12:05","modified_gmt":"2025-12-31T04:12:05","slug":"glass-square-cologne-bottles-with-sprayer-lids-wholesale","status":"publish","type":"product","link":"https:\/\/minghanggroup.com\/es\/producto\/glass-square-cologne-bottles-with-sprayer-lids-wholesale\/","title":{"rendered":"Botellas de vidrio cuadradas de colonia de 50 ml y 100 ml con tapas pulverizadoras, venta al por mayor"},"content":{"rendered":"<p>Tus frascos de colonia cuadrados deber\u00edan llamar la atenci\u00f3n de tus clientes. Fabricamos envases de perfume premium al por mayor, dise\u00f1ados para el \u00e9xito en el envasado de fragancias, donde cada frasco de perfume de vidrio se convierte en la se\u00f1a de identidad de tu marca.<\/p>\n<h2>Caracter\u00edsticas del producto<\/h2>\n<ul>\n<li><strong>Forma cuadrada elegante:<\/strong> La botella de vidrio de forma cuadrada presenta l\u00edneas limpias y \u00e1ngulos agudos, lo que le da al dise\u00f1o general un aspecto sofisticado y elegante con un fuerte atractivo visual.<\/li>\n<li><strong>Vidrio de pared gruesa y de alta transparencia:<\/strong> El vidrio de paredes gruesas y de alta transparencia no solo proporciona una claridad excepcional, sino que tambi\u00e9n es muy eficaz para revelar el color del perfume, lo que hace que toda la presentaci\u00f3n sea de naturaleza lujosa.<\/li>\n<li><strong>Exquisita tapa de metal:<\/strong> La tapa de metal galvanizado con su superficie lisa y brillante crea un bonito contraste con la botella de vidrio y, por lo tanto, el atractivo visual general se eleva a un nivel superior.<\/li>\n<\/ul>\n<h2>Especificaciones clave<\/h2>\n<table style=\"border-collapse: collapse; width: 80%; margin-left: auto; margin-right: auto;\" border=\"0\" width=\"360\" cellspacing=\"0\" cellpadding=\"0\">\n<tbody>\n<tr style=\"height: 13.50pt;\">\n<td style=\"height: 13.5pt; width: 54pt; text-align: center;\" width=\"72\" height=\"18\">Capacidad (ml)<\/td>\n<td style=\"width: 54pt; text-align: center;\" width=\"72\">Dimensiones (mm)<\/td>\n<td style=\"width: 54pt; text-align: center;\" width=\"72\">Calibre<\/td>\n<td style=\"width: 54pt; text-align: center;\" width=\"72\">Tipo de sello<\/td>\n<td style=\"width: 54pt; text-align: center;\" width=\"72\">Opciones de bomba<\/td>\n<\/tr>\n<tr style=\"height: 13.50pt;\">\n<td style=\"height: 13.5pt; text-align: center;\" align=\"right\" height=\"18\">50<\/td>\n<td style=\"text-align: center;\">38 x 38 x 80<\/td>\n<td class=\"et2\" style=\"text-align: center;\" rowspan=\"2\">15 mm<\/td>\n<td class=\"et2\" style=\"text-align: center;\" rowspan=\"2\">Cuello engarzado<\/td>\n<td class=\"et2\" style=\"text-align: center;\" rowspan=\"2\">Oro, Plata, Negro<\/td>\n<\/tr>\n<tr style=\"height: 13.50pt;\">\n<td style=\"height: 13.5pt; text-align: center;\" align=\"right\" height=\"18\">100<\/td>\n<td style=\"text-align: center;\">38 x 38 x 116<\/td>\n<\/tr>\n<\/tbody>\n<\/table>\n<h2>Caso de \u00e9xito<\/h2>\n<p>Una marca de fragancias hab\u00eda creado sus aromas meticulosamente, pero los frascos originales eran demasiado comunes para reflejar el posicionamiento premium de la marca. Buscando una mejora, la marca eligi\u00f3 nuestros frascos de perfume cuadrados de vidrio y realiz\u00f3 una primera compra de 5000 unidades. Los frascos se personalizaron con un logotipo grabado en relieve en el panel frontal y un cuerpo de vidrio tintado para combinar con la nueva colecci\u00f3n de fragancias, junto con tapones de metal galvanizado. El efecto fue inmediato: la elegante forma y los detalles personalizados realzaron la presencia en los estantes, lo que result\u00f3 en un aumento del 30% en las ventas minoristas en tres meses. La l\u00ednea se ha ampliado recientemente con tama\u00f1os de prueba m\u00e1s peque\u00f1os para sets de viaje.<\/p>\n<h2>Su ruta de personalizaci\u00f3n<\/h2>\n<ol>\n<li><strong>Colores de la bomba:<\/strong>Combine los colores de los atomizadores con la personalidad de su marca (dorado para una sensaci\u00f3n lujosa, plateado para una contempor\u00e1nea).<\/li>\n<li><strong>Colocaci\u00f3n de etiquetas:<\/strong>Imprima su logotipo en la botella de vidrio cuadrada minimalista para que la marca sea reconocida de inmediato.<\/li>\n<li><strong>Decoraci\u00f3n Premium:<\/strong>Introduzca elegantes toques de papel dorado que no opaquen la transparencia del vidrio.<\/li>\n<\/ol>","protected":false},"excerpt":{"rendered":"<p>Frascos cuadrados de colonia de vidrio grueso transparente con atomizador. Suministro directo de envases de perfume al por mayor, con dise\u00f1os personalizados y flexibles.<\/p>","protected":false},"featured_media":4224,"template":"","meta":{"postBodyCss":"","postBodyMargin":[],"postBodyPadding":[],"postBodyBackground":{"backgroundType":"classic","gradient":""}},"product_brand":[],"product_cat":[15,16,62],"product_tag":[],"class_list":{"0":"post-4213","1":"product","2":"type-product","3":"status-publish","4":"has-post-thumbnail","6":"product_cat-glass-containers","7":"product_cat-glass-bottles","8":"product_cat-perfume-bottles","10":"first","11":"instock","12":"shipping-taxable","13":"product-type-simple"},"jetpack_sharing_enabled":true,"_links":{"self":[{"href":"https:\/\/minghanggroup.com\/es\/wp-json\/wp\/v2\/product\/4213","targetHints":{"allow":["GET"]}}],"collection":[{"href":"https:\/\/minghanggroup.com\/es\/wp-json\/wp\/v2\/product"}],"about":[{"href":"https:\/\/minghanggroup.com\/es\/wp-json\/wp\/v2\/types\/product"}],"wp:featuredmedia":[{"embeddable":true,"href":"https:\/\/minghanggroup.com\/es\/wp-json\/wp\/v2\/media\/4224"}],"wp:attachment":[{"href":"https:\/\/minghanggroup.com\/es\/wp-json\/wp\/v2\/media?parent=4213"}],"wp:term":[{"taxonomy":"product_brand","embeddable":true,"href":"https:\/\/minghanggroup.com\/es\/wp-json\/wp\/v2\/product_brand?post=4213"},{"taxonomy":"product_cat","embeddable":true,"href":"https:\/\/minghanggroup.com\/es\/wp-json\/wp\/v2\/product_cat?post=4213"},{"taxonomy":"product_tag","embeddable":true,"href":"https:\/\/minghanggroup.com\/es\/wp-json\/wp\/v2\/product_tag?post=4213"}],"curies":[{"name":"wp","href":"https:\/\/api.w.org\/{rel}","templated":true}]}}