{"id":4208,"date":"2025-12-30T15:33:11","date_gmt":"2025-12-30T07:33:11","guid":{"rendered":"https:\/\/minghanggroup.com\/?post_type=product&#038;p=4208"},"modified":"2025-12-30T16:53:58","modified_gmt":"2025-12-30T08:53:58","slug":"clear-glass-cologne-bottles-with-metal-lids-bulk","status":"publish","type":"product","link":"https:\/\/minghanggroup.com\/es\/producto\/clear-glass-cologne-bottles-with-metal-lids-bulk\/","title":{"rendered":"Botellas de colonia de vidrio transparente con tapas met\u00e1licas (30 ml, 50 ml y 100 ml)"},"content":{"rendered":"<p>Este frasco de colonia, de forma redonda y cuadrada, presenta bordes redondeados. Su estructura sencilla y su tap\u00f3n met\u00e1lico abovedado, con forma cuadrada y minimalista, ofrecen un contraste impresionante.<\/p>\n<h2>Caracter\u00edsticas del producto<\/h2>\n<ul>\n<li><strong>Varios tama\u00f1os:<\/strong> Tiene diferentes tama\u00f1os que se pueden adquirir para almacenar fragancia dependiendo de las necesidades, ya sea compra personal o al por mayor.<\/li>\n<li><strong>Tapas met\u00e1licas:<\/strong> Hay tapas met\u00e1licas cuadradas de color plata, oro y negro con varios estilos que hacen que el producto sea fino y moderno.<\/li>\n<li><strong>Cuerpo de botella cuadrado redondeado:<\/strong> Las esquinas redondeadas del cuerpo cuadrado y cil\u00edndrico de la botella tienen l\u00edneas suaves para que sea m\u00e1s c\u00f3modo y f\u00e1cil de sostener o exhibir.<\/li>\n<\/ul>\n<h2 style=\"text-align: left;\">Especificaciones clave<\/h2>\n<table class=\"aligncenter\" style=\"border-collapse: collapse; width: 434.27pt;\" border=\"0\" width=\"579\" cellspacing=\"0\" cellpadding=\"0\">\n<tbody>\n<tr style=\"height: 13.50pt;\">\n<td style=\"height: 13.50pt; width: 82.50pt;\" width=\"110\" height=\"18\">Especificaci\u00f3n<\/td>\n<td style=\"width: 351.75pt;\" width=\"469\">Detalles<\/td>\n<\/tr>\n<tr style=\"height: 13.50pt;\">\n<td style=\"height: 13.50pt;\" height=\"18\">Dimensiones<\/td>\n<td>30 ml: 56 \u00d7 28 \u00d7 70 mm; 50 ml: 63 \u00d7 31 \u00d7 79 mm; 100 ml: 76 \u00d7 38 \u00d7 98 mm<\/td>\n<\/tr>\n<tr style=\"height: 13.50pt;\">\n<td style=\"height: 13.50pt;\" height=\"18\">Material<\/td>\n<td>Cuerpo de vidrio transparente; tapas de metal plateadas, doradas y negras<\/td>\n<\/tr>\n<tr style=\"height: 13.50pt;\">\n<td style=\"height: 13.50pt;\" height=\"18\">Forma de la botella<\/td>\n<td>Prisma cuadrado redondeado (moldeo de bordes suaves)<\/td>\n<\/tr>\n<tr style=\"height: 13.50pt;\">\n<td style=\"height: 13.50pt;\" height=\"18\">Tipo de cierre<\/td>\n<td>Tap\u00f3n de rosca met\u00e1lico cuadrado (sellado herm\u00e9tico seguro)<\/td>\n<\/tr>\n<tr style=\"height: 13.50pt;\">\n<td style=\"height: 13.50pt;\" height=\"18\">Ideal para<\/td>\n<td>Botellas de colonia al por mayor, botellas de perfume al por mayor<\/td>\n<\/tr>\n<\/tbody>\n<\/table>\n<h2>Historia de \u00e9xito<\/h2>\n<p>Una de las empresas m\u00e1s populares que promociona productos masculinos directamente al consumidor se aventur\u00f3 en el mercado de las fragancias. Decidieron usar nuestros frascos de colonia para envasar sus tres primeras fragancias, cada una acompa\u00f1ada de un tap\u00f3n de un color espec\u00edfico. El cuerpo redondo y cuadrado del frasco fue muy popular; el 85 % de los comentarios de los clientes incluyeron la frase &#034;excelente tacto&#034;. El dise\u00f1o sencillo triplic\u00f3 las comparticiones en redes sociales en comparaci\u00f3n con otros productos. Gracias a esto, la marca realiz\u00f3 un nuevo pedido de 400.000 frascos.<\/p>\n<h2>Opciones de personalizaci\u00f3n de botellas de colonia al por mayor<\/h2>\n<ul>\n<li>Colores de tapa de metal personalizados: seleccione el revestimiento PVD en la tapa seg\u00fan una tabla de colores Pantone de su marca.<\/li>\n<li>Colores de botellas de vidrio: Las botellas de vidrio est\u00e1n disponibles en botellas de vidrio de colores, que incluyen \u00e1mbar, gris humo o azul cobalto.<\/li>\n<li>Serigraf\u00eda en vidrio: imprima su logotipo, dise\u00f1o o incluso texto en la parte plana de la botella de vidrio.<\/li>\n<li>Acabado de vidrio esmerilado: proporciona una sensaci\u00f3n suave y de alta gama con un acabado completamente esmerilado o un acabado esmerilado degradado.<\/li>\n<\/ul>","protected":false},"excerpt":{"rendered":"<p>Moderna botella de colonia transparente en varios tama\u00f1os y colores de tap\u00f3n. Botellas de colonia al por mayor con env\u00edo r\u00e1pido, perfectas para marcas de fragancias y marcas blancas.<\/p>","protected":false},"featured_media":4215,"template":"","meta":{"postBodyCss":"","postBodyMargin":[],"postBodyPadding":[],"postBodyBackground":{"backgroundType":"classic","gradient":""}},"product_brand":[],"product_cat":[15,16,62],"product_tag":[],"class_list":{"0":"post-4208","1":"product","2":"type-product","3":"status-publish","4":"has-post-thumbnail","6":"product_cat-glass-containers","7":"product_cat-glass-bottles","8":"product_cat-perfume-bottles","10":"first","11":"instock","12":"shipping-taxable","13":"product-type-simple"},"jetpack_sharing_enabled":true,"_links":{"self":[{"href":"https:\/\/minghanggroup.com\/es\/wp-json\/wp\/v2\/product\/4208","targetHints":{"allow":["GET"]}}],"collection":[{"href":"https:\/\/minghanggroup.com\/es\/wp-json\/wp\/v2\/product"}],"about":[{"href":"https:\/\/minghanggroup.com\/es\/wp-json\/wp\/v2\/types\/product"}],"wp:featuredmedia":[{"embeddable":true,"href":"https:\/\/minghanggroup.com\/es\/wp-json\/wp\/v2\/media\/4215"}],"wp:attachment":[{"href":"https:\/\/minghanggroup.com\/es\/wp-json\/wp\/v2\/media?parent=4208"}],"wp:term":[{"taxonomy":"product_brand","embeddable":true,"href":"https:\/\/minghanggroup.com\/es\/wp-json\/wp\/v2\/product_brand?post=4208"},{"taxonomy":"product_cat","embeddable":true,"href":"https:\/\/minghanggroup.com\/es\/wp-json\/wp\/v2\/product_cat?post=4208"},{"taxonomy":"product_tag","embeddable":true,"href":"https:\/\/minghanggroup.com\/es\/wp-json\/wp\/v2\/product_tag?post=4208"}],"curies":[{"name":"wp","href":"https:\/\/api.w.org\/{rel}","templated":true}]}}